{"id":782,"date":"2026-02-24T14:39:38","date_gmt":"2026-02-24T13:39:38","guid":{"rendered":"https:\/\/aarbakke.wp1.hcweb.dev\/?page_id=782"},"modified":"2026-04-20T08:16:41","modified_gmt":"2026-04-20T06:16:41","slug":"ethical-guidelines","status":"publish","type":"page","link":"https:\/\/www.aarbakke.no\/nb\/ethical-guidelines\/","title":{"rendered":"Etiske retningslinjer"},"content":{"rendered":"<section class=\"bde-section-782-100 bde-section\">\n  \n  \n\t\n\n\n\n<div class=\"section-container\"><div class=\"bde-div-782-101 bde-div\">\n  \n  \n\t\n\n\n\n<h2 class=\"bde-heading-782-103 bde-heading\">\nETISKE RETNINGSLINJER\n<\/h2>\n<\/div><div class=\"bde-div-782-104 bde-div\">\n  \n  \n\t\n\n\n\n\n<\/div><\/div>\n<\/section><section class=\"bde-section-782-105 bde-section\">\n  \n  \n\t\n\n\n\n<div class=\"section-container\"><h2 class=\"bde-heading-782-106 bde-heading\" data-entrance=\"fade\">\nV\u00e5re prinsipper\n<\/h2><h3 class=\"bde-heading-782-107 bde-heading\" data-entrance=\"fade\">\nHva vi gj\u00f8r \u2014 og hvordan vi gj\u00f8r det\n<\/h3><div class=\"bde-div-782-108 bde-div\">\n  \n  \n\t\n\n\n\n<div class=\"bde-div-782-109 bde-div\">\n  \n  \n\t\n\n\n\n<div class=\"bde-text-782-110 bde-text translation-block\" data-entrance=\"fade\"><b>Gaver og sosiale arrangementer<\/b><br>Kvalitet, pris og tilgjengelighet er de eneste avgj\u00f8rende kriteriene for salg og innkj\u00f8p i Aarbakke. Moderate gaver, gjestfrihet og sosiale sammenkomster anses som en akseptabel del av forretningsdrift. Vi dekker alltid v\u00e5re egne reiseutgifter i forbindelse med m\u00f8ter og arrangementer.<br><br><b>Rettferdig konkurranse<\/b><br>Aarbakke st\u00f8tter \u00e5pen og rettferdig konkurranse i samsvar med nasjonale og internasjonale konkurranseregler.<br><br><b>Forretningspraksis<\/b><br>Ansatte i Aarbakke forventes \u00e5 v\u00e6re rettferdige og respektfulle i alle forretningsforhold. Vi skal alltid etterstrebe \u00e5 holde avtaler og oppfylle v\u00e5re forpliktelser overfor kunder og leverand\u00f8rer.<br><br><b>Interessekonflikt<\/b><br>Ansatte m\u00e5 unng\u00e5 situasjoner der det kan oppst\u00e5 konflikter mellom egne personlige og\/eller \u00f8konomiske interesser og Aarbakkes interesser.<br><br><b>Omd\u00f8mme<\/b><br>Aarbakkes bedriftskultur er basert p\u00e5 \u00e6rlighet, respekt for andre og gode forretningsprinsipper.<br><br><b>Arbeidsmoral<\/b><br>Ansatte i Aarbakke forventes \u00e5 ha h\u00f8y arbeidsmoral. Personlige aktiviteter skal ikke forekomme i arbeidstiden.<br><br><b>IT<\/b><br>Ansatte forventes \u00e5 behandle Aarbakkes eiendom og utstyr med omtanke. Kolleger, arbeidsgivere, kunder eller samarbeidspartnere skal ikke omtales negativt i sosiale medier.<br><br><b>Rusmidler<\/b><br>Aarbakke er en rusfri arbeidsplass. Det er uakseptabelt \u00e5 v\u00e6re p\u00e5virket av rusmidler eller illegale stoffer mens man er ansatt i Aarbakke.<\/div>\n<\/div>\n<\/div><\/div>\n<\/section>","protected":false},"excerpt":{"rendered":"<p>ETHICAL GUIDELINES Our principles What we do \u2014 and how we do it Gifts and social eventsQuality, price and availability are the only decisive criteria for sales and procurement in Aarbakke. Moderate gifts, hospitality and socialization is regarded as an acceptable part of doing business. We always cover our own travel expenses going to business [&hellip;]<\/p>\n","protected":false},"author":2,"featured_media":0,"parent":0,"menu_order":0,"comment_status":"closed","ping_status":"closed","template":"","meta":{"_acf_changed":false,"_breakdance_hide_in_design_set":false,"_breakdance_tags":"","footnotes":""},"class_list":["post-782","page","type-page","status-publish","hentry"],"acf":[],"yoast_head":"<!-- This site is optimized with the Yoast SEO plugin v27.0 - https:\/\/yoast.com\/product\/yoast-seo-wordpress\/ -->\n<title>Ethical Guidelines - Aarbakke<\/title>\n<meta name=\"robots\" content=\"index, follow, max-snippet:-1, max-image-preview:large, max-video-preview:-1\" \/>\n<link rel=\"canonical\" href=\"https:\/\/www.aarbakke.no\/nb\/ethical-guidelines\/\" \/>\n<meta property=\"og:locale\" content=\"nb_NO\" \/>\n<meta property=\"og:type\" content=\"article\" \/>\n<meta property=\"og:title\" content=\"Ethical Guidelines - Aarbakke\" \/>\n<meta property=\"og:description\" content=\"ETHICAL GUIDELINES Our principles What we do \u2014 and how we do it Gifts and social eventsQuality, price and availability are the only decisive criteria for sales and procurement in Aarbakke. Moderate gifts, hospitality and socialization is regarded as an acceptable part of doing business. We always cover our own travel expenses going to business [&hellip;]\" \/>\n<meta property=\"og:url\" content=\"https:\/\/www.aarbakke.no\/nb\/ethical-guidelines\/\" \/>\n<meta property=\"og:site_name\" content=\"Aarbakke\" \/>\n<meta property=\"article:modified_time\" content=\"2026-04-20T06:16:41+00:00\" \/>\n<meta name=\"twitter:card\" content=\"summary_large_image\" \/>\n<script type=\"application\/ld+json\" class=\"yoast-schema-graph\">{\"@context\":\"https:\/\/schema.org\",\"@graph\":[{\"@type\":\"WebPage\",\"@id\":\"https:\/\/www.aarbakke.no\/ethical-guidelines\/\",\"url\":\"https:\/\/www.aarbakke.no\/ethical-guidelines\/\",\"name\":\"Ethical Guidelines - Aarbakke\",\"isPartOf\":{\"@id\":\"https:\/\/www.aarbakke.no\/#website\"},\"datePublished\":\"2026-02-24T13:39:38+00:00\",\"dateModified\":\"2026-04-20T06:16:41+00:00\",\"breadcrumb\":{\"@id\":\"https:\/\/www.aarbakke.no\/ethical-guidelines\/#breadcrumb\"},\"inLanguage\":\"nb-NO\",\"potentialAction\":[{\"@type\":\"ReadAction\",\"target\":[\"https:\/\/www.aarbakke.no\/ethical-guidelines\/\"]}]},{\"@type\":\"BreadcrumbList\",\"@id\":\"https:\/\/www.aarbakke.no\/ethical-guidelines\/#breadcrumb\",\"itemListElement\":[{\"@type\":\"ListItem\",\"position\":1,\"name\":\"Home\",\"item\":\"https:\/\/www.aarbakke.no\/\"},{\"@type\":\"ListItem\",\"position\":2,\"name\":\"Ethical Guidelines\"}]},{\"@type\":\"WebSite\",\"@id\":\"https:\/\/www.aarbakke.no\/#website\",\"url\":\"https:\/\/www.aarbakke.no\/\",\"name\":\"Aarbakke\",\"description\":\"\",\"potentialAction\":[{\"@type\":\"SearchAction\",\"target\":{\"@type\":\"EntryPoint\",\"urlTemplate\":\"https:\/\/www.aarbakke.no\/?s={search_term_string}\"},\"query-input\":{\"@type\":\"PropertyValueSpecification\",\"valueRequired\":true,\"valueName\":\"search_term_string\"}}],\"inLanguage\":\"nb-NO\"}]}<\/script>\n<!-- \/ Yoast SEO plugin. -->","yoast_head_json":{"title":"Ethical Guidelines - Aarbakke","robots":{"index":"index","follow":"follow","max-snippet":"max-snippet:-1","max-image-preview":"max-image-preview:large","max-video-preview":"max-video-preview:-1"},"canonical":"https:\/\/www.aarbakke.no\/nb\/ethical-guidelines\/","og_locale":"nb_NO","og_type":"article","og_title":"Ethical Guidelines - Aarbakke","og_description":"ETHICAL GUIDELINES Our principles What we do \u2014 and how we do it Gifts and social eventsQuality, price and availability are the only decisive criteria for sales and procurement in Aarbakke. Moderate gifts, hospitality and socialization is regarded as an acceptable part of doing business. We always cover our own travel expenses going to business [&hellip;]","og_url":"https:\/\/www.aarbakke.no\/nb\/ethical-guidelines\/","og_site_name":"Aarbakke","article_modified_time":"2026-04-20T06:16:41+00:00","twitter_card":"summary_large_image","schema":{"@context":"https:\/\/schema.org","@graph":[{"@type":"WebPage","@id":"https:\/\/www.aarbakke.no\/ethical-guidelines\/","url":"https:\/\/www.aarbakke.no\/ethical-guidelines\/","name":"Ethical Guidelines - Aarbakke","isPartOf":{"@id":"https:\/\/www.aarbakke.no\/#website"},"datePublished":"2026-02-24T13:39:38+00:00","dateModified":"2026-04-20T06:16:41+00:00","breadcrumb":{"@id":"https:\/\/www.aarbakke.no\/ethical-guidelines\/#breadcrumb"},"inLanguage":"nb-NO","potentialAction":[{"@type":"ReadAction","target":["https:\/\/www.aarbakke.no\/ethical-guidelines\/"]}]},{"@type":"BreadcrumbList","@id":"https:\/\/www.aarbakke.no\/ethical-guidelines\/#breadcrumb","itemListElement":[{"@type":"ListItem","position":1,"name":"Home","item":"https:\/\/www.aarbakke.no\/"},{"@type":"ListItem","position":2,"name":"Ethical Guidelines"}]},{"@type":"WebSite","@id":"https:\/\/www.aarbakke.no\/#website","url":"https:\/\/www.aarbakke.no\/","name":"Aarbakke","description":"","potentialAction":[{"@type":"SearchAction","target":{"@type":"EntryPoint","urlTemplate":"https:\/\/www.aarbakke.no\/?s={search_term_string}"},"query-input":{"@type":"PropertyValueSpecification","valueRequired":true,"valueName":"search_term_string"}}],"inLanguage":"nb-NO"}]}},"_links":{"self":[{"href":"https:\/\/www.aarbakke.no\/nb\/wp-json\/wp\/v2\/pages\/782","targetHints":{"allow":["GET"]}}],"collection":[{"href":"https:\/\/www.aarbakke.no\/nb\/wp-json\/wp\/v2\/pages"}],"about":[{"href":"https:\/\/www.aarbakke.no\/nb\/wp-json\/wp\/v2\/types\/page"}],"author":[{"embeddable":true,"href":"https:\/\/www.aarbakke.no\/nb\/wp-json\/wp\/v2\/users\/2"}],"replies":[{"embeddable":true,"href":"https:\/\/www.aarbakke.no\/nb\/wp-json\/wp\/v2\/comments?post=782"}],"version-history":[{"count":7,"href":"https:\/\/www.aarbakke.no\/nb\/wp-json\/wp\/v2\/pages\/782\/revisions"}],"predecessor-version":[{"id":2293,"href":"https:\/\/www.aarbakke.no\/nb\/wp-json\/wp\/v2\/pages\/782\/revisions\/2293"}],"wp:attachment":[{"href":"https:\/\/www.aarbakke.no\/nb\/wp-json\/wp\/v2\/media?parent=782"}],"curies":[{"name":"wp","href":"https:\/\/api.w.org\/{rel}","templated":true}]}}