{"id":781,"date":"2026-02-24T14:39:59","date_gmt":"2026-02-24T13:39:59","guid":{"rendered":"https:\/\/aarbakke.wp1.hcweb.dev\/?page_id=781"},"modified":"2026-04-20T08:18:16","modified_gmt":"2026-04-20T06:18:16","slug":"transparency-act","status":"publish","type":"page","link":"https:\/\/www.aarbakke.no\/nb\/transparency-act\/","title":{"rendered":"Lov om \u00e5penhet"},"content":{"rendered":"<section class=\"bde-section-781-100 bde-section\">\n  \n  \n\t\n\n\n\n<div class=\"section-container\"><div class=\"bde-div-781-101 bde-div\">\n  \n  \n\t\n\n\n\n<h2 class=\"bde-heading-781-103 bde-heading\">\n\u00c5PENHETSLOVEN\n<\/h2>\n<\/div><div class=\"bde-div-781-104 bde-div\">\n  \n  \n\t\n\n\n\n\n<\/div><\/div>\n<\/section><section class=\"bde-section-781-105 bde-section\">\n  \n  \n\t\n\n\n\n<div class=\"section-container\"><h2 class=\"bde-heading-781-106 bde-heading\" data-entrance=\"fade\">\nV\u00e5r forpliktelse\n<\/h2><h3 class=\"bde-heading-781-107 bde-heading\" data-entrance=\"fade\">\nAnsvarlig forretningspraksis og menneskerettigheter\n<\/h3><div class=\"bde-div-781-108 bde-div\">\n  \n  \n\t\n\n\n\n<div class=\"bde-div-781-109 bde-div\">\n  \n  \n\t\n\n\n\n<div class=\"bde-text-781-110 bde-text translation-block\" data-entrance=\"fade\">Aarbakke er forpliktet til \u00e5 drive virksomhet i tr\u00e5d med grunnleggende menneskerettigheter og anstendige arbeidsforhold. I samsvar med \u00c5penhetsloven arbeider vi systematisk med \u00e5 identifisere, vurdere og redusere potensielle negative konsekvenser i egen virksomhet og gjennom hele leverand\u00f8rkjeden.<br><br><b>V\u00e5rt arbeid er basert p\u00e5<\/b><\/div><div class=\"bde-text-781-114 bde-text\">\n<li>Den norske \u00e5penhetsloven<\/li><br><li>FNs veiledende prinsipper for n\u00e6ringsliv og menneskerettigheter<\/li><br><li>OECDs retningslinjer for flernasjonale selskaper<\/li>\n<\/div><div class=\"bde-text-781-115 bde-text translation-block\" data-entrance=\"fade\"><b>\u00c5penhetsloven \u2013 publisert 23. mars 2026<br><\/b>I samsvar med \u00c5penhetsloven gjennomf\u00f8rer Aarbakke aktsomhetsvurderinger knyttet til menneskerettigheter og anstendige arbeidsforhold i v\u00e5r virksomhet og leverand\u00f8rkjede.<br><br>Den fullstendige rapporten beskriver v\u00e5re risikovurderinger, leverand\u00f8rvurderinger og iverksatte tiltak. Redegj\u00f8relsen er godkjent av styret og publisert i henhold til lovp\u00e5lagte krav.<br><br>Du kan laste ned rapporten nedenfor.<\/div><div class=\"bde-button-781-111 bde-button\">\n    \n                                    \n    \n    \n    \n    \n            \n                    \n            \n            \n\n    \n    \n    \n    \n    \n    <a class=\"breakdance-link button-atom button-atom--primary bde-button__button\" href=\"https:\/\/aarbakke.wp1.hcweb.dev\/wp-content\/uploads\/2026\/03\/Transparancy-Act-2026.pdf\" target=\"_blank\" data-type=\"url\"  >\n\n    \n        <span class=\"button-atom__text\">Last ned full redegj\u00f8relse (PDF)<\/span>\n\n        \n        \n                <\/a>\n\n    \n\n\n<\/div>\n<\/div>\n<\/div><\/div>\n<\/section>","protected":false},"excerpt":{"rendered":"<p>TRANSPARENCY ACT Our commitment Responsible business conduct and human rights Aarbakke is committed to conducting business in accordance with fundamental human rights and decent working conditions. In line with the Norwegian Transparency Act, we work systematically to identify, assess and mitigate potential adverse impacts in our own operations and throughout our supply chain.\u00a0We base our [&hellip;]<\/p>\n","protected":false},"author":2,"featured_media":0,"parent":0,"menu_order":0,"comment_status":"closed","ping_status":"closed","template":"","meta":{"_acf_changed":false,"_breakdance_hide_in_design_set":false,"_breakdance_tags":"","footnotes":""},"class_list":["post-781","page","type-page","status-publish","hentry"],"acf":[],"yoast_head":"<!-- This site is optimized with the Yoast SEO plugin v27.0 - https:\/\/yoast.com\/product\/yoast-seo-wordpress\/ -->\n<title>Transparency Act - Aarbakke<\/title>\n<meta name=\"robots\" content=\"index, follow, max-snippet:-1, max-image-preview:large, max-video-preview:-1\" \/>\n<link rel=\"canonical\" href=\"https:\/\/www.aarbakke.no\/nb\/transparency-act\/\" \/>\n<meta property=\"og:locale\" content=\"nb_NO\" \/>\n<meta property=\"og:type\" content=\"article\" \/>\n<meta property=\"og:title\" content=\"Transparency Act - Aarbakke\" \/>\n<meta property=\"og:description\" content=\"TRANSPARENCY ACT Our commitment Responsible business conduct and human rights Aarbakke is committed to conducting business in accordance with fundamental human rights and decent working conditions. In line with the Norwegian Transparency Act, we work systematically to identify, assess and mitigate potential adverse impacts in our own operations and throughout our supply chain.\u00a0We base our [&hellip;]\" \/>\n<meta property=\"og:url\" content=\"https:\/\/www.aarbakke.no\/nb\/transparency-act\/\" \/>\n<meta property=\"og:site_name\" content=\"Aarbakke\" \/>\n<meta property=\"article:modified_time\" content=\"2026-04-20T06:18:16+00:00\" \/>\n<meta name=\"twitter:card\" content=\"summary_large_image\" \/>\n<script type=\"application\/ld+json\" class=\"yoast-schema-graph\">{\"@context\":\"https:\/\/schema.org\",\"@graph\":[{\"@type\":\"WebPage\",\"@id\":\"https:\/\/www.aarbakke.no\/transparency-act\/\",\"url\":\"https:\/\/www.aarbakke.no\/transparency-act\/\",\"name\":\"Transparency Act - Aarbakke\",\"isPartOf\":{\"@id\":\"https:\/\/www.aarbakke.no\/#website\"},\"datePublished\":\"2026-02-24T13:39:59+00:00\",\"dateModified\":\"2026-04-20T06:18:16+00:00\",\"breadcrumb\":{\"@id\":\"https:\/\/www.aarbakke.no\/transparency-act\/#breadcrumb\"},\"inLanguage\":\"nb-NO\",\"potentialAction\":[{\"@type\":\"ReadAction\",\"target\":[\"https:\/\/www.aarbakke.no\/transparency-act\/\"]}]},{\"@type\":\"BreadcrumbList\",\"@id\":\"https:\/\/www.aarbakke.no\/transparency-act\/#breadcrumb\",\"itemListElement\":[{\"@type\":\"ListItem\",\"position\":1,\"name\":\"Home\",\"item\":\"https:\/\/www.aarbakke.no\/\"},{\"@type\":\"ListItem\",\"position\":2,\"name\":\"Transparency Act\"}]},{\"@type\":\"WebSite\",\"@id\":\"https:\/\/www.aarbakke.no\/#website\",\"url\":\"https:\/\/www.aarbakke.no\/\",\"name\":\"Aarbakke\",\"description\":\"\",\"potentialAction\":[{\"@type\":\"SearchAction\",\"target\":{\"@type\":\"EntryPoint\",\"urlTemplate\":\"https:\/\/www.aarbakke.no\/?s={search_term_string}\"},\"query-input\":{\"@type\":\"PropertyValueSpecification\",\"valueRequired\":true,\"valueName\":\"search_term_string\"}}],\"inLanguage\":\"nb-NO\"}]}<\/script>\n<!-- \/ Yoast SEO plugin. -->","yoast_head_json":{"title":"Transparency Act - Aarbakke","robots":{"index":"index","follow":"follow","max-snippet":"max-snippet:-1","max-image-preview":"max-image-preview:large","max-video-preview":"max-video-preview:-1"},"canonical":"https:\/\/www.aarbakke.no\/nb\/transparency-act\/","og_locale":"nb_NO","og_type":"article","og_title":"Transparency Act - Aarbakke","og_description":"TRANSPARENCY ACT Our commitment Responsible business conduct and human rights Aarbakke is committed to conducting business in accordance with fundamental human rights and decent working conditions. In line with the Norwegian Transparency Act, we work systematically to identify, assess and mitigate potential adverse impacts in our own operations and throughout our supply chain.\u00a0We base our [&hellip;]","og_url":"https:\/\/www.aarbakke.no\/nb\/transparency-act\/","og_site_name":"Aarbakke","article_modified_time":"2026-04-20T06:18:16+00:00","twitter_card":"summary_large_image","schema":{"@context":"https:\/\/schema.org","@graph":[{"@type":"WebPage","@id":"https:\/\/www.aarbakke.no\/transparency-act\/","url":"https:\/\/www.aarbakke.no\/transparency-act\/","name":"Transparency Act - Aarbakke","isPartOf":{"@id":"https:\/\/www.aarbakke.no\/#website"},"datePublished":"2026-02-24T13:39:59+00:00","dateModified":"2026-04-20T06:18:16+00:00","breadcrumb":{"@id":"https:\/\/www.aarbakke.no\/transparency-act\/#breadcrumb"},"inLanguage":"nb-NO","potentialAction":[{"@type":"ReadAction","target":["https:\/\/www.aarbakke.no\/transparency-act\/"]}]},{"@type":"BreadcrumbList","@id":"https:\/\/www.aarbakke.no\/transparency-act\/#breadcrumb","itemListElement":[{"@type":"ListItem","position":1,"name":"Home","item":"https:\/\/www.aarbakke.no\/"},{"@type":"ListItem","position":2,"name":"Transparency Act"}]},{"@type":"WebSite","@id":"https:\/\/www.aarbakke.no\/#website","url":"https:\/\/www.aarbakke.no\/","name":"Aarbakke","description":"","potentialAction":[{"@type":"SearchAction","target":{"@type":"EntryPoint","urlTemplate":"https:\/\/www.aarbakke.no\/?s={search_term_string}"},"query-input":{"@type":"PropertyValueSpecification","valueRequired":true,"valueName":"search_term_string"}}],"inLanguage":"nb-NO"}]}},"_links":{"self":[{"href":"https:\/\/www.aarbakke.no\/nb\/wp-json\/wp\/v2\/pages\/781","targetHints":{"allow":["GET"]}}],"collection":[{"href":"https:\/\/www.aarbakke.no\/nb\/wp-json\/wp\/v2\/pages"}],"about":[{"href":"https:\/\/www.aarbakke.no\/nb\/wp-json\/wp\/v2\/types\/page"}],"author":[{"embeddable":true,"href":"https:\/\/www.aarbakke.no\/nb\/wp-json\/wp\/v2\/users\/2"}],"replies":[{"embeddable":true,"href":"https:\/\/www.aarbakke.no\/nb\/wp-json\/wp\/v2\/comments?post=781"}],"version-history":[{"count":16,"href":"https:\/\/www.aarbakke.no\/nb\/wp-json\/wp\/v2\/pages\/781\/revisions"}],"predecessor-version":[{"id":2295,"href":"https:\/\/www.aarbakke.no\/nb\/wp-json\/wp\/v2\/pages\/781\/revisions\/2295"}],"wp:attachment":[{"href":"https:\/\/www.aarbakke.no\/nb\/wp-json\/wp\/v2\/media?parent=781"}],"curies":[{"name":"wp","href":"https:\/\/api.w.org\/{rel}","templated":true}]}}