{"id":747,"date":"2026-02-24T13:43:40","date_gmt":"2026-02-24T12:43:40","guid":{"rendered":"https:\/\/aarbakke.wp1.hcweb.dev\/?page_id=747"},"modified":"2026-04-20T08:14:59","modified_gmt":"2026-04-20T06:14:59","slug":"hseq-policy","status":"publish","type":"page","link":"https:\/\/www.aarbakke.no\/nb\/hseq-policy\/","title":{"rendered":"HMSK-policy"},"content":{"rendered":"<section class=\"bde-section-747-100 bde-section\">\n  \n  \n\t\n\n\n\n<div class=\"section-container\"><div class=\"bde-div-747-101 bde-div\">\n  \n  \n\t\n\n\n\n<h2 class=\"bde-heading-747-103 bde-heading\">\nHMSK POLICY\n<\/h2>\n<\/div><div class=\"bde-div-747-104 bde-div\">\n  \n  \n\t\n\n\n\n\n<\/div><\/div>\n<\/section><section class=\"bde-section-747-105 bde-section\">\n  \n  \n\t\n\n\n\n<div class=\"section-container\"><h2 class=\"bde-heading-747-106 bde-heading\" data-entrance=\"fade\">\nTrygt og sikkert\n<\/h2><h3 class=\"bde-heading-747-107 bde-heading\" data-entrance=\"fade\">\nHMS- og kvalitetspolicy\n<\/h3><div class=\"bde-div-747-108 bde-div\">\n  \n  \n\t\n\n\n\n<div class=\"bde-div-747-109 bde-div\">\n  \n  \n\t\n\n\n\n<div class=\"bde-icon-747-125 bde-icon\">\n\n    \n            <div class=\"bde-icon-icon breakdance-icon-atom\" >\n    \n                    <svg xmlns=\"http:\/\/www.w3.org\/2000\/svg\" id=\"icon-quotes-left\" viewbox=\"0 0 32 32\">\n<path d=\"M7.031 14c3.866 0 7 3.134 7 7s-3.134 7-7 7-7-3.134-7-7l-0.031-1c0-7.732 6.268-14 14-14v4c-2.671 0-5.182 1.040-7.071 2.929-0.364 0.364-0.695 0.751-0.995 1.157 0.357-0.056 0.724-0.086 1.097-0.086zM25.031 14c3.866 0 7 3.134 7 7s-3.134 7-7 7-7-3.134-7-7l-0.031-1c0-7.732 6.268-14 14-14v4c-2.671 0-5.182 1.040-7.071 2.929-0.364 0.364-0.695 0.751-0.995 1.157 0.358-0.056 0.724-0.086 1.097-0.086z\"\/>\n<\/svg>\n        \n        \n        \n            <\/div>\n    \n\n\n<\/div><div class=\"bde-text-747-124 bde-text translation-block\"><i>Hovedm\u00e5let til Aarbakke AS er \u00e5 opprettholde et trygt, sikkert og godt arbeidsmilj\u00f8, med tilh\u00f8rende forpliktelse til \u00e5 redusere risiko og eliminere farer.<br><br>Alt arbeid skal planlegges, organiseres og utf\u00f8res med hensyn til sikkerheten for mennesker og det ytre milj\u00f8. Aarbakke AS har som m\u00e5lsetting 0 skader.<br>Alle ansatte skal v\u00e6re forpliktet til \u00e5 beskytte milj\u00f8et, inkludert \u00e5 forebygge forurensning, etterleve krav og kontinuerlig forbedre milj\u00f8prestasjoner.<br><br>Med god forretningsetikk og HMS \u00f8verst p\u00e5 agendaen skal Aarbakke AS levere produkter av riktig kvalitet i henhold til lovkrav, kundens og egne kvalitetskrav.<br><br>Kontinuerlig forbedring sikres ved at alle ansatte aktivt benytter selskapets dokumenterte prosesser.<br><br>Alle ansatte er involvert i arbeidet med kontinuerlig forbedring av selskapets prosesser gjennom proaktive holdninger, HMS-arbeid og avviksbehandling.<br><br>Alle ansatte er forpliktet til \u00e5 etterleve interne krav utover det som f\u00f8lger av lovverket.<br><br>Prosessorientering, faglig kompetanse og kontinuerlig forbedring skal v\u00e6re en del av arbeidet i Aarbakke AS og vektlegges i v\u00e5r arbeidsmetodikk internt, overfor leverand\u00f8rer og kunder.<\/i><\/div><div class=\"bde-div-747-126 bde-div\">\n  \n  \n\t\n\n\n\n<div class=\"bde-text-747-129 bde-text\">\n14. april 2026\n<\/div><div class=\"bde-text-747-127 bde-text\">\n<b>H\u00e5kon Oma<\/b>\n<\/div><div class=\"bde-text-747-128 bde-text\">\nCEO\n<\/div>\n<\/div><div class=\"bde-text-747-113 bde-text\" data-entrance=\"fade\">\n\n<\/div>\n<\/div>\n<\/div><\/div>\n<\/section>","protected":false},"excerpt":{"rendered":"<p>HSEQ POLICY Secure and safe HSE and Quality Policy The main objective of Aarbakke AS is to maintain a safe, secure and good working environment, with the associated commitment to reduce risk and eliminate hazards.All work must be planned, organized and performed for the safety of people and the external environment. Aarbakke AS has a [&hellip;]<\/p>\n","protected":false},"author":2,"featured_media":0,"parent":0,"menu_order":0,"comment_status":"closed","ping_status":"closed","template":"","meta":{"_acf_changed":false,"_breakdance_hide_in_design_set":false,"_breakdance_tags":"","footnotes":""},"class_list":["post-747","page","type-page","status-publish","hentry"],"acf":[],"yoast_head":"<!-- This site is optimized with the Yoast SEO plugin v27.0 - https:\/\/yoast.com\/product\/yoast-seo-wordpress\/ -->\n<title>HSEQ Policy - Aarbakke<\/title>\n<meta name=\"robots\" content=\"index, follow, max-snippet:-1, max-image-preview:large, max-video-preview:-1\" \/>\n<link rel=\"canonical\" href=\"https:\/\/www.aarbakke.no\/nb\/hseq-policy\/\" \/>\n<meta property=\"og:locale\" content=\"nb_NO\" \/>\n<meta property=\"og:type\" content=\"article\" \/>\n<meta property=\"og:title\" content=\"HSEQ Policy - Aarbakke\" \/>\n<meta property=\"og:description\" content=\"HSEQ POLICY Secure and safe HSE and Quality Policy The main objective of Aarbakke AS is to maintain a safe, secure and good working environment, with the associated commitment to reduce risk and eliminate hazards.All work must be planned, organized and performed for the safety of people and the external environment. Aarbakke AS has a [&hellip;]\" \/>\n<meta property=\"og:url\" content=\"https:\/\/www.aarbakke.no\/nb\/hseq-policy\/\" \/>\n<meta property=\"og:site_name\" content=\"Aarbakke\" \/>\n<meta property=\"article:modified_time\" content=\"2026-04-20T06:14:59+00:00\" \/>\n<meta name=\"twitter:card\" content=\"summary_large_image\" \/>\n<script type=\"application\/ld+json\" class=\"yoast-schema-graph\">{\"@context\":\"https:\/\/schema.org\",\"@graph\":[{\"@type\":\"WebPage\",\"@id\":\"https:\/\/www.aarbakke.no\/hseq-policy\/\",\"url\":\"https:\/\/www.aarbakke.no\/hseq-policy\/\",\"name\":\"HSEQ Policy - Aarbakke\",\"isPartOf\":{\"@id\":\"https:\/\/www.aarbakke.no\/#website\"},\"datePublished\":\"2026-02-24T12:43:40+00:00\",\"dateModified\":\"2026-04-20T06:14:59+00:00\",\"breadcrumb\":{\"@id\":\"https:\/\/www.aarbakke.no\/hseq-policy\/#breadcrumb\"},\"inLanguage\":\"nb-NO\",\"potentialAction\":[{\"@type\":\"ReadAction\",\"target\":[\"https:\/\/www.aarbakke.no\/hseq-policy\/\"]}]},{\"@type\":\"BreadcrumbList\",\"@id\":\"https:\/\/www.aarbakke.no\/hseq-policy\/#breadcrumb\",\"itemListElement\":[{\"@type\":\"ListItem\",\"position\":1,\"name\":\"Home\",\"item\":\"https:\/\/www.aarbakke.no\/\"},{\"@type\":\"ListItem\",\"position\":2,\"name\":\"HSEQ Policy\"}]},{\"@type\":\"WebSite\",\"@id\":\"https:\/\/www.aarbakke.no\/#website\",\"url\":\"https:\/\/www.aarbakke.no\/\",\"name\":\"Aarbakke\",\"description\":\"\",\"potentialAction\":[{\"@type\":\"SearchAction\",\"target\":{\"@type\":\"EntryPoint\",\"urlTemplate\":\"https:\/\/www.aarbakke.no\/?s={search_term_string}\"},\"query-input\":{\"@type\":\"PropertyValueSpecification\",\"valueRequired\":true,\"valueName\":\"search_term_string\"}}],\"inLanguage\":\"nb-NO\"}]}<\/script>\n<!-- \/ Yoast SEO plugin. -->","yoast_head_json":{"title":"HSEQ Policy - Aarbakke","robots":{"index":"index","follow":"follow","max-snippet":"max-snippet:-1","max-image-preview":"max-image-preview:large","max-video-preview":"max-video-preview:-1"},"canonical":"https:\/\/www.aarbakke.no\/nb\/hseq-policy\/","og_locale":"nb_NO","og_type":"article","og_title":"HSEQ Policy - Aarbakke","og_description":"HSEQ POLICY Secure and safe HSE and Quality Policy The main objective of Aarbakke AS is to maintain a safe, secure and good working environment, with the associated commitment to reduce risk and eliminate hazards.All work must be planned, organized and performed for the safety of people and the external environment. Aarbakke AS has a [&hellip;]","og_url":"https:\/\/www.aarbakke.no\/nb\/hseq-policy\/","og_site_name":"Aarbakke","article_modified_time":"2026-04-20T06:14:59+00:00","twitter_card":"summary_large_image","schema":{"@context":"https:\/\/schema.org","@graph":[{"@type":"WebPage","@id":"https:\/\/www.aarbakke.no\/hseq-policy\/","url":"https:\/\/www.aarbakke.no\/hseq-policy\/","name":"HSEQ Policy - Aarbakke","isPartOf":{"@id":"https:\/\/www.aarbakke.no\/#website"},"datePublished":"2026-02-24T12:43:40+00:00","dateModified":"2026-04-20T06:14:59+00:00","breadcrumb":{"@id":"https:\/\/www.aarbakke.no\/hseq-policy\/#breadcrumb"},"inLanguage":"nb-NO","potentialAction":[{"@type":"ReadAction","target":["https:\/\/www.aarbakke.no\/hseq-policy\/"]}]},{"@type":"BreadcrumbList","@id":"https:\/\/www.aarbakke.no\/hseq-policy\/#breadcrumb","itemListElement":[{"@type":"ListItem","position":1,"name":"Home","item":"https:\/\/www.aarbakke.no\/"},{"@type":"ListItem","position":2,"name":"HSEQ Policy"}]},{"@type":"WebSite","@id":"https:\/\/www.aarbakke.no\/#website","url":"https:\/\/www.aarbakke.no\/","name":"Aarbakke","description":"","potentialAction":[{"@type":"SearchAction","target":{"@type":"EntryPoint","urlTemplate":"https:\/\/www.aarbakke.no\/?s={search_term_string}"},"query-input":{"@type":"PropertyValueSpecification","valueRequired":true,"valueName":"search_term_string"}}],"inLanguage":"nb-NO"}]}},"_links":{"self":[{"href":"https:\/\/www.aarbakke.no\/nb\/wp-json\/wp\/v2\/pages\/747","targetHints":{"allow":["GET"]}}],"collection":[{"href":"https:\/\/www.aarbakke.no\/nb\/wp-json\/wp\/v2\/pages"}],"about":[{"href":"https:\/\/www.aarbakke.no\/nb\/wp-json\/wp\/v2\/types\/page"}],"author":[{"embeddable":true,"href":"https:\/\/www.aarbakke.no\/nb\/wp-json\/wp\/v2\/users\/2"}],"replies":[{"embeddable":true,"href":"https:\/\/www.aarbakke.no\/nb\/wp-json\/wp\/v2\/comments?post=747"}],"version-history":[{"count":13,"href":"https:\/\/www.aarbakke.no\/nb\/wp-json\/wp\/v2\/pages\/747\/revisions"}],"predecessor-version":[{"id":2292,"href":"https:\/\/www.aarbakke.no\/nb\/wp-json\/wp\/v2\/pages\/747\/revisions\/2292"}],"wp:attachment":[{"href":"https:\/\/www.aarbakke.no\/nb\/wp-json\/wp\/v2\/media?parent=747"}],"curies":[{"name":"wp","href":"https:\/\/api.w.org\/{rel}","templated":true}]}}