{"id":746,"date":"2026-02-24T13:43:23","date_gmt":"2026-02-24T12:43:23","guid":{"rendered":"https:\/\/aarbakke.wp1.hcweb.dev\/?page_id=746"},"modified":"2026-04-22T07:42:05","modified_gmt":"2026-04-22T05:42:05","slug":"certificates","status":"publish","type":"page","link":"https:\/\/www.aarbakke.no\/nb\/certificates\/","title":{"rendered":"Sertifikater"},"content":{"rendered":"<section class=\"bde-section-746-100 bde-section\">\n  \n  \n\t\n\n\n\n<div class=\"section-container\"><div class=\"bde-div-746-101 bde-div\">\n  \n  \n\t\n\n\n\n<h2 class=\"bde-heading-746-103 bde-heading\">\nSERTIFIKATER\n<\/h2>\n<\/div><div class=\"bde-div-746-104 bde-div\">\n  \n  \n\t\n\n\n\n\n<\/div><\/div>\n<\/section><section class=\"bde-section-746-105 bde-section\">\n  \n  \n\t\n\n\n\n<div class=\"section-container\"><h2 class=\"bde-heading-746-106 bde-heading\" data-entrance=\"fade\">\nH\u00f8ye standarder\n<\/h2><h3 class=\"bde-heading-746-107 bde-heading\" data-entrance=\"fade\">\n\u00c5rlige revisjoner\n<\/h3><div class=\"bde-div-746-108 bde-div\">\n  \n  \n\t\n\n\n\n<div class=\"bde-div-746-109 bde-div\">\n  \n  \n\t\n\n\n\n<div class=\"bde-text-746-110 bde-text\" data-entrance=\"fade\">\nAarbakkes virksomhet er sertifisert i henhold til gjeldende versjoner av ISO 9001 (kvalitet), ISO 14001 (milj\u00f8), ISO 45001 (arbeidsmilj\u00f8 og sikkerhet), samt API-spesifikasjon 7-2<br><br>Gjennom \u00e5rlige revisjoner utf\u00f8rt av tredjepart blir selskapets prosesser objektivt vurdert opp mot kravene som stilles i standardene. For Aarbakke er det viktig \u00e5 v\u00e6re sertifisert. Det gir verdi b\u00e5de for oss som selskap, og ikke minst for v\u00e5re kunder og samarbeidspartnere. Det sikrer en jevn og p\u00e5litelig leveranse, og at kontinuerlig forbedring og kundetilfredshet alltid st\u00e5r p\u00e5 agendaen<br><br>Aarbakke er ogs\u00e5 registrert i b\u00e5de Achilles og Magnet JQS. Aarbakke ble revidert av Magnet JQS i august 2022. Dette gj\u00f8r prosessen for leverand\u00f8rgodkjenning enklere for kundene v\u00e5re.\n<\/div><a class=\"bde-text-link-746-117 bde-text-link breakdance-link\" href=\"https:\/\/aarbakke.wp1.hcweb.dev\/wp-content\/uploads\/2026\/02\/iso_14001-eng-2006-osl-symi-8295-7-20240813-6.pdf\" target=\"_blank\" data-type=\"url\">\n  ISO 14001:2015.pdf\n\n<\/a><a class=\"bde-text-link-746-123 bde-text-link breakdance-link\" href=\"https:\/\/aarbakke.wp1.hcweb.dev\/wp-content\/uploads\/2026\/02\/iso_45001-eng-28237-2008-ahso-nor-na-8-20240813.pdf\" target=\"_blank\" data-type=\"url\">\n  ISO 45001:2018.pdf\n\n<\/a><a class=\"bde-text-link-746-122 bde-text-link breakdance-link\" href=\"https:\/\/aarbakke.wp1.hcweb.dev\/wp-content\/uploads\/2026\/02\/iso_9001-eng-94-osl-aq-6174-10-20240813.pdf\" target=\"_blank\" data-type=\"url\">\n  ISO 9001:2015 incl. 3834.pdf\n\n<\/a><a class=\"bde-text-link-746-121 bde-text-link breakdance-link\" href=\"https:\/\/aarbakke.wp1.hcweb.dev\/wp-content\/uploads\/2026\/02\/certificate-7-2-0785_20250131122147.pdf\" target=\"_blank\" data-type=\"url\">\n  API-7-2.pdf\n\n<\/a><div class=\"bde-button-746-116 bde-button\">\n    \n                                    \n    \n    \n    \n    \n            \n                    \n            \n            \n\n    \n    \n    \n    \n    \n    <a class=\"breakdance-link button-atom button-atom--primary bde-button__button\" href=\"https:\/\/aarbakke.wp1.hcweb.dev\/wp-content\/uploads\/2026\/02\/All-Certificates.zip\" target=\"_self\" data-type=\"url\"  >\n\n    \n        <span class=\"button-atom__text\">Last ned alle sertifikater (zip)<\/span>\n\n        \n        \n                <\/a>\n\n    \n\n\n<\/div><div class=\"bde-text-746-113 bde-text\" data-entrance=\"fade\">\n\n<\/div>\n<\/div><div class=\"bde-div-746-114 bde-div\">\n  \n  \n\t\n\n\n\n<img decoding=\"async\" class=\"bde-image2-746-115 bde-image2\" src=\"https:\/\/aarbakke.wp1.hcweb.dev\/wp-content\/uploads\/2026\/02\/Skjermbilde-2026-02-24-kl.-14.12.20.png\" loading=\"lazy\" srcset=\"https:\/\/aarbakke.wp1.hcweb.dev\/wp-content\/uploads\/2026\/02\/Skjermbilde-2026-02-24-kl.-14.12.20.png 592w, https:\/\/aarbakke.wp1.hcweb.dev\/wp-content\/uploads\/2026\/02\/Skjermbilde-2026-02-24-kl.-14.12.20-212x300.png 212w\" sizes=\"(max-width: 592px) 100vw, 592px\">\n<\/div>\n<\/div><\/div>\n<\/section>","protected":false},"excerpt":{"rendered":"<p>CERTIFICATES High standards Annual audits Aarbakke\u2019s operations are certified in accordance with the currently applicable versions of ISO 9001 (quality), ISO 14001 (environment), ISO 45001 (occupational health and safety), as well as API Specification 7-2.Through annual audits by third parties, the company\u2019s processes are objectively assessed against the requirements set by the standards. For Aarbakke, [&hellip;]<\/p>\n","protected":false},"author":2,"featured_media":0,"parent":0,"menu_order":0,"comment_status":"closed","ping_status":"closed","template":"","meta":{"_acf_changed":false,"_breakdance_hide_in_design_set":false,"_breakdance_tags":"","footnotes":""},"class_list":["post-746","page","type-page","status-publish","hentry"],"acf":[],"yoast_head":"<!-- This site is optimized with the Yoast SEO plugin v27.0 - https:\/\/yoast.com\/product\/yoast-seo-wordpress\/ -->\n<title>Certificates - Aarbakke<\/title>\n<meta name=\"robots\" content=\"index, follow, max-snippet:-1, max-image-preview:large, max-video-preview:-1\" \/>\n<link rel=\"canonical\" href=\"https:\/\/www.aarbakke.no\/nb\/certificates\/\" \/>\n<meta property=\"og:locale\" content=\"nb_NO\" \/>\n<meta property=\"og:type\" content=\"article\" \/>\n<meta property=\"og:title\" content=\"Certificates - Aarbakke\" \/>\n<meta property=\"og:description\" content=\"CERTIFICATES High standards Annual audits Aarbakke\u2019s operations are certified in accordance with the currently applicable versions of ISO 9001 (quality), ISO 14001 (environment), ISO 45001 (occupational health and safety), as well as API Specification 7-2.Through annual audits by third parties, the company\u2019s processes are objectively assessed against the requirements set by the standards. For Aarbakke, [&hellip;]\" \/>\n<meta property=\"og:url\" content=\"https:\/\/www.aarbakke.no\/nb\/certificates\/\" \/>\n<meta property=\"og:site_name\" content=\"Aarbakke\" \/>\n<meta property=\"article:modified_time\" content=\"2026-04-22T05:42:05+00:00\" \/>\n<meta name=\"twitter:card\" content=\"summary_large_image\" \/>\n<script type=\"application\/ld+json\" class=\"yoast-schema-graph\">{\"@context\":\"https:\/\/schema.org\",\"@graph\":[{\"@type\":\"WebPage\",\"@id\":\"https:\/\/www.aarbakke.no\/certificates\/\",\"url\":\"https:\/\/www.aarbakke.no\/certificates\/\",\"name\":\"Certificates - Aarbakke\",\"isPartOf\":{\"@id\":\"https:\/\/www.aarbakke.no\/#website\"},\"datePublished\":\"2026-02-24T12:43:23+00:00\",\"dateModified\":\"2026-04-22T05:42:05+00:00\",\"breadcrumb\":{\"@id\":\"https:\/\/www.aarbakke.no\/certificates\/#breadcrumb\"},\"inLanguage\":\"nb-NO\",\"potentialAction\":[{\"@type\":\"ReadAction\",\"target\":[\"https:\/\/www.aarbakke.no\/certificates\/\"]}]},{\"@type\":\"BreadcrumbList\",\"@id\":\"https:\/\/www.aarbakke.no\/certificates\/#breadcrumb\",\"itemListElement\":[{\"@type\":\"ListItem\",\"position\":1,\"name\":\"Home\",\"item\":\"https:\/\/www.aarbakke.no\/\"},{\"@type\":\"ListItem\",\"position\":2,\"name\":\"Certificates\"}]},{\"@type\":\"WebSite\",\"@id\":\"https:\/\/www.aarbakke.no\/#website\",\"url\":\"https:\/\/www.aarbakke.no\/\",\"name\":\"Aarbakke\",\"description\":\"\",\"potentialAction\":[{\"@type\":\"SearchAction\",\"target\":{\"@type\":\"EntryPoint\",\"urlTemplate\":\"https:\/\/www.aarbakke.no\/?s={search_term_string}\"},\"query-input\":{\"@type\":\"PropertyValueSpecification\",\"valueRequired\":true,\"valueName\":\"search_term_string\"}}],\"inLanguage\":\"nb-NO\"}]}<\/script>\n<!-- \/ Yoast SEO plugin. -->","yoast_head_json":{"title":"Certificates - Aarbakke","robots":{"index":"index","follow":"follow","max-snippet":"max-snippet:-1","max-image-preview":"max-image-preview:large","max-video-preview":"max-video-preview:-1"},"canonical":"https:\/\/www.aarbakke.no\/nb\/certificates\/","og_locale":"nb_NO","og_type":"article","og_title":"Certificates - Aarbakke","og_description":"CERTIFICATES High standards Annual audits Aarbakke\u2019s operations are certified in accordance with the currently applicable versions of ISO 9001 (quality), ISO 14001 (environment), ISO 45001 (occupational health and safety), as well as API Specification 7-2.Through annual audits by third parties, the company\u2019s processes are objectively assessed against the requirements set by the standards. For Aarbakke, [&hellip;]","og_url":"https:\/\/www.aarbakke.no\/nb\/certificates\/","og_site_name":"Aarbakke","article_modified_time":"2026-04-22T05:42:05+00:00","twitter_card":"summary_large_image","schema":{"@context":"https:\/\/schema.org","@graph":[{"@type":"WebPage","@id":"https:\/\/www.aarbakke.no\/certificates\/","url":"https:\/\/www.aarbakke.no\/certificates\/","name":"Certificates - Aarbakke","isPartOf":{"@id":"https:\/\/www.aarbakke.no\/#website"},"datePublished":"2026-02-24T12:43:23+00:00","dateModified":"2026-04-22T05:42:05+00:00","breadcrumb":{"@id":"https:\/\/www.aarbakke.no\/certificates\/#breadcrumb"},"inLanguage":"nb-NO","potentialAction":[{"@type":"ReadAction","target":["https:\/\/www.aarbakke.no\/certificates\/"]}]},{"@type":"BreadcrumbList","@id":"https:\/\/www.aarbakke.no\/certificates\/#breadcrumb","itemListElement":[{"@type":"ListItem","position":1,"name":"Home","item":"https:\/\/www.aarbakke.no\/"},{"@type":"ListItem","position":2,"name":"Certificates"}]},{"@type":"WebSite","@id":"https:\/\/www.aarbakke.no\/#website","url":"https:\/\/www.aarbakke.no\/","name":"Aarbakke","description":"","potentialAction":[{"@type":"SearchAction","target":{"@type":"EntryPoint","urlTemplate":"https:\/\/www.aarbakke.no\/?s={search_term_string}"},"query-input":{"@type":"PropertyValueSpecification","valueRequired":true,"valueName":"search_term_string"}}],"inLanguage":"nb-NO"}]}},"_links":{"self":[{"href":"https:\/\/www.aarbakke.no\/nb\/wp-json\/wp\/v2\/pages\/746","targetHints":{"allow":["GET"]}}],"collection":[{"href":"https:\/\/www.aarbakke.no\/nb\/wp-json\/wp\/v2\/pages"}],"about":[{"href":"https:\/\/www.aarbakke.no\/nb\/wp-json\/wp\/v2\/types\/page"}],"author":[{"embeddable":true,"href":"https:\/\/www.aarbakke.no\/nb\/wp-json\/wp\/v2\/users\/2"}],"replies":[{"embeddable":true,"href":"https:\/\/www.aarbakke.no\/nb\/wp-json\/wp\/v2\/comments?post=746"}],"version-history":[{"count":15,"href":"https:\/\/www.aarbakke.no\/nb\/wp-json\/wp\/v2\/pages\/746\/revisions"}],"predecessor-version":[{"id":2340,"href":"https:\/\/www.aarbakke.no\/nb\/wp-json\/wp\/v2\/pages\/746\/revisions\/2340"}],"wp:attachment":[{"href":"https:\/\/www.aarbakke.no\/nb\/wp-json\/wp\/v2\/media?parent=746"}],"curies":[{"name":"wp","href":"https:\/\/api.w.org\/{rel}","templated":true}]}}