{"id":715,"date":"2026-02-24T12:40:10","date_gmt":"2026-02-24T11:40:10","guid":{"rendered":"https:\/\/aarbakke.wp1.hcweb.dev\/?page_id=715"},"modified":"2026-04-21T14:22:13","modified_gmt":"2026-04-21T12:22:13","slug":"quality-control","status":"publish","type":"page","link":"https:\/\/www.aarbakke.no\/nb\/quality-control\/","title":{"rendered":"Quality control"},"content":{"rendered":"<section class=\"bde-section-715-100 bde-section\">\n  \n  \n\t\n\n\n\n<div class=\"section-container\"><div class=\"bde-div-715-101 bde-div\">\n  \n  \n\t\n\n\n\n<a class=\"bde-container-link-715-124 bde-container-link breakdance-link\" href=\"\/nb\/services\/\" target=\"_self\" data-type=\"url\">\n  \n  \n\t\n\n\n\n<h2 class=\"bde-heading-715-102 bde-heading\">\nTJENESTER\n<\/h2>\n\n<\/a><h2 class=\"bde-heading-715-103 bde-heading\">\nKvalitetskontroll\n<\/h2>\n<\/div><div class=\"bde-div-715-104 bde-div\">\n  \n  \n\t\n\n\n\n\n<\/div><\/div>\n<\/section><section class=\"bde-section-715-105 bde-section\">\n  \n  \n\t\n\n\n\n<div class=\"section-container\"><h2 class=\"bde-heading-715-106 bde-heading\" data-entrance=\"fade\">\nPresis inspeksjon\n<\/h2><h3 class=\"bde-heading-715-107 bde-heading\" data-entrance=\"fade\">\nIngenting leveres uten kontroll\n<\/h3><div class=\"bde-div-715-108 bde-div\">\n  \n  \n\t\n\n\n\n<div class=\"bde-div-715-109 bde-div\">\n  \n  \n\t\n\n\n\n<div class=\"bde-text-715-110 bde-text\" data-entrance=\"fade\">\nAlle komponenter blir verifisert og dokumentert gjennom hele produksjonsprosessen ved bruk av toppmoderne utstyr.<br><br>4 toppmoderne koordinatm\u00e5lemaskiner (CMM) verifiserer strenge toleranser og komplekse geometrier:\n<\/div><div class=\"bde-text-715-114 bde-text\">\n<li>Mitutoyo CRYSTA-Apex S165016 (1600\u00d75000\u00d71600 mm og opptil 5 tonn)<\/li><br><li>Mitutoyo CRYSTA-Apex S123010 (1200\u00d73000\u00d71000 mm og opptil 3 tonn)<\/li><br><li>Mitutoyo CRYSTA-Apex S776 (700\u00d7700\u00d7600 mm og opptil 0,5 tonn)<\/li><br>\n<\/div><div class=\"bde-text-715-119 bde-text\" data-entrance=\"fade\">\nVi kan ogs\u00e5 programmere CMM offline\n<\/div><div class=\"bde-text-715-148 bde-text\" data-entrance=\"fade\">\nRomer 2025 (portabel m\u00e5learm) (m\u00e5leomr\u00e5de opptil 2,5 meter)\n<\/div><div class=\"bde-text-715-120 bde-text\" data-entrance=\"fade\">\n3 konturskannere\n<\/div><div class=\"bde-text-715-117 bde-text\">\n<li>Hommel Etamic Opticline C314<\/li><br><li>Starrett Projector VF600<\/li><br><li>Mitutoyo Projector<\/li>\n<\/div><div class=\"bde-text-715-121 bde-text\" data-entrance=\"fade\">\n2 Videoscopes\n<\/div><div class=\"bde-text-715-149 bde-text\" data-entrance=\"fade\">\nHardhetstesting (HRA, HRC, HRB, HBW og HR30N)\n<\/div><div class=\"bde-text-715-150 bde-text\" data-entrance=\"fade\">\nGjengel\u00e6re (MT-3000) for API, Stub og Stub Acme gjenger\n<\/div><div class=\"bde-text-715-122 bde-text\" data-entrance=\"fade\">\nAlt annet n\u00f8dvendig m\u00e5leutstyr for kvalitetskontroll er ogs\u00e5 tilgjengelig.<br><br>For forbedret kvalitet og effektivitet benytter vi Renishaw probing, BallBar og QC gjennom hele produksjonsprosessen.\n<\/div>\n<\/div><div class=\"bde-div-715-112 bde-div\">\n  \n  \n\t\n\n\n\n<img decoding=\"async\" class=\"bde-image2-715-113 bde-image2\" src=\"https:\/\/aarbakke.wp1.hcweb.dev\/wp-content\/uploads\/2026\/02\/03A1121-1.jpg\" loading=\"lazy\" srcset=\"https:\/\/aarbakke.wp1.hcweb.dev\/wp-content\/uploads\/2026\/02\/03A1121-1.jpg 2000w, https:\/\/aarbakke.wp1.hcweb.dev\/wp-content\/uploads\/2026\/02\/03A1121-1-300x200.jpg 300w, https:\/\/aarbakke.wp1.hcweb.dev\/wp-content\/uploads\/2026\/02\/03A1121-1-1024x683.jpg 1024w, https:\/\/aarbakke.wp1.hcweb.dev\/wp-content\/uploads\/2026\/02\/03A1121-1-768x512.jpg 768w, https:\/\/aarbakke.wp1.hcweb.dev\/wp-content\/uploads\/2026\/02\/03A1121-1-1536x1025.jpg 1536w\" sizes=\"(max-width: 2000px) 100vw, 2000px\"><img decoding=\"async\" class=\"bde-image2-715-123 bde-image2\" src=\"https:\/\/aarbakke.wp1.hcweb.dev\/wp-content\/uploads\/2026\/03\/QC2.jpg\" loading=\"lazy\" srcset=\"https:\/\/aarbakke.wp1.hcweb.dev\/wp-content\/uploads\/2026\/03\/QC2.jpg 2459w, https:\/\/aarbakke.wp1.hcweb.dev\/wp-content\/uploads\/2026\/03\/QC2-300x139.jpg 300w, https:\/\/aarbakke.wp1.hcweb.dev\/wp-content\/uploads\/2026\/03\/QC2-1024x475.jpg 1024w, https:\/\/aarbakke.wp1.hcweb.dev\/wp-content\/uploads\/2026\/03\/QC2-768x356.jpg 768w, https:\/\/aarbakke.wp1.hcweb.dev\/wp-content\/uploads\/2026\/03\/QC2-1536x712.jpg 1536w, https:\/\/aarbakke.wp1.hcweb.dev\/wp-content\/uploads\/2026\/03\/QC2-2048x949.jpg 2048w\" sizes=\"(max-width: 2459px) 100vw, 2459px\">\n<\/div>\n<\/div><\/div>\n<\/section><section id=\"bd-fancy-section2\" class=\"bde-section-715-146 bde-section\">\n  \n  \n\t\n\n\n\n<div class=\"section-container\"><div class=\"bde-code-block-715-147 bde-code-block\" data-parallax=\"true\">\n\n  <section class=\"scroll-video-sveis-section\">\n\n  <div class=\"scroll-video-sveis-wrapper\">\n    <video \n        class=\"scroll-video-sveis\"\n        preload=\"auto\"\n        muted\n playsinline\n autoplay\n loop\n>\n        <source src=\"https:\/\/aarbakke.wp1.hcweb.dev\/wp-content\/uploads\/2026\/03\/Quality.mov\" type=\"video\/mp4\">\n    <\/video>\n  <\/div>\n\n<\/section>\n\n\n<\/div><\/div>\n<\/section><section class=\"bde-section-715-137 bde-section\">\n  \n  \n\t\n\n\n\n<div class=\"section-container\"><div id=\"bde-12345\" class=\"bde-div-715-138 bde-div\">\n  \n  \n\t\n\n\n\n<div class=\"bde-div-715-139 bde-div\">\n  \n  \n\t\n\n\n\n<img decoding=\"async\" class=\"bde-image2-715-140 bde-image2\" src=\"https:\/\/aarbakke.wp1.hcweb.dev\/wp-content\/uploads\/2026\/02\/Sporsjefen_sporsmal20-1-scaled.jpg\" loading=\"lazy\" srcset=\"https:\/\/aarbakke.wp1.hcweb.dev\/wp-content\/uploads\/2026\/02\/Sporsjefen_sporsmal20-1-scaled.jpg 2560w, https:\/\/aarbakke.wp1.hcweb.dev\/wp-content\/uploads\/2026\/02\/Sporsjefen_sporsmal20-1-300x169.jpg 300w, https:\/\/aarbakke.wp1.hcweb.dev\/wp-content\/uploads\/2026\/02\/Sporsjefen_sporsmal20-1-1024x576.jpg 1024w, https:\/\/aarbakke.wp1.hcweb.dev\/wp-content\/uploads\/2026\/02\/Sporsjefen_sporsmal20-1-768x432.jpg 768w, https:\/\/aarbakke.wp1.hcweb.dev\/wp-content\/uploads\/2026\/02\/Sporsjefen_sporsmal20-1-1536x864.jpg 1536w, https:\/\/aarbakke.wp1.hcweb.dev\/wp-content\/uploads\/2026\/02\/Sporsjefen_sporsmal20-1-2048x1152.jpg 2048w\" sizes=\"(max-width: 2560px) 100vw, 2560px\">\n<\/div><div class=\"bde-div-715-141 bde-div\" data-entrance=\"fade\">\n  \n  \n\t\n\n\n\n<h2 class=\"bde-heading-715-142 bde-heading\">\nHar du en teknisk utfordring?\n<\/h2><div class=\"bde-text-715-143 bde-text translation-block\">Enten du trenger ingeni\u00f8rst\u00f8tte i tidlig konseptutvikling, designoptimalisering, dokumentasjon eller produksjonsforberedelser, st\u00e5r vi klare til \u00e5 bist\u00e5.<br><br>Ta kontakt for \u00e5 diskutere prosjektkrav, tidslinjer og tekniske spesifikasjoner. Vi vil samarbeide med deg for \u00e5 finne en praktisk og effektiv l\u00f8sning.<\/div><div class=\"bde-div-715-144 bde-div\">\n  \n  \n\t\n\n\n\n<div class=\"bde-button-715-145 bde-button\">\n    \n                                    \n    \n    \n    \n    \n            \n                    \n            \n            \n\n    \n    \n    \n    \n    \n    <a class=\"breakdance-link button-atom button-atom--primary bde-button__button\" href=\"\/nb\/contact\/\" target=\"_self\" data-type=\"url\"  >\n\n    \n        <span class=\"button-atom__text\">Kontakt<\/span>\n\n        \n        \n                <\/a>\n\n    \n\n\n<\/div>\n<\/div>\n<\/div>\n<\/div><\/div>\n<\/section>","protected":false},"excerpt":{"rendered":"<p>SERVICES Quality Control Precise inspection Nothing leaves without being checked All components are verified and documented throughout the entire manufacturing process, using state of the art equipment.4 top modern coordinate measurement machines (CMM) verify strict tolerances and complex geometries Mitutoyo CRYSTA-Apex S165016 (1600X5000X1600MM and up to 5 tons)Mitutoyo CRYSTA-Apex S123010 (1200X3000X1000MM and up to 3 [&hellip;]<\/p>\n","protected":false},"author":2,"featured_media":0,"parent":0,"menu_order":0,"comment_status":"closed","ping_status":"closed","template":"","meta":{"_acf_changed":false,"_breakdance_hide_in_design_set":false,"_breakdance_tags":"","footnotes":""},"class_list":["post-715","page","type-page","status-publish","hentry"],"acf":[],"yoast_head":"<!-- This site is optimized with the Yoast SEO plugin v27.0 - https:\/\/yoast.com\/product\/yoast-seo-wordpress\/ -->\n<title>Quality control - Aarbakke<\/title>\n<meta name=\"robots\" content=\"index, follow, max-snippet:-1, max-image-preview:large, max-video-preview:-1\" \/>\n<link rel=\"canonical\" href=\"https:\/\/www.aarbakke.no\/nb\/quality-control\/\" \/>\n<meta property=\"og:locale\" content=\"nb_NO\" \/>\n<meta property=\"og:type\" content=\"article\" \/>\n<meta property=\"og:title\" content=\"Quality control - Aarbakke\" \/>\n<meta property=\"og:description\" content=\"SERVICES Quality Control Precise inspection Nothing leaves without being checked All components are verified and documented throughout the entire manufacturing process, using state of the art equipment.4 top modern coordinate measurement machines (CMM) verify strict tolerances and complex geometries Mitutoyo CRYSTA-Apex S165016 (1600X5000X1600MM and up to 5 tons)Mitutoyo CRYSTA-Apex S123010 (1200X3000X1000MM and up to 3 [&hellip;]\" \/>\n<meta property=\"og:url\" content=\"https:\/\/www.aarbakke.no\/nb\/quality-control\/\" \/>\n<meta property=\"og:site_name\" content=\"Aarbakke\" \/>\n<meta property=\"article:modified_time\" content=\"2026-04-21T12:22:13+00:00\" \/>\n<meta name=\"twitter:card\" content=\"summary_large_image\" \/>\n<script type=\"application\/ld+json\" class=\"yoast-schema-graph\">{\"@context\":\"https:\/\/schema.org\",\"@graph\":[{\"@type\":\"WebPage\",\"@id\":\"https:\/\/www.aarbakke.no\/quality-control\/\",\"url\":\"https:\/\/www.aarbakke.no\/quality-control\/\",\"name\":\"Quality control - Aarbakke\",\"isPartOf\":{\"@id\":\"https:\/\/www.aarbakke.no\/#website\"},\"datePublished\":\"2026-02-24T11:40:10+00:00\",\"dateModified\":\"2026-04-21T12:22:13+00:00\",\"breadcrumb\":{\"@id\":\"https:\/\/www.aarbakke.no\/quality-control\/#breadcrumb\"},\"inLanguage\":\"nb-NO\",\"potentialAction\":[{\"@type\":\"ReadAction\",\"target\":[\"https:\/\/www.aarbakke.no\/quality-control\/\"]}]},{\"@type\":\"BreadcrumbList\",\"@id\":\"https:\/\/www.aarbakke.no\/quality-control\/#breadcrumb\",\"itemListElement\":[{\"@type\":\"ListItem\",\"position\":1,\"name\":\"Home\",\"item\":\"https:\/\/www.aarbakke.no\/\"},{\"@type\":\"ListItem\",\"position\":2,\"name\":\"Quality control\"}]},{\"@type\":\"WebSite\",\"@id\":\"https:\/\/www.aarbakke.no\/#website\",\"url\":\"https:\/\/www.aarbakke.no\/\",\"name\":\"Aarbakke\",\"description\":\"\",\"potentialAction\":[{\"@type\":\"SearchAction\",\"target\":{\"@type\":\"EntryPoint\",\"urlTemplate\":\"https:\/\/www.aarbakke.no\/?s={search_term_string}\"},\"query-input\":{\"@type\":\"PropertyValueSpecification\",\"valueRequired\":true,\"valueName\":\"search_term_string\"}}],\"inLanguage\":\"nb-NO\"}]}<\/script>\n<!-- \/ Yoast SEO plugin. -->","yoast_head_json":{"title":"Quality control - Aarbakke","robots":{"index":"index","follow":"follow","max-snippet":"max-snippet:-1","max-image-preview":"max-image-preview:large","max-video-preview":"max-video-preview:-1"},"canonical":"https:\/\/www.aarbakke.no\/nb\/quality-control\/","og_locale":"nb_NO","og_type":"article","og_title":"Quality control - Aarbakke","og_description":"SERVICES Quality Control Precise inspection Nothing leaves without being checked All components are verified and documented throughout the entire manufacturing process, using state of the art equipment.4 top modern coordinate measurement machines (CMM) verify strict tolerances and complex geometries Mitutoyo CRYSTA-Apex S165016 (1600X5000X1600MM and up to 5 tons)Mitutoyo CRYSTA-Apex S123010 (1200X3000X1000MM and up to 3 [&hellip;]","og_url":"https:\/\/www.aarbakke.no\/nb\/quality-control\/","og_site_name":"Aarbakke","article_modified_time":"2026-04-21T12:22:13+00:00","twitter_card":"summary_large_image","schema":{"@context":"https:\/\/schema.org","@graph":[{"@type":"WebPage","@id":"https:\/\/www.aarbakke.no\/quality-control\/","url":"https:\/\/www.aarbakke.no\/quality-control\/","name":"Quality control - Aarbakke","isPartOf":{"@id":"https:\/\/www.aarbakke.no\/#website"},"datePublished":"2026-02-24T11:40:10+00:00","dateModified":"2026-04-21T12:22:13+00:00","breadcrumb":{"@id":"https:\/\/www.aarbakke.no\/quality-control\/#breadcrumb"},"inLanguage":"nb-NO","potentialAction":[{"@type":"ReadAction","target":["https:\/\/www.aarbakke.no\/quality-control\/"]}]},{"@type":"BreadcrumbList","@id":"https:\/\/www.aarbakke.no\/quality-control\/#breadcrumb","itemListElement":[{"@type":"ListItem","position":1,"name":"Home","item":"https:\/\/www.aarbakke.no\/"},{"@type":"ListItem","position":2,"name":"Quality control"}]},{"@type":"WebSite","@id":"https:\/\/www.aarbakke.no\/#website","url":"https:\/\/www.aarbakke.no\/","name":"Aarbakke","description":"","potentialAction":[{"@type":"SearchAction","target":{"@type":"EntryPoint","urlTemplate":"https:\/\/www.aarbakke.no\/?s={search_term_string}"},"query-input":{"@type":"PropertyValueSpecification","valueRequired":true,"valueName":"search_term_string"}}],"inLanguage":"nb-NO"}]}},"_links":{"self":[{"href":"https:\/\/www.aarbakke.no\/nb\/wp-json\/wp\/v2\/pages\/715","targetHints":{"allow":["GET"]}}],"collection":[{"href":"https:\/\/www.aarbakke.no\/nb\/wp-json\/wp\/v2\/pages"}],"about":[{"href":"https:\/\/www.aarbakke.no\/nb\/wp-json\/wp\/v2\/types\/page"}],"author":[{"embeddable":true,"href":"https:\/\/www.aarbakke.no\/nb\/wp-json\/wp\/v2\/users\/2"}],"replies":[{"embeddable":true,"href":"https:\/\/www.aarbakke.no\/nb\/wp-json\/wp\/v2\/comments?post=715"}],"version-history":[{"count":24,"href":"https:\/\/www.aarbakke.no\/nb\/wp-json\/wp\/v2\/pages\/715\/revisions"}],"predecessor-version":[{"id":2333,"href":"https:\/\/www.aarbakke.no\/nb\/wp-json\/wp\/v2\/pages\/715\/revisions\/2333"}],"wp:attachment":[{"href":"https:\/\/www.aarbakke.no\/nb\/wp-json\/wp\/v2\/media?parent=715"}],"curies":[{"name":"wp","href":"https:\/\/api.w.org\/{rel}","templated":true}]}}