{"id":714,"date":"2026-02-24T12:39:09","date_gmt":"2026-02-24T11:39:09","guid":{"rendered":"https:\/\/aarbakke.wp1.hcweb.dev\/?page_id=714"},"modified":"2026-04-17T11:29:15","modified_gmt":"2026-04-17T09:29:15","slug":"assembly-and-testing","status":"publish","type":"page","link":"https:\/\/www.aarbakke.no\/nb\/assembly-and-testing\/","title":{"rendered":"Montering og testing"},"content":{"rendered":"<section class=\"bde-section-714-100 bde-section\">\n  \n  \n\t\n\n\n\n<div class=\"section-container\"><div class=\"bde-div-714-101 bde-div\">\n  \n  \n\t\n\n\n\n<a class=\"bde-container-link-714-115 bde-container-link breakdance-link\" href=\"\/nb\/services\/\" target=\"_self\" data-type=\"url\">\n  \n  \n\t\n\n\n\n<h2 class=\"bde-heading-714-102 bde-heading\">\nTJENESTER\n<\/h2>\n\n<\/a><h2 class=\"bde-heading-714-103 bde-heading\">\nMontering og testing\n<\/h2>\n<\/div><div class=\"bde-div-714-104 bde-div\">\n  \n  \n\t\n\n\n\n\n<\/div><\/div>\n<\/section><section class=\"bde-section-714-105 bde-section\">\n  \n  \n\t\n\n\n\n<div class=\"section-container\"><h2 class=\"bde-heading-714-106 bde-heading\" data-entrance=\"fade\">\nMontering i stor skala\n<\/h2><h3 class=\"bde-heading-714-107 bde-heading\" data-entrance=\"fade\">\nHvor komplekse systemer tar form\n<\/h3><div class=\"bde-div-714-108 bde-div\">\n  \n  \n\t\n\n\n\n<div class=\"bde-div-714-109 bde-div\">\n  \n  \n\t\n\n\n\n<div class=\"bde-text-714-110 bde-text translation-block\" data-entrance=\"fade\">V\u00e5r <b>1800 m\u00b2 <\/b>dedikerte monterings- og testhall er utviklet for \u00e5 h\u00e5ndtere komplekse, storskala mekaniske systemer. Anlegget kombinerer romslige arealer, h\u00f8y l\u00f8ftekapasitet og avansert testinfrastruktur for \u00e5 sikre trygg, kontrollert og dokumentert gjennomf\u00f8ring.<br><br>Med monteringsstasjoner h\u00e5ndterer vi parallelle prosjekter samtidig som vi opprettholder strenge krav til kvalitet og sporbarhet gjennom hele prosessen. Testgroper st\u00f8tter h\u00f8ytrykks hydrauliske og mekaniske systemer i henhold til krevende industristandarder. Dedikerte fasiliteter for gasstesting utvider v\u00e5r kapasitet ytterligere og sikrer sikker og p\u00e5litelig verifisering av kritiske komponenter f\u00f8r levering.<br><br>Kombinasjonen av plass, infrastruktur og erfarent personell gj\u00f8r v\u00e5r monterings- og testhall til et kontrollert milj\u00f8 der ytelse, sikkerhet og dokumentasjon aldri kompromitteres.<\/div><div class=\"bde-text-714-114 bde-text\">\n<li>1800 m\u00b2 monterings- og testomr\u00e5de<\/li><br><li>9 monteringsstasjoner<\/li><br><li>5 testgroper for trykktesting opp til 1840 bar<\/li><br><li>H\u00e5ndterer komponenter opptil 30 meter i lengde og 2 meter i bredde<\/li><br><li>Fasiliteter for gasstesting<\/li>\n<\/div>\n<\/div><div class=\"bde-div-714-112 bde-div\">\n  \n  \n\t\n\n\n\n<img decoding=\"async\" class=\"bde-image2-714-113 bde-image2\" src=\"https:\/\/aarbakke.wp1.hcweb.dev\/wp-content\/uploads\/2026\/02\/03A1196-1.jpg\" loading=\"lazy\" srcset=\"https:\/\/aarbakke.wp1.hcweb.dev\/wp-content\/uploads\/2026\/02\/03A1196-1.jpg 2000w, https:\/\/aarbakke.wp1.hcweb.dev\/wp-content\/uploads\/2026\/02\/03A1196-1-300x200.jpg 300w, https:\/\/aarbakke.wp1.hcweb.dev\/wp-content\/uploads\/2026\/02\/03A1196-1-1024x683.jpg 1024w, https:\/\/aarbakke.wp1.hcweb.dev\/wp-content\/uploads\/2026\/02\/03A1196-1-768x512.jpg 768w, https:\/\/aarbakke.wp1.hcweb.dev\/wp-content\/uploads\/2026\/02\/03A1196-1-1536x1025.jpg 1536w\" sizes=\"(max-width: 2000px) 100vw, 2000px\">\n<\/div>\n<\/div><\/div>\n<\/section><section id=\"bd-fancy-section2\" class=\"bde-section-714-137 bde-section\">\n  \n  \n\t\n\n\n\n<div class=\"section-container\"><div class=\"bde-code-block-714-138 bde-code-block\" data-parallax=\"true\">\n\n  <section class=\"scroll-video-sveis-section\">\n\n  <div class=\"scroll-video-sveis-wrapper\">\n    <video \n        class=\"scroll-video-sveis\"\n        preload=\"auto\"\n        muted\n playsinline\n autoplay\n loop\n>\n        <source src=\"https:\/\/aarbakke.wp1.hcweb.dev\/wp-content\/uploads\/2026\/03\/Montering-og-test.mov\" type=\"video\/mp4\">\n    <\/video>\n  <\/div>\n\n<\/section>\n\n\n<\/div><\/div>\n<\/section><section class=\"bde-section-714-128 bde-section\">\n  \n  \n\t\n\n\n\n<div class=\"section-container\"><div id=\"bde-12345\" class=\"bde-div-714-129 bde-div\">\n  \n  \n\t\n\n\n\n<div class=\"bde-div-714-130 bde-div\">\n  \n  \n\t\n\n\n\n<img decoding=\"async\" class=\"bde-image2-714-131 bde-image2\" src=\"https:\/\/aarbakke.wp1.hcweb.dev\/wp-content\/uploads\/2026\/03\/MOTE2.jpg\" loading=\"lazy\" srcset=\"https:\/\/aarbakke.wp1.hcweb.dev\/wp-content\/uploads\/2026\/03\/MOTE2.jpg 2459w, https:\/\/aarbakke.wp1.hcweb.dev\/wp-content\/uploads\/2026\/03\/MOTE2-300x138.jpg 300w, https:\/\/aarbakke.wp1.hcweb.dev\/wp-content\/uploads\/2026\/03\/MOTE2-1024x470.jpg 1024w, https:\/\/aarbakke.wp1.hcweb.dev\/wp-content\/uploads\/2026\/03\/MOTE2-768x353.jpg 768w, https:\/\/aarbakke.wp1.hcweb.dev\/wp-content\/uploads\/2026\/03\/MOTE2-1536x705.jpg 1536w, https:\/\/aarbakke.wp1.hcweb.dev\/wp-content\/uploads\/2026\/03\/MOTE2-2048x940.jpg 2048w\" sizes=\"(max-width: 2459px) 100vw, 2459px\">\n<\/div><div class=\"bde-div-714-132 bde-div\" data-entrance=\"fade\">\n  \n  \n\t\n\n\n\n<h2 class=\"bde-heading-714-133 bde-heading\">\nHar du en teknisk utfordring?\n<\/h2><div class=\"bde-text-714-134 bde-text translation-block\">Enten du trenger ingeni\u00f8rst\u00f8tte i tidlig konseptutvikling, designoptimalisering, dokumentasjon eller produksjonsforberedelser, st\u00e5r vi klare til \u00e5 bist\u00e5.<br><br>Ta kontakt for \u00e5 diskutere prosjektkrav, tidslinjer og tekniske spesifikasjoner. Vi vil samarbeide med deg for \u00e5 finne en praktisk og effektiv l\u00f8sning.<\/div><div class=\"bde-div-714-135 bde-div\">\n  \n  \n\t\n\n\n\n<div class=\"bde-button-714-136 bde-button\">\n    \n                                    \n    \n    \n    \n    \n            \n                    \n            \n            \n\n    \n    \n    \n    \n    \n    <a class=\"breakdance-link button-atom button-atom--primary bde-button__button\" href=\"\/nb\/contact\/\" target=\"_self\" data-type=\"url\"  >\n\n    \n        <span class=\"button-atom__text\">Kontakt<\/span>\n\n        \n        \n                <\/a>\n\n    \n\n\n<\/div>\n<\/div>\n<\/div>\n<\/div><\/div>\n<\/section>","protected":false},"excerpt":{"rendered":"<p>SERVICES Assembly and testing Assembly at scale Where complex systems take shape Our 1800 m\u00b2 dedicated assembly and testing hall is designed to handle complex, large scale mechanical systems. The facility combines spacious layout, heavy lifting capacity and advanced testing infrastructure to ensure safe, controlled and documented execution.With assembly stations, we manage parallel project execution [&hellip;]<\/p>\n","protected":false},"author":2,"featured_media":0,"parent":0,"menu_order":0,"comment_status":"closed","ping_status":"closed","template":"","meta":{"_acf_changed":false,"_breakdance_hide_in_design_set":false,"_breakdance_tags":"","footnotes":""},"class_list":["post-714","page","type-page","status-publish","hentry"],"acf":[],"yoast_head":"<!-- This site is optimized with the Yoast SEO plugin v27.0 - https:\/\/yoast.com\/product\/yoast-seo-wordpress\/ -->\n<title>Assembly and testing - Aarbakke<\/title>\n<meta name=\"robots\" content=\"index, follow, max-snippet:-1, max-image-preview:large, max-video-preview:-1\" \/>\n<link rel=\"canonical\" href=\"https:\/\/www.aarbakke.no\/nb\/assembly-and-testing\/\" \/>\n<meta property=\"og:locale\" content=\"nb_NO\" \/>\n<meta property=\"og:type\" content=\"article\" \/>\n<meta property=\"og:title\" content=\"Assembly and testing - Aarbakke\" \/>\n<meta property=\"og:description\" content=\"SERVICES Assembly and testing Assembly at scale Where complex systems take shape Our 1800 m\u00b2 dedicated assembly and testing hall is designed to handle complex, large scale mechanical systems. The facility combines spacious layout, heavy lifting capacity and advanced testing infrastructure to ensure safe, controlled and documented execution.With assembly stations, we manage parallel project execution [&hellip;]\" \/>\n<meta property=\"og:url\" content=\"https:\/\/www.aarbakke.no\/nb\/assembly-and-testing\/\" \/>\n<meta property=\"og:site_name\" content=\"Aarbakke\" \/>\n<meta property=\"article:modified_time\" content=\"2026-04-17T09:29:15+00:00\" \/>\n<meta name=\"twitter:card\" content=\"summary_large_image\" \/>\n<script type=\"application\/ld+json\" class=\"yoast-schema-graph\">{\"@context\":\"https:\/\/schema.org\",\"@graph\":[{\"@type\":\"WebPage\",\"@id\":\"https:\/\/www.aarbakke.no\/assembly-and-testing\/\",\"url\":\"https:\/\/www.aarbakke.no\/assembly-and-testing\/\",\"name\":\"Assembly and testing - Aarbakke\",\"isPartOf\":{\"@id\":\"https:\/\/www.aarbakke.no\/#website\"},\"datePublished\":\"2026-02-24T11:39:09+00:00\",\"dateModified\":\"2026-04-17T09:29:15+00:00\",\"breadcrumb\":{\"@id\":\"https:\/\/www.aarbakke.no\/assembly-and-testing\/#breadcrumb\"},\"inLanguage\":\"nb-NO\",\"potentialAction\":[{\"@type\":\"ReadAction\",\"target\":[\"https:\/\/www.aarbakke.no\/assembly-and-testing\/\"]}]},{\"@type\":\"BreadcrumbList\",\"@id\":\"https:\/\/www.aarbakke.no\/assembly-and-testing\/#breadcrumb\",\"itemListElement\":[{\"@type\":\"ListItem\",\"position\":1,\"name\":\"Home\",\"item\":\"https:\/\/www.aarbakke.no\/\"},{\"@type\":\"ListItem\",\"position\":2,\"name\":\"Assembly and testing\"}]},{\"@type\":\"WebSite\",\"@id\":\"https:\/\/www.aarbakke.no\/#website\",\"url\":\"https:\/\/www.aarbakke.no\/\",\"name\":\"Aarbakke\",\"description\":\"\",\"potentialAction\":[{\"@type\":\"SearchAction\",\"target\":{\"@type\":\"EntryPoint\",\"urlTemplate\":\"https:\/\/www.aarbakke.no\/?s={search_term_string}\"},\"query-input\":{\"@type\":\"PropertyValueSpecification\",\"valueRequired\":true,\"valueName\":\"search_term_string\"}}],\"inLanguage\":\"nb-NO\"}]}<\/script>\n<!-- \/ Yoast SEO plugin. -->","yoast_head_json":{"title":"Assembly and testing - Aarbakke","robots":{"index":"index","follow":"follow","max-snippet":"max-snippet:-1","max-image-preview":"max-image-preview:large","max-video-preview":"max-video-preview:-1"},"canonical":"https:\/\/www.aarbakke.no\/nb\/assembly-and-testing\/","og_locale":"nb_NO","og_type":"article","og_title":"Assembly and testing - Aarbakke","og_description":"SERVICES Assembly and testing Assembly at scale Where complex systems take shape Our 1800 m\u00b2 dedicated assembly and testing hall is designed to handle complex, large scale mechanical systems. The facility combines spacious layout, heavy lifting capacity and advanced testing infrastructure to ensure safe, controlled and documented execution.With assembly stations, we manage parallel project execution [&hellip;]","og_url":"https:\/\/www.aarbakke.no\/nb\/assembly-and-testing\/","og_site_name":"Aarbakke","article_modified_time":"2026-04-17T09:29:15+00:00","twitter_card":"summary_large_image","schema":{"@context":"https:\/\/schema.org","@graph":[{"@type":"WebPage","@id":"https:\/\/www.aarbakke.no\/assembly-and-testing\/","url":"https:\/\/www.aarbakke.no\/assembly-and-testing\/","name":"Assembly and testing - Aarbakke","isPartOf":{"@id":"https:\/\/www.aarbakke.no\/#website"},"datePublished":"2026-02-24T11:39:09+00:00","dateModified":"2026-04-17T09:29:15+00:00","breadcrumb":{"@id":"https:\/\/www.aarbakke.no\/assembly-and-testing\/#breadcrumb"},"inLanguage":"nb-NO","potentialAction":[{"@type":"ReadAction","target":["https:\/\/www.aarbakke.no\/assembly-and-testing\/"]}]},{"@type":"BreadcrumbList","@id":"https:\/\/www.aarbakke.no\/assembly-and-testing\/#breadcrumb","itemListElement":[{"@type":"ListItem","position":1,"name":"Home","item":"https:\/\/www.aarbakke.no\/"},{"@type":"ListItem","position":2,"name":"Assembly and testing"}]},{"@type":"WebSite","@id":"https:\/\/www.aarbakke.no\/#website","url":"https:\/\/www.aarbakke.no\/","name":"Aarbakke","description":"","potentialAction":[{"@type":"SearchAction","target":{"@type":"EntryPoint","urlTemplate":"https:\/\/www.aarbakke.no\/?s={search_term_string}"},"query-input":{"@type":"PropertyValueSpecification","valueRequired":true,"valueName":"search_term_string"}}],"inLanguage":"nb-NO"}]}},"_links":{"self":[{"href":"https:\/\/www.aarbakke.no\/nb\/wp-json\/wp\/v2\/pages\/714","targetHints":{"allow":["GET"]}}],"collection":[{"href":"https:\/\/www.aarbakke.no\/nb\/wp-json\/wp\/v2\/pages"}],"about":[{"href":"https:\/\/www.aarbakke.no\/nb\/wp-json\/wp\/v2\/types\/page"}],"author":[{"embeddable":true,"href":"https:\/\/www.aarbakke.no\/nb\/wp-json\/wp\/v2\/users\/2"}],"replies":[{"embeddable":true,"href":"https:\/\/www.aarbakke.no\/nb\/wp-json\/wp\/v2\/comments?post=714"}],"version-history":[{"count":39,"href":"https:\/\/www.aarbakke.no\/nb\/wp-json\/wp\/v2\/pages\/714\/revisions"}],"predecessor-version":[{"id":2279,"href":"https:\/\/www.aarbakke.no\/nb\/wp-json\/wp\/v2\/pages\/714\/revisions\/2279"}],"wp:attachment":[{"href":"https:\/\/www.aarbakke.no\/nb\/wp-json\/wp\/v2\/media?parent=714"}],"curies":[{"name":"wp","href":"https:\/\/api.w.org\/{rel}","templated":true}]}}