{"id":713,"date":"2026-02-24T12:40:27","date_gmt":"2026-02-24T11:40:27","guid":{"rendered":"https:\/\/aarbakke.wp1.hcweb.dev\/?page_id=713"},"modified":"2026-04-22T07:29:17","modified_gmt":"2026-04-22T05:29:17","slug":"documentation","status":"publish","type":"page","link":"https:\/\/www.aarbakke.no\/nb\/documentation\/","title":{"rendered":"Dokumentasjon"},"content":{"rendered":"<section class=\"bde-section-713-100 bde-section\">\n  \n  \n\t\n\n\n\n<div class=\"section-container\"><div class=\"bde-div-713-101 bde-div\">\n  \n  \n\t\n\n\n\n<a class=\"bde-container-link-713-115 bde-container-link breakdance-link\" href=\"\/nb\/services\/\" target=\"_self\" data-type=\"url\">\n  \n  \n\t\n\n\n\n<h2 class=\"bde-heading-713-102 bde-heading\">\nTJENESTER\n<\/h2>\n\n<\/a><h2 class=\"bde-heading-713-103 bde-heading\">\nDokumentasjon\n<\/h2>\n<\/div><div class=\"bde-div-713-104 bde-div\">\n  \n  \n\t\n\n\n\n\n<\/div><\/div>\n<\/section><section class=\"bde-section-713-105 bde-section\">\n  \n  \n\t\n\n\n\n<div class=\"section-container\"><h2 class=\"bde-heading-713-106 bde-heading\" data-entrance=\"fade\">\nFull sporbarhet\n<\/h2><h3 class=\"bde-heading-713-107 bde-heading\" data-entrance=\"fade\">\nAlle detaljer dokumenteres\n<\/h3><div class=\"bde-div-713-108 bde-div\">\n  \n  \n\t\n\n\n\n<div class=\"bde-div-713-109 bde-div\">\n  \n  \n\t\n\n\n\n<div class=\"bde-text-713-110 bde-text\" data-entrance=\"fade\">\nHos Aarbakke er produktdokumentasjon og levering til avtalt tid integrerte deler av produksjonsprosessen v\u00e5r.<br><br>Vi benytter et skreddersydd ERP-system som er utviklet for \u00e5 sikre full sporbarhet og kontroll over dokumentasjon, og sanntidssynlighet gjennom alle produksjonsstadier. Systemet er fullt integrert med v\u00e5r Remmert-materialh\u00e5ndteringsl\u00f8sning, noe som sikrer at produksjonsdata, materialflyt og dokumentasjon til enhver tid er samkj\u00f8rt <br>and real-time visibility throughout all production stages. The system is fully integrated with our Remmert material handling solution, ensuring that production data, material flow, and documentation are continuously aligned.<br><br>Denne integrerte, dokumentasjonsdrevne tiln\u00e6rmingen muliggj\u00f8r papirl\u00f8s rapportering, sanntidsstatusoppdateringer og godkjente dokumentasjonspakker tilgjengelig samtidig med det fysiske produktet.<br><br><br><b>Viktige fordeler med dokumentasjon<\/b>\n<\/div><div class=\"bde-text-713-114 bde-text\">\n<li>Sporbarhet gjennom hele prosessen fra start til slutt<br><br><\/li><li>Fullt digital og papirl\u00f8s dokumentasjon<br><br><\/li><li>Dokumentasjonspakker klare ved levering<br><br><\/li><li>P\u00e5litelig h\u00e5ndtering av store volumer med forutsigbar levering<\/li>\n<\/div>\n<\/div><div class=\"bde-div-713-112 bde-div\">\n  \n  \n\t\n\n\n\n<img decoding=\"async\" class=\"bde-image2-713-113 bde-image2\" src=\"https:\/\/aarbakke.wp1.hcweb.dev\/wp-content\/uploads\/2026\/03\/Documentasjon3-150x150.jpg\" loading=\"lazy\" srcset=\"https:\/\/aarbakke.wp1.hcweb.dev\/wp-content\/uploads\/2026\/03\/Documentasjon3.jpg 978w, https:\/\/aarbakke.wp1.hcweb.dev\/wp-content\/uploads\/2026\/03\/Documentasjon3-300x264.jpg 300w, https:\/\/aarbakke.wp1.hcweb.dev\/wp-content\/uploads\/2026\/03\/Documentasjon3-768x676.jpg 768w, https:\/\/aarbakke.wp1.hcweb.dev\/wp-content\/uploads\/2026\/03\/Documentasjon3-14x12.jpg 14w\" sizes=\"(max-width: 978px) 100vw, 978px\">\n<\/div>\n<\/div><\/div>\n<\/section><section id=\"bd-fancy-section2\" class=\"bde-section-713-137 bde-section\">\n  \n  \n\t\n\n\n\n<div class=\"section-container\"><div class=\"bde-code-block-713-138 bde-code-block\" data-parallax=\"true\">\n\n  <section class=\"scroll-video-sveis-section\">\n\n  <div class=\"scroll-video-sveis-wrapper\">\n    <video \n        class=\"scroll-video-sveis\"\n        preload=\"auto\"\n        muted\n playsinline\n autoplay\n loop\n>\n        <source src=\"https:\/\/aarbakke.wp1.hcweb.dev\/wp-content\/uploads\/2026\/03\/Doc.mov\" type=\"video\/mp4\">\n    <\/video>\n  <\/div>\n\n<\/section>\n\n\n<\/div><\/div>\n<\/section><section class=\"bde-section-713-128 bde-section\">\n  \n  \n\t\n\n\n\n<div class=\"section-container\"><div id=\"bde-12345\" class=\"bde-div-713-129 bde-div\">\n  \n  \n\t\n\n\n\n<div class=\"bde-div-713-130 bde-div\">\n  \n  \n\t\n\n\n\n<img decoding=\"async\" class=\"bde-image2-713-131 bde-image2\" src=\"https:\/\/aarbakke.wp1.hcweb.dev\/wp-content\/uploads\/2026\/04\/DOC.jpg\" loading=\"lazy\" srcset=\"https:\/\/aarbakke.wp1.hcweb.dev\/wp-content\/uploads\/2026\/04\/DOC.jpg 1104w, https:\/\/aarbakke.wp1.hcweb.dev\/wp-content\/uploads\/2026\/04\/DOC-300x164.jpg 300w, https:\/\/aarbakke.wp1.hcweb.dev\/wp-content\/uploads\/2026\/04\/DOC-1024x559.jpg 1024w, https:\/\/aarbakke.wp1.hcweb.dev\/wp-content\/uploads\/2026\/04\/DOC-768x419.jpg 768w, https:\/\/aarbakke.wp1.hcweb.dev\/wp-content\/uploads\/2026\/04\/DOC-18x10.jpg 18w\" sizes=\"(max-width: 1104px) 100vw, 1104px\">\n<\/div><div class=\"bde-div-713-132 bde-div\" data-entrance=\"fade\">\n  \n  \n\t\n\n\n\n<h2 class=\"bde-heading-713-133 bde-heading\">\nHar du en teknisk utfordring?\n<\/h2><div class=\"bde-text-713-134 bde-text translation-block\">Enten du trenger ingeni\u00f8rst\u00f8tte i tidlig konseptutvikling, designoptimalisering, dokumentasjon eller produksjonsforberedelser, st\u00e5r vi klare til \u00e5 bist\u00e5.<br><br>Ta kontakt for \u00e5 diskutere prosjektkrav, tidslinjer og tekniske spesifikasjoner. Vi vil samarbeide med deg for \u00e5 finne en praktisk og effektiv l\u00f8sning.<\/div><div class=\"bde-div-713-135 bde-div\">\n  \n  \n\t\n\n\n\n<div class=\"bde-button-713-136 bde-button\">\n    \n                                    \n    \n    \n    \n    \n            \n                    \n            \n            \n\n    \n    \n    \n    \n    \n    <a class=\"breakdance-link button-atom button-atom--primary bde-button__button\" href=\"\/nb\/contact\/\" target=\"_self\" data-type=\"url\"  >\n\n    \n        <span class=\"button-atom__text\">Kontakt<\/span>\n\n        \n        \n                <\/a>\n\n    \n\n\n<\/div>\n<\/div>\n<\/div>\n<\/div><\/div>\n<\/section>","protected":false},"excerpt":{"rendered":"<p>SERVICES Documentation Full traceability Every detail recorded At Aarbakke, product documentation and on-time delivery are integral parts of our production process.We operate a tailored ERP system designed to ensure full traceability, documentation control, and real-time visibility throughout all production stages. The system is fully integrated with our Remmert material handling solution, ensuring that production data, [&hellip;]<\/p>\n","protected":false},"author":2,"featured_media":0,"parent":0,"menu_order":0,"comment_status":"closed","ping_status":"closed","template":"","meta":{"_acf_changed":false,"_breakdance_hide_in_design_set":false,"_breakdance_tags":"","footnotes":""},"class_list":["post-713","page","type-page","status-publish","hentry"],"acf":[],"yoast_head":"<!-- This site is optimized with the Yoast SEO plugin v27.0 - https:\/\/yoast.com\/product\/yoast-seo-wordpress\/ -->\n<title>Documentation - Aarbakke<\/title>\n<meta name=\"robots\" content=\"index, follow, max-snippet:-1, max-image-preview:large, max-video-preview:-1\" \/>\n<link rel=\"canonical\" href=\"https:\/\/www.aarbakke.no\/nb\/documentation\/\" \/>\n<meta property=\"og:locale\" content=\"nb_NO\" \/>\n<meta property=\"og:type\" content=\"article\" \/>\n<meta property=\"og:title\" content=\"Documentation - Aarbakke\" \/>\n<meta property=\"og:description\" content=\"SERVICES Documentation Full traceability Every detail recorded At Aarbakke, product documentation and on-time delivery are integral parts of our production process.We operate a tailored ERP system designed to ensure full traceability, documentation control, and real-time visibility throughout all production stages. The system is fully integrated with our Remmert material handling solution, ensuring that production data, [&hellip;]\" \/>\n<meta property=\"og:url\" content=\"https:\/\/www.aarbakke.no\/nb\/documentation\/\" \/>\n<meta property=\"og:site_name\" content=\"Aarbakke\" \/>\n<meta property=\"article:modified_time\" content=\"2026-04-22T05:29:17+00:00\" \/>\n<meta name=\"twitter:card\" content=\"summary_large_image\" \/>\n<script type=\"application\/ld+json\" class=\"yoast-schema-graph\">{\"@context\":\"https:\/\/schema.org\",\"@graph\":[{\"@type\":\"WebPage\",\"@id\":\"https:\/\/www.aarbakke.no\/documentation\/\",\"url\":\"https:\/\/www.aarbakke.no\/documentation\/\",\"name\":\"Documentation - Aarbakke\",\"isPartOf\":{\"@id\":\"https:\/\/www.aarbakke.no\/#website\"},\"datePublished\":\"2026-02-24T11:40:27+00:00\",\"dateModified\":\"2026-04-22T05:29:17+00:00\",\"breadcrumb\":{\"@id\":\"https:\/\/www.aarbakke.no\/documentation\/#breadcrumb\"},\"inLanguage\":\"nb-NO\",\"potentialAction\":[{\"@type\":\"ReadAction\",\"target\":[\"https:\/\/www.aarbakke.no\/documentation\/\"]}]},{\"@type\":\"BreadcrumbList\",\"@id\":\"https:\/\/www.aarbakke.no\/documentation\/#breadcrumb\",\"itemListElement\":[{\"@type\":\"ListItem\",\"position\":1,\"name\":\"Home\",\"item\":\"https:\/\/www.aarbakke.no\/\"},{\"@type\":\"ListItem\",\"position\":2,\"name\":\"Documentation\"}]},{\"@type\":\"WebSite\",\"@id\":\"https:\/\/www.aarbakke.no\/#website\",\"url\":\"https:\/\/www.aarbakke.no\/\",\"name\":\"Aarbakke\",\"description\":\"\",\"potentialAction\":[{\"@type\":\"SearchAction\",\"target\":{\"@type\":\"EntryPoint\",\"urlTemplate\":\"https:\/\/www.aarbakke.no\/?s={search_term_string}\"},\"query-input\":{\"@type\":\"PropertyValueSpecification\",\"valueRequired\":true,\"valueName\":\"search_term_string\"}}],\"inLanguage\":\"nb-NO\"}]}<\/script>\n<!-- \/ Yoast SEO plugin. -->","yoast_head_json":{"title":"Documentation - Aarbakke","robots":{"index":"index","follow":"follow","max-snippet":"max-snippet:-1","max-image-preview":"max-image-preview:large","max-video-preview":"max-video-preview:-1"},"canonical":"https:\/\/www.aarbakke.no\/nb\/documentation\/","og_locale":"nb_NO","og_type":"article","og_title":"Documentation - Aarbakke","og_description":"SERVICES Documentation Full traceability Every detail recorded At Aarbakke, product documentation and on-time delivery are integral parts of our production process.We operate a tailored ERP system designed to ensure full traceability, documentation control, and real-time visibility throughout all production stages. The system is fully integrated with our Remmert material handling solution, ensuring that production data, [&hellip;]","og_url":"https:\/\/www.aarbakke.no\/nb\/documentation\/","og_site_name":"Aarbakke","article_modified_time":"2026-04-22T05:29:17+00:00","twitter_card":"summary_large_image","schema":{"@context":"https:\/\/schema.org","@graph":[{"@type":"WebPage","@id":"https:\/\/www.aarbakke.no\/documentation\/","url":"https:\/\/www.aarbakke.no\/documentation\/","name":"Documentation - Aarbakke","isPartOf":{"@id":"https:\/\/www.aarbakke.no\/#website"},"datePublished":"2026-02-24T11:40:27+00:00","dateModified":"2026-04-22T05:29:17+00:00","breadcrumb":{"@id":"https:\/\/www.aarbakke.no\/documentation\/#breadcrumb"},"inLanguage":"nb-NO","potentialAction":[{"@type":"ReadAction","target":["https:\/\/www.aarbakke.no\/documentation\/"]}]},{"@type":"BreadcrumbList","@id":"https:\/\/www.aarbakke.no\/documentation\/#breadcrumb","itemListElement":[{"@type":"ListItem","position":1,"name":"Home","item":"https:\/\/www.aarbakke.no\/"},{"@type":"ListItem","position":2,"name":"Documentation"}]},{"@type":"WebSite","@id":"https:\/\/www.aarbakke.no\/#website","url":"https:\/\/www.aarbakke.no\/","name":"Aarbakke","description":"","potentialAction":[{"@type":"SearchAction","target":{"@type":"EntryPoint","urlTemplate":"https:\/\/www.aarbakke.no\/?s={search_term_string}"},"query-input":{"@type":"PropertyValueSpecification","valueRequired":true,"valueName":"search_term_string"}}],"inLanguage":"nb-NO"}]}},"_links":{"self":[{"href":"https:\/\/www.aarbakke.no\/nb\/wp-json\/wp\/v2\/pages\/713","targetHints":{"allow":["GET"]}}],"collection":[{"href":"https:\/\/www.aarbakke.no\/nb\/wp-json\/wp\/v2\/pages"}],"about":[{"href":"https:\/\/www.aarbakke.no\/nb\/wp-json\/wp\/v2\/types\/page"}],"author":[{"embeddable":true,"href":"https:\/\/www.aarbakke.no\/nb\/wp-json\/wp\/v2\/users\/2"}],"replies":[{"embeddable":true,"href":"https:\/\/www.aarbakke.no\/nb\/wp-json\/wp\/v2\/comments?post=713"}],"version-history":[{"count":25,"href":"https:\/\/www.aarbakke.no\/nb\/wp-json\/wp\/v2\/pages\/713\/revisions"}],"predecessor-version":[{"id":2339,"href":"https:\/\/www.aarbakke.no\/nb\/wp-json\/wp\/v2\/pages\/713\/revisions\/2339"}],"wp:attachment":[{"href":"https:\/\/www.aarbakke.no\/nb\/wp-json\/wp\/v2\/media?parent=713"}],"curies":[{"name":"wp","href":"https:\/\/api.w.org\/{rel}","templated":true}]}}