{"id":658,"date":"2026-02-24T09:57:32","date_gmt":"2026-02-24T08:57:32","guid":{"rendered":"https:\/\/aarbakke.wp1.hcweb.dev\/?page_id=658"},"modified":"2026-04-17T11:17:25","modified_gmt":"2026-04-17T09:17:25","slug":"ndt","status":"publish","type":"page","link":"https:\/\/www.aarbakke.no\/nb\/ndt\/","title":{"rendered":"ndt"},"content":{"rendered":"<section class=\"bde-section-658-100 bde-section\">\n  \n  \n\t\n\n\n\n<div class=\"section-container\"><div class=\"bde-div-658-101 bde-div\">\n  \n  \n\t\n\n\n\n<a class=\"bde-container-link-658-153 bde-container-link breakdance-link\" href=\"\/nb\/services\/\" target=\"_self\" data-type=\"url\">\n  \n  \n\t\n\n\n\n<h2 class=\"bde-heading-658-102 bde-heading\">\nTJENESTER\n<\/h2>\n\n<\/a><h2 class=\"bde-heading-658-103 bde-heading\">\nNDT\n<\/h2>\n<\/div><div class=\"bde-div-658-104 bde-div\">\n  \n  \n\t\n\n\n\n\n<\/div><\/div>\n<\/section><section class=\"bde-section-658-140 bde-section\">\n  \n  \n\t\n\n\n\n<div class=\"section-container\"><h2 class=\"bde-heading-658-141 bde-heading\" data-entrance=\"fade\">\nKvalitet i alle ledd\n<\/h2><h3 class=\"bde-heading-658-142 bde-heading\" data-entrance=\"fade\">\nIkke-destruktiv testing\n<\/h3><div class=\"bde-div-658-143 bde-div\">\n  \n  \n\t\n\n\n\n<div class=\"bde-div-658-144 bde-div\">\n  \n  \n\t\n\n\n\n<div class=\"bde-text-658-145 bde-text translation-block\" data-entrance=\"fade\">Gjennom systematisk ikke-destruktiv testing sikrer Aarbakke at sveisede komponenter og kritiske deler oppfyller de h\u00f8yeste kravene til kvalitet og integritet, uten \u00e5 p\u00e5virke materialet eller strukturen. NDT er integrert som en naturlig del av v\u00e5r produksjonsprosess, og muliggj\u00f8r tidlig oppdagelse av feil, dokumentert samsvar og verifisert ytelse.<br><br>Aarbakke er sertifisert i henhold til NTO og tilbyr f\u00f8lgende NDT-tjenester internt:<\/div><div class=\"bde-text-658-151 bde-text\">\n<li>Visuell inspeksjon (VI)<\/li><br><li>Ultralydtesting (UT)<\/li><br><li>Penetrant- eller v\u00e6skeinntrengningstest (PT \/ DPI)<\/li><br><li>Magnetpulverinspeksjon (MPI)<\/li><br><li>Positiv materialidentifikasjon (PMI)<\/li><br><li>Tykkelsesm\u00e5ling av cladding (CTR)<\/li>\n<\/div><div class=\"bde-text-658-150 bde-text\">\nVi utf\u00f8rer ogs\u00e5 virvelstr\u00f8mtesting (ET) og radiografisk r\u00f8ntgentesting (RT) ved behov.<br><br>Et dedikert omr\u00e5de p\u00e5 60 m\u00b2 er avsatt til NDT-aktiviteter, bemannet av egne niv\u00e5 2- og niv\u00e5 3-sertifiserte NDT-operat\u00f8rer. Alle inspeksjoner utf\u00f8res i henhold til gjeldende standarder og kundespesifikasjoner, noe som sikrer full sporbarhet, transparens og tillit til strukturell integritet.\n<\/div><div class=\"bde-text-658-149 bde-text\" data-entrance=\"fade\">\n\n<\/div>\n<\/div><div class=\"bde-div-658-147 bde-div\">\n  \n  \n\t\n\n\n\n<img decoding=\"async\" class=\"bde-image2-658-152 bde-image2\" src=\"https:\/\/aarbakke.wp1.hcweb.dev\/wp-content\/uploads\/2026\/02\/03A0920.jpg\" loading=\"lazy\" srcset=\"https:\/\/aarbakke.wp1.hcweb.dev\/wp-content\/uploads\/2026\/02\/03A0920.jpg 2000w, https:\/\/aarbakke.wp1.hcweb.dev\/wp-content\/uploads\/2026\/02\/03A0920-300x200.jpg 300w, https:\/\/aarbakke.wp1.hcweb.dev\/wp-content\/uploads\/2026\/02\/03A0920-1024x683.jpg 1024w, https:\/\/aarbakke.wp1.hcweb.dev\/wp-content\/uploads\/2026\/02\/03A0920-768x512.jpg 768w, https:\/\/aarbakke.wp1.hcweb.dev\/wp-content\/uploads\/2026\/02\/03A0920-1536x1025.jpg 1536w\" sizes=\"(max-width: 2000px) 100vw, 2000px\">\n<\/div>\n<\/div><\/div>\n<\/section><section id=\"bd-fancy-section2\" class=\"bde-section-658-175 bde-section\">\n  \n  \n\t\n\n\n\n<div class=\"section-container\"><div class=\"bde-code-block-658-176 bde-code-block\" data-parallax=\"true\">\n\n  <section class=\"scroll-video-sveis-section\">\n\n  <div class=\"scroll-video-sveis-wrapper\">\n    <video \n        class=\"scroll-video-sveis\"\n        preload=\"auto\"\n        muted\n playsinline\n autoplay\n loop\n>\n        <source src=\"https:\/\/aarbakke.wp1.hcweb.dev\/wp-content\/uploads\/2026\/04\/NDT.mov\" type=\"video\/mp4\">\n    <\/video>\n  <\/div>\n\n<\/section>\n\n\n<\/div><\/div>\n<\/section><section class=\"bde-section-658-166 bde-section\">\n  \n  \n\t\n\n\n\n<div class=\"section-container\"><div id=\"bde-12345\" class=\"bde-div-658-167 bde-div\">\n  \n  \n\t\n\n\n\n<div class=\"bde-div-658-168 bde-div\">\n  \n  \n\t\n\n\n\n<img decoding=\"async\" class=\"bde-image2-658-169 bde-image2\" src=\"https:\/\/aarbakke.wp1.hcweb.dev\/wp-content\/uploads\/2026\/03\/QC2.jpg\" loading=\"lazy\" srcset=\"https:\/\/aarbakke.wp1.hcweb.dev\/wp-content\/uploads\/2026\/03\/QC2.jpg 2459w, https:\/\/aarbakke.wp1.hcweb.dev\/wp-content\/uploads\/2026\/03\/QC2-300x139.jpg 300w, https:\/\/aarbakke.wp1.hcweb.dev\/wp-content\/uploads\/2026\/03\/QC2-1024x475.jpg 1024w, https:\/\/aarbakke.wp1.hcweb.dev\/wp-content\/uploads\/2026\/03\/QC2-768x356.jpg 768w, https:\/\/aarbakke.wp1.hcweb.dev\/wp-content\/uploads\/2026\/03\/QC2-1536x712.jpg 1536w, https:\/\/aarbakke.wp1.hcweb.dev\/wp-content\/uploads\/2026\/03\/QC2-2048x949.jpg 2048w\" sizes=\"(max-width: 2459px) 100vw, 2459px\">\n<\/div><div class=\"bde-div-658-170 bde-div\" data-entrance=\"fade\">\n  \n  \n\t\n\n\n\n<h2 class=\"bde-heading-658-171 bde-heading\">\nHar du en teknisk utfordring?\n<\/h2><div class=\"bde-text-658-172 bde-text translation-block\">Enten du trenger ingeni\u00f8rst\u00f8tte i tidlig konseptutvikling, designoptimalisering, dokumentasjon eller produksjonsforberedelser, st\u00e5r vi klare til \u00e5 bist\u00e5.<br><br>Ta kontakt for \u00e5 diskutere prosjektkrav, tidslinjer og tekniske spesifikasjoner. Vi vil samarbeide med deg for \u00e5 finne en praktisk og effektiv l\u00f8sning.<\/div><div class=\"bde-div-658-173 bde-div\">\n  \n  \n\t\n\n\n\n<div class=\"bde-button-658-174 bde-button\">\n    \n                                    \n    \n    \n    \n    \n            \n                    \n            \n            \n\n    \n    \n    \n    \n    \n    <a class=\"breakdance-link button-atom button-atom--primary bde-button__button\" href=\"\/nb\/contact\/\" target=\"_self\" data-type=\"url\"  >\n\n    \n        <span class=\"button-atom__text\">Kontakt<\/span>\n\n        \n        \n                <\/a>\n\n    \n\n\n<\/div>\n<\/div>\n<\/div>\n<\/div><\/div>\n<\/section>","protected":false},"excerpt":{"rendered":"<p>SERVICES NDT Quality at every stage Non destrucitve testing Through systematic non-destructive testing, Aarbakke ensures that welded components and critical parts meet the highest standards of quality and integrity without affecting the material or structure. NDT is integrated as a natural part of our production process, enabling early detection of imperfections, documented compliance and verified [&hellip;]<\/p>\n","protected":false},"author":2,"featured_media":0,"parent":0,"menu_order":0,"comment_status":"closed","ping_status":"closed","template":"","meta":{"_acf_changed":false,"_breakdance_hide_in_design_set":false,"_breakdance_tags":"","footnotes":""},"class_list":["post-658","page","type-page","status-publish","hentry"],"acf":[],"yoast_head":"<!-- This site is optimized with the Yoast SEO plugin v27.0 - https:\/\/yoast.com\/product\/yoast-seo-wordpress\/ -->\n<title>ndt - Aarbakke<\/title>\n<meta name=\"robots\" content=\"index, follow, max-snippet:-1, max-image-preview:large, max-video-preview:-1\" \/>\n<link rel=\"canonical\" href=\"https:\/\/www.aarbakke.no\/nb\/ndt\/\" \/>\n<meta property=\"og:locale\" content=\"nb_NO\" \/>\n<meta property=\"og:type\" content=\"article\" \/>\n<meta property=\"og:title\" content=\"ndt - Aarbakke\" \/>\n<meta property=\"og:description\" content=\"SERVICES NDT Quality at every stage Non destrucitve testing Through systematic non-destructive testing, Aarbakke ensures that welded components and critical parts meet the highest standards of quality and integrity without affecting the material or structure. NDT is integrated as a natural part of our production process, enabling early detection of imperfections, documented compliance and verified [&hellip;]\" \/>\n<meta property=\"og:url\" content=\"https:\/\/www.aarbakke.no\/nb\/ndt\/\" \/>\n<meta property=\"og:site_name\" content=\"Aarbakke\" \/>\n<meta property=\"article:modified_time\" content=\"2026-04-17T09:17:25+00:00\" \/>\n<meta name=\"twitter:card\" content=\"summary_large_image\" \/>\n<meta name=\"twitter:label1\" content=\"Ansl. lesetid\" \/>\n\t<meta name=\"twitter:data1\" content=\"4 minutter\" \/>\n<script type=\"application\/ld+json\" class=\"yoast-schema-graph\">{\"@context\":\"https:\/\/schema.org\",\"@graph\":[{\"@type\":\"WebPage\",\"@id\":\"https:\/\/www.aarbakke.no\/ndt\/\",\"url\":\"https:\/\/www.aarbakke.no\/ndt\/\",\"name\":\"ndt - Aarbakke\",\"isPartOf\":{\"@id\":\"https:\/\/www.aarbakke.no\/#website\"},\"datePublished\":\"2026-02-24T08:57:32+00:00\",\"dateModified\":\"2026-04-17T09:17:25+00:00\",\"breadcrumb\":{\"@id\":\"https:\/\/www.aarbakke.no\/ndt\/#breadcrumb\"},\"inLanguage\":\"nb-NO\",\"potentialAction\":[{\"@type\":\"ReadAction\",\"target\":[\"https:\/\/www.aarbakke.no\/ndt\/\"]}]},{\"@type\":\"BreadcrumbList\",\"@id\":\"https:\/\/www.aarbakke.no\/ndt\/#breadcrumb\",\"itemListElement\":[{\"@type\":\"ListItem\",\"position\":1,\"name\":\"Home\",\"item\":\"https:\/\/www.aarbakke.no\/\"},{\"@type\":\"ListItem\",\"position\":2,\"name\":\"ndt\"}]},{\"@type\":\"WebSite\",\"@id\":\"https:\/\/www.aarbakke.no\/#website\",\"url\":\"https:\/\/www.aarbakke.no\/\",\"name\":\"Aarbakke\",\"description\":\"\",\"potentialAction\":[{\"@type\":\"SearchAction\",\"target\":{\"@type\":\"EntryPoint\",\"urlTemplate\":\"https:\/\/www.aarbakke.no\/?s={search_term_string}\"},\"query-input\":{\"@type\":\"PropertyValueSpecification\",\"valueRequired\":true,\"valueName\":\"search_term_string\"}}],\"inLanguage\":\"nb-NO\"}]}<\/script>\n<!-- \/ Yoast SEO plugin. -->","yoast_head_json":{"title":"ndt - Aarbakke","robots":{"index":"index","follow":"follow","max-snippet":"max-snippet:-1","max-image-preview":"max-image-preview:large","max-video-preview":"max-video-preview:-1"},"canonical":"https:\/\/www.aarbakke.no\/nb\/ndt\/","og_locale":"nb_NO","og_type":"article","og_title":"ndt - Aarbakke","og_description":"SERVICES NDT Quality at every stage Non destrucitve testing Through systematic non-destructive testing, Aarbakke ensures that welded components and critical parts meet the highest standards of quality and integrity without affecting the material or structure. NDT is integrated as a natural part of our production process, enabling early detection of imperfections, documented compliance and verified [&hellip;]","og_url":"https:\/\/www.aarbakke.no\/nb\/ndt\/","og_site_name":"Aarbakke","article_modified_time":"2026-04-17T09:17:25+00:00","twitter_card":"summary_large_image","twitter_misc":{"Ansl. lesetid":"4 minutter"},"schema":{"@context":"https:\/\/schema.org","@graph":[{"@type":"WebPage","@id":"https:\/\/www.aarbakke.no\/ndt\/","url":"https:\/\/www.aarbakke.no\/ndt\/","name":"ndt - Aarbakke","isPartOf":{"@id":"https:\/\/www.aarbakke.no\/#website"},"datePublished":"2026-02-24T08:57:32+00:00","dateModified":"2026-04-17T09:17:25+00:00","breadcrumb":{"@id":"https:\/\/www.aarbakke.no\/ndt\/#breadcrumb"},"inLanguage":"nb-NO","potentialAction":[{"@type":"ReadAction","target":["https:\/\/www.aarbakke.no\/ndt\/"]}]},{"@type":"BreadcrumbList","@id":"https:\/\/www.aarbakke.no\/ndt\/#breadcrumb","itemListElement":[{"@type":"ListItem","position":1,"name":"Home","item":"https:\/\/www.aarbakke.no\/"},{"@type":"ListItem","position":2,"name":"ndt"}]},{"@type":"WebSite","@id":"https:\/\/www.aarbakke.no\/#website","url":"https:\/\/www.aarbakke.no\/","name":"Aarbakke","description":"","potentialAction":[{"@type":"SearchAction","target":{"@type":"EntryPoint","urlTemplate":"https:\/\/www.aarbakke.no\/?s={search_term_string}"},"query-input":{"@type":"PropertyValueSpecification","valueRequired":true,"valueName":"search_term_string"}}],"inLanguage":"nb-NO"}]}},"_links":{"self":[{"href":"https:\/\/www.aarbakke.no\/nb\/wp-json\/wp\/v2\/pages\/658","targetHints":{"allow":["GET"]}}],"collection":[{"href":"https:\/\/www.aarbakke.no\/nb\/wp-json\/wp\/v2\/pages"}],"about":[{"href":"https:\/\/www.aarbakke.no\/nb\/wp-json\/wp\/v2\/types\/page"}],"author":[{"embeddable":true,"href":"https:\/\/www.aarbakke.no\/nb\/wp-json\/wp\/v2\/users\/2"}],"replies":[{"embeddable":true,"href":"https:\/\/www.aarbakke.no\/nb\/wp-json\/wp\/v2\/comments?post=658"}],"version-history":[{"count":33,"href":"https:\/\/www.aarbakke.no\/nb\/wp-json\/wp\/v2\/pages\/658\/revisions"}],"predecessor-version":[{"id":2262,"href":"https:\/\/www.aarbakke.no\/nb\/wp-json\/wp\/v2\/pages\/658\/revisions\/2262"}],"wp:attachment":[{"href":"https:\/\/www.aarbakke.no\/nb\/wp-json\/wp\/v2\/media?parent=658"}],"curies":[{"name":"wp","href":"https:\/\/api.w.org\/{rel}","templated":true}]}}