{"id":520,"date":"2026-02-20T11:04:14","date_gmt":"2026-02-20T10:04:14","guid":{"rendered":"https:\/\/aarbakke.wp1.hcweb.dev\/?page_id=520"},"modified":"2026-04-20T07:58:56","modified_gmt":"2026-04-20T05:58:56","slug":"hseq","status":"publish","type":"page","link":"https:\/\/www.aarbakke.no\/nb\/hseq\/","title":{"rendered":"HMSK"},"content":{"rendered":"<section class=\"bde-section-520-126 bde-section\">\n  \n  \n\t\n\n\n\n<div class=\"section-container\"><div class=\"bde-div-520-127 bde-div\">\n  \n  \n\t\n\n\n\n<a class=\"bde-container-link-520-128 bde-container-link breakdance-link\" href=\"\/nb\/services\/\" target=\"_self\" data-type=\"url\">\n  \n  \n\t\n\n\n\n<h2 class=\"bde-heading-520-129 bde-heading\">\nHMSK\n<\/h2>\n\n<\/a>\n<\/div><div class=\"bde-div-520-131 bde-div\">\n  \n  \n\t\n\n\n\n\n<\/div><\/div>\n<\/section><section class=\"bde-section-520-104 bde-section\">\n  \n  \n\t\n\n\n\n<div class=\"section-container\"><div class=\"bde-div-520-105 bde-div\">\n  \n  \n\t\n\n\n\n<h2 class=\"bde-heading-520-106 bde-heading\" data-entrance=\"fade\">\nHva vi leverer\n<\/h2><h1 class=\"bde-heading-520-114 bde-heading\">\nEVERY<font color=\"#e30813\">DETAIL<\/font>COUNTS\n<\/h1><div class=\"bde-text-520-108 bde-text translation-block\" data-entrance=\"fade\"><b>HMSK<\/b>  <br><br><b>Hos Aarbakke AS<\/b> leverer vi l\u00f8sninger av h\u00f8y kvalitet med et sterkt fokus p\u00e5 helse, sikkerhet, milj\u00f8 og levering til avtalt tid. V\u00e5r ambisjon er enkel: \u00e5 gj\u00f8re det riktig f\u00f8rste gang gjennom riktig kompetanse, velpr\u00f8vde metoder, kontinuerlig innovasjon og et sterkt fokus p\u00e5 trygg og konsistent gjennomf\u00f8ring.<br><br><b>V\u00e5re kunder<\/b> er avhengige av stabil ytelse innen kvalitet, sikkerhet og levering. Vi har som m\u00e5l \u00e5 v\u00e6re en p\u00e5litelig og forutsigbar partner, og investerer kontinuerlig i v\u00e5re ansatte, v\u00e5r toppmoderne maskinpark og sterke faglige nettverk og arenaer for erfaringsdeling. Sammen med et omfattende nettverk av kvalifiserte og p\u00e5litelige leverand\u00f8rer gir dette fleksibilitet og kapasitet til \u00e5 m\u00f8te endrede behov og levere komplekse prosjekter.<br><br><b>Vi opererer<\/b> innenfor sertifiserte styringssystemer, hvor v\u00e5re HMSK-prosesser er tydelig definert, systematisk m\u00e5lt og kontinuerlig forbedret i tr\u00e5d med internasjonale standarder. Gjennom innovasjon og en proaktiv tiln\u00e6rming til utvikling ligger vi i forkant i en bransje i rask utvikling, og hever kontinuerlig niv\u00e5et for kvalitet, sikkerhet og ytelse.<br><br><b><br>Utforsk v\u00e5re HMSK-disipliner nedenfor<\/b><\/div><div class=\"bde-div-520-112 bde-div\">\n  \n  \n\t\n\n\n\n<div class=\"bde-button-520-109 bde-button\">\n    \n                                    \n    \n    \n    \n    \n            \n                    \n            \n            \n\n    \n    \n    \n    \n    \n    <a class=\"breakdance-link button-atom button-atom--primary bde-button__button\" href=\"\/nb\/certificates\/\" target=\"_self\" data-type=\"url\"  >\n\n    \n        <span class=\"button-atom__text\">Sertifikater<\/span>\n\n        \n        \n                <\/a>\n\n    \n\n\n<\/div><div class=\"bde-button-520-111 bde-button\">\n    \n                                    \n    \n    \n    \n    \n            \n                    \n            \n            \n\n    \n    \n    \n    \n    \n    <a class=\"breakdance-link button-atom button-atom--primary bde-button__button\" href=\"\/nb\/hseq-policy\/\" target=\"_self\" data-type=\"url\"  >\n\n    \n        <span class=\"button-atom__text\">HMSK-policy<\/span>\n\n        \n        \n                <\/a>\n\n    \n\n\n<\/div><div class=\"bde-button-520-110 bde-button\">\n    \n                                    \n    \n    \n    \n    \n            \n                    \n            \n            \n\n    \n    \n    \n    \n    \n    <a class=\"breakdance-link button-atom button-atom--primary bde-button__button\" href=\"\/nb\/ethical-guidelines\/\" target=\"_self\" data-type=\"url\"  >\n\n    \n        <span class=\"button-atom__text\">Etiske retningslinjer<\/span>\n\n        \n        \n                <\/a>\n\n    \n\n\n<\/div><div class=\"bde-button-520-113 bde-button\">\n    \n                                    \n    \n    \n    \n    \n            \n                    \n            \n            \n\n    \n    \n    \n    \n    \n    <a class=\"breakdance-link button-atom button-atom--primary bde-button__button\" href=\"\/nb\/transparency-act\/\" target=\"_self\" data-type=\"url\"  >\n\n    \n        <span class=\"button-atom__text\">Lov om \u00e5penhet<\/span>\n\n        \n        \n                <\/a>\n\n    \n\n\n<\/div>\n<\/div>\n<\/div><\/div>\n<\/section><section class=\"bde-section-520-116 bde-section\">\n  \n  \n\t\n\n\n\n        <div class=\"section-shape-divider-wrapper section-shape-divider-wrapper--1\">\n          <span class=\"section-shape-divider\">\n                      <svg\n                xmlns=\"http:\/\/www.w3.org\/2000\/svg\"\n                viewbox=\"0 0 1440 320\"\n                preserveaspectratio=\"none\"\n            >\n              <path fill=\"currentColor\" fill-opacity=\"1\" d=\"M0,288L1440,0L1440,320L0,320Z\"><\/path>\n            <\/svg>\n                    <\/span>\n      <\/div>\n  <div class=\"section-container\"><div id=\"bde-12345\" class=\"bde-div-520-117 bde-div\">\n  \n  \n\t\n\n\n\n<div class=\"bde-div-520-118 bde-div\">\n  \n  \n\t\n\n\n\n<div class=\"bde-post-loop-520-119 bde-post-loop\"><div class=\"bde-loop bde-loop-grid ee-posts ee-posts-grid\">    <article class=\"bde-loop-item ee-post\">\n        <div class=\"bde-div-1212-100-1674-1212-1 bde-div employee-card bde-div-1212-100\">\n  \n  \n\t\n\n\n\n<img decoding=\"async\" class=\"bde-image2-1212-101-1674-1212-1 bde-image2 bde-image2-1212-101\" src=\"https:\/\/www.aarbakke.no\/wp-content\/uploads\/2026\/03\/person-icon-male-user-profile-avatar-vector-18833562-kopi.jpg\" loading=\"lazy\" srcset=\"https:\/\/www.aarbakke.no\/wp-content\/uploads\/2026\/03\/person-icon-male-user-profile-avatar-vector-18833562-kopi.jpg 996w, https:\/\/www.aarbakke.no\/wp-content\/uploads\/2026\/03\/person-icon-male-user-profile-avatar-vector-18833562-kopi-300x270.jpg 300w, https:\/\/www.aarbakke.no\/wp-content\/uploads\/2026\/03\/person-icon-male-user-profile-avatar-vector-18833562-kopi-768x690.jpg 768w\" sizes=\"(max-width: 996px) 100vw, 996px\"><h2 id=\"employee-name\" class=\"bde-heading-1212-102-1674-1212-1 bde-heading bde-heading-1212-102\">\nIngebj\u00f8rn Apeland\n<\/h2><div class=\"bde-text-1212-103-1674-1212-1 bde-text bde-text-1212-103\">\nOppl\u00e6ringsleder\n<\/div><div class=\"bde-text-1212-104-1674-1212-1 bde-text bde-text-1212-104\">\n909 30 155\n<\/div><div class=\"bde-text-1212-105-1674-1212-1 bde-text bde-text-1212-105\">\ningbjorn.apeland@aarbakke.no\n<\/div>\n<\/div>    <\/article>\n    <article class=\"bde-loop-item ee-post\">\n        <div class=\"bde-div-1212-100-1498-1212-1 bde-div employee-card bde-div-1212-100\">\n  \n  \n\t\n\n\n\n<img decoding=\"async\" class=\"bde-image2-1212-101-1498-1212-1 bde-image2 bde-image2-1212-101\" src=\"https:\/\/www.aarbakke.no\/wp-content\/uploads\/2026\/03\/B90AF0B1-856D-4A7C-B611-830F4FE66F50.jpg\" loading=\"lazy\" srcset=\"https:\/\/www.aarbakke.no\/wp-content\/uploads\/2026\/03\/B90AF0B1-856D-4A7C-B611-830F4FE66F50.jpg 969w, https:\/\/www.aarbakke.no\/wp-content\/uploads\/2026\/03\/B90AF0B1-856D-4A7C-B611-830F4FE66F50-283x300.jpg 283w, https:\/\/www.aarbakke.no\/wp-content\/uploads\/2026\/03\/B90AF0B1-856D-4A7C-B611-830F4FE66F50-967x1024.jpg 967w, https:\/\/www.aarbakke.no\/wp-content\/uploads\/2026\/03\/B90AF0B1-856D-4A7C-B611-830F4FE66F50-768x813.jpg 768w, https:\/\/www.aarbakke.no\/wp-content\/uploads\/2026\/03\/B90AF0B1-856D-4A7C-B611-830F4FE66F50-11x12.jpg 11w\" sizes=\"(max-width: 969px) 100vw, 969px\"><h2 id=\"employee-name\" class=\"bde-heading-1212-102-1498-1212-1 bde-heading bde-heading-1212-102\">\nMagne Sandst\u00f8l\n<\/h2><div class=\"bde-text-1212-103-1498-1212-1 bde-text bde-text-1212-103\">\nVP Production\n<\/div><div class=\"bde-text-1212-104-1498-1212-1 bde-text bde-text-1212-104\">\n+47 975 89 673\n<\/div><div class=\"bde-text-1212-105-1498-1212-1 bde-text bde-text-1212-105\">\nmagne.sandstol@aarbakke.no\n<\/div>\n<\/div>    <\/article>\n    <article class=\"bde-loop-item ee-post\">\n        <div class=\"bde-div-1212-100-1496-1212-1 bde-div employee-card bde-div-1212-100\">\n  \n  \n\t\n\n\n\n<img decoding=\"async\" class=\"bde-image2-1212-101-1496-1212-1 bde-image2 bde-image2-1212-101\" src=\"https:\/\/www.aarbakke.no\/wp-content\/uploads\/2026\/03\/78586A5D-92F4-4256-82C6-F64F4A20EE70.jpg\" loading=\"lazy\" srcset=\"https:\/\/www.aarbakke.no\/wp-content\/uploads\/2026\/03\/78586A5D-92F4-4256-82C6-F64F4A20EE70.jpg 1024w, https:\/\/www.aarbakke.no\/wp-content\/uploads\/2026\/03\/78586A5D-92F4-4256-82C6-F64F4A20EE70-291x300.jpg 291w, https:\/\/www.aarbakke.no\/wp-content\/uploads\/2026\/03\/78586A5D-92F4-4256-82C6-F64F4A20EE70-993x1024.jpg 993w, https:\/\/www.aarbakke.no\/wp-content\/uploads\/2026\/03\/78586A5D-92F4-4256-82C6-F64F4A20EE70-768x792.jpg 768w, https:\/\/www.aarbakke.no\/wp-content\/uploads\/2026\/03\/78586A5D-92F4-4256-82C6-F64F4A20EE70-12x12.jpg 12w\" sizes=\"(max-width: 1024px) 100vw, 1024px\"><h2 id=\"employee-name\" class=\"bde-heading-1212-102-1496-1212-1 bde-heading bde-heading-1212-102\">\nReid Skj\u00e6rpe\n<\/h2><div class=\"bde-text-1212-103-1496-1212-1 bde-text bde-text-1212-103\">\nNew Business Development\n<\/div><div class=\"bde-text-1212-104-1496-1212-1 bde-text bde-text-1212-104\">\n+47 930 07 278\n<\/div><div class=\"bde-text-1212-105-1496-1212-1 bde-text bde-text-1212-105\">\nreids@aarbakke.no\n<\/div>\n<\/div>    <\/article>\n    <article class=\"bde-loop-item ee-post\">\n        <div class=\"bde-div-1212-100-1493-1212-1 bde-div employee-card bde-div-1212-100\">\n  \n  \n\t\n\n\n\n<img decoding=\"async\" class=\"bde-image2-1212-101-1493-1212-1 bde-image2 bde-image2-1212-101\" src=\"https:\/\/www.aarbakke.no\/wp-content\/uploads\/2026\/03\/Anders.jpg\" loading=\"lazy\" srcset=\"https:\/\/www.aarbakke.no\/wp-content\/uploads\/2026\/03\/Anders.jpg 921w, https:\/\/www.aarbakke.no\/wp-content\/uploads\/2026\/03\/Anders-283x300.jpg 283w, https:\/\/www.aarbakke.no\/wp-content\/uploads\/2026\/03\/Anders-768x815.jpg 768w, https:\/\/www.aarbakke.no\/wp-content\/uploads\/2026\/03\/Anders-11x12.jpg 11w\" sizes=\"(max-width: 921px) 100vw, 921px\"><h2 id=\"employee-name\" class=\"bde-heading-1212-102-1493-1212-1 bde-heading bde-heading-1212-102\">\nAnders H\u00e5land\n<\/h2><div class=\"bde-text-1212-103-1493-1212-1 bde-text bde-text-1212-103\">\nKey Account Manager\n<\/div><div class=\"bde-text-1212-104-1493-1212-1 bde-text bde-text-1212-104\">\n+47 917 33 318\n<\/div><div class=\"bde-text-1212-105-1493-1212-1 bde-text bde-text-1212-105\">\nanders.haaland@aarbakke.no\n<\/div>\n<\/div>    <\/article>\n    <article class=\"bde-loop-item ee-post\">\n        <div class=\"bde-div-1212-100-1492-1212-1 bde-div employee-card bde-div-1212-100\">\n  \n  \n\t\n\n\n\n<img decoding=\"async\" class=\"bde-image2-1212-101-1492-1212-1 bde-image2 bde-image2-1212-101\" src=\"https:\/\/www.aarbakke.no\/wp-content\/uploads\/2026\/03\/03EC6156-909B-48C9-8ED8-36C3A70FD626.jpg\" loading=\"lazy\" srcset=\"https:\/\/www.aarbakke.no\/wp-content\/uploads\/2026\/03\/03EC6156-909B-48C9-8ED8-36C3A70FD626.jpg 961w, https:\/\/www.aarbakke.no\/wp-content\/uploads\/2026\/03\/03EC6156-909B-48C9-8ED8-36C3A70FD626-294x300.jpg 294w, https:\/\/www.aarbakke.no\/wp-content\/uploads\/2026\/03\/03EC6156-909B-48C9-8ED8-36C3A70FD626-768x785.jpg 768w, https:\/\/www.aarbakke.no\/wp-content\/uploads\/2026\/03\/03EC6156-909B-48C9-8ED8-36C3A70FD626-12x12.jpg 12w\" sizes=\"(max-width: 961px) 100vw, 961px\"><h2 id=\"employee-name\" class=\"bde-heading-1212-102-1492-1212-1 bde-heading bde-heading-1212-102\">\nGeir Egil Rosland\n<\/h2><div class=\"bde-text-1212-103-1492-1212-1 bde-text bde-text-1212-103\">\nManager Sales\n<\/div><div class=\"bde-text-1212-104-1492-1212-1 bde-text bde-text-1212-104\">\n+47 938 13 234\n<\/div><div class=\"bde-text-1212-105-1492-1212-1 bde-text bde-text-1212-105\">\ngeir.egil.rosland@aarbakke.no\n<\/div>\n<\/div>    <\/article>\n    <article class=\"bde-loop-item ee-post\">\n        <div class=\"bde-div-1212-100-1491-1212-1 bde-div employee-card bde-div-1212-100\">\n  \n  \n\t\n\n\n\n<img decoding=\"async\" class=\"bde-image2-1212-101-1491-1212-1 bde-image2 bde-image2-1212-101\" src=\"https:\/\/www.aarbakke.no\/wp-content\/uploads\/2026\/03\/687D84E4-1DF8-4D59-8291-715A77082E45.jpg\" loading=\"lazy\" srcset=\"https:\/\/www.aarbakke.no\/wp-content\/uploads\/2026\/03\/687D84E4-1DF8-4D59-8291-715A77082E45.jpg 985w, https:\/\/www.aarbakke.no\/wp-content\/uploads\/2026\/03\/687D84E4-1DF8-4D59-8291-715A77082E45-300x300.jpg 300w, https:\/\/www.aarbakke.no\/wp-content\/uploads\/2026\/03\/687D84E4-1DF8-4D59-8291-715A77082E45-150x150.jpg 150w, https:\/\/www.aarbakke.no\/wp-content\/uploads\/2026\/03\/687D84E4-1DF8-4D59-8291-715A77082E45-768x767.jpg 768w, https:\/\/www.aarbakke.no\/wp-content\/uploads\/2026\/03\/687D84E4-1DF8-4D59-8291-715A77082E45-12x12.jpg 12w\" sizes=\"(max-width: 985px) 100vw, 985px\"><h2 id=\"employee-name\" class=\"bde-heading-1212-102-1491-1212-1 bde-heading bde-heading-1212-102\">\nTom S\u00f8rskog\n<\/h2><div class=\"bde-text-1212-103-1491-1212-1 bde-text bde-text-1212-103\">\nKey Account Manager\n<\/div><div class=\"bde-text-1212-104-1491-1212-1 bde-text bde-text-1212-104\">\n+47 928 41 343\n<\/div><div class=\"bde-text-1212-105-1491-1212-1 bde-text bde-text-1212-105\">\ntom.sorskog@aarbakke.no\n<\/div>\n<\/div>    <\/article>\n    <article class=\"bde-loop-item ee-post\">\n        <div class=\"bde-div-1212-100-1490-1212-1 bde-div employee-card bde-div-1212-100\">\n  \n  \n\t\n\n\n\n<img decoding=\"async\" class=\"bde-image2-1212-101-1490-1212-1 bde-image2 bde-image2-1212-101\" src=\"https:\/\/www.aarbakke.no\/wp-content\/uploads\/2026\/03\/9B3CE494-F6DD-4CEE-B725-7BE93E91810E.jpg\" loading=\"lazy\" srcset=\"https:\/\/www.aarbakke.no\/wp-content\/uploads\/2026\/03\/9B3CE494-F6DD-4CEE-B725-7BE93E91810E.jpg 1024w, https:\/\/www.aarbakke.no\/wp-content\/uploads\/2026\/03\/9B3CE494-F6DD-4CEE-B725-7BE93E91810E-278x300.jpg 278w, https:\/\/www.aarbakke.no\/wp-content\/uploads\/2026\/03\/9B3CE494-F6DD-4CEE-B725-7BE93E91810E-950x1024.jpg 950w, https:\/\/www.aarbakke.no\/wp-content\/uploads\/2026\/03\/9B3CE494-F6DD-4CEE-B725-7BE93E91810E-768x828.jpg 768w, https:\/\/www.aarbakke.no\/wp-content\/uploads\/2026\/03\/9B3CE494-F6DD-4CEE-B725-7BE93E91810E-11x12.jpg 11w\" sizes=\"(max-width: 1024px) 100vw, 1024px\"><h2 id=\"employee-name\" class=\"bde-heading-1212-102-1490-1212-1 bde-heading bde-heading-1212-102\">\nKristian Steinnes\n<\/h2><div class=\"bde-text-1212-103-1490-1212-1 bde-text bde-text-1212-103\">\nVP Sales, Project & Procurement\n<\/div><div class=\"bde-text-1212-104-1490-1212-1 bde-text bde-text-1212-104\">\n+47 982 96 963\n<\/div><div class=\"bde-text-1212-105-1490-1212-1 bde-text bde-text-1212-105\">\nkristian.steinnes@aarbakke.no\n<\/div>\n<\/div>    <\/article>\n    <article class=\"bde-loop-item ee-post\">\n        <div class=\"bde-div-1212-100-1489-1212-1 bde-div employee-card bde-div-1212-100\">\n  \n  \n\t\n\n\n\n<img decoding=\"async\" class=\"bde-image2-1212-101-1489-1212-1 bde-image2 bde-image2-1212-101\" src=\"https:\/\/www.aarbakke.no\/wp-content\/uploads\/2026\/03\/A3697F82-D0AE-414A-9386-6389C5BFC856.jpg\" loading=\"lazy\" srcset=\"https:\/\/www.aarbakke.no\/wp-content\/uploads\/2026\/03\/A3697F82-D0AE-414A-9386-6389C5BFC856.jpg 1024w, https:\/\/www.aarbakke.no\/wp-content\/uploads\/2026\/03\/A3697F82-D0AE-414A-9386-6389C5BFC856-292x300.jpg 292w, https:\/\/www.aarbakke.no\/wp-content\/uploads\/2026\/03\/A3697F82-D0AE-414A-9386-6389C5BFC856-997x1024.jpg 997w, https:\/\/www.aarbakke.no\/wp-content\/uploads\/2026\/03\/A3697F82-D0AE-414A-9386-6389C5BFC856-768x789.jpg 768w, https:\/\/www.aarbakke.no\/wp-content\/uploads\/2026\/03\/A3697F82-D0AE-414A-9386-6389C5BFC856-12x12.jpg 12w\" sizes=\"(max-width: 1024px) 100vw, 1024px\"><h2 id=\"employee-name\" class=\"bde-heading-1212-102-1489-1212-1 bde-heading bde-heading-1212-102\">\nBjarne Lodden\n<\/h2><div class=\"bde-text-1212-103-1489-1212-1 bde-text bde-text-1212-103\">\nKey Account Manager\n<\/div><div class=\"bde-text-1212-104-1489-1212-1 bde-text bde-text-1212-104\">\n+47 934 90 585\n<\/div><div class=\"bde-text-1212-105-1489-1212-1 bde-text bde-text-1212-105\">\nbjarne.lodden@aarbakke.no\n<\/div>\n<\/div>    <\/article>\n<\/div>\r\n<\/div>\n<\/div><div class=\"bde-div-520-120 bde-div\" data-entrance=\"fade\">\n  \n  \n\t\n\n\n\n<h2 class=\"bde-heading-520-121 bde-heading\">\nHar du en HMSK utfordring?\n<\/h2><div class=\"bde-text-520-122 bde-text\">\nWe support you with health, safety, environment, and quality \u2013 from requirements and documentation to continuous improvement and compliance. Get in touch to discuss how we can assist your needs.\n<\/div><div class=\"bde-div-520-123 bde-div\">\n  \n  \n\t\n\n\n\n<div class=\"bde-button-520-124 bde-button\">\n    \n                                    \n    \n    \n    \n    \n            \n                    \n            \n            \n\n    \n    \n    \n    \n    \n    <a class=\"breakdance-link button-atom button-atom--primary bde-button__button\" href=\"tel:+47 930 07 278\" target=\"_self\" data-type=\"contact\"  >\n\n    \n        <span class=\"button-atom__text\">Ring<\/span>\n\n        \n        \n                <\/a>\n\n    \n\n\n<\/div><div class=\"bde-button-520-125 bde-button\">\n    \n                                    \n    \n    \n    \n    \n            \n            <button type=\"button\" class=\"button-atom button-atom--primary bde-button__button\"  >\n    \n        <span class=\"button-atom__text\">Send Epost<\/span>\n\n        \n        \n            <\/button>\n    \n\n\n<\/div>\n<\/div>\n<\/div>\n<\/div><\/div>\n<\/section>","protected":false},"excerpt":{"rendered":"<p>HSEQ What we deliver EVERYDETAILCOUNTS HSSEQ \u00a0At Aarbakke AS, we deliver high-quality solutions with a strong commitment to health, safety, environment, and on-time delivery. Our ambition is simple: to get it right the first time through the right expertise, proven methods, continuous innovation, and a strong focus on safe and consistent execution.Our customers depend on [&hellip;]<\/p>\n","protected":false},"author":2,"featured_media":0,"parent":0,"menu_order":0,"comment_status":"closed","ping_status":"closed","template":"","meta":{"_acf_changed":false,"_breakdance_hide_in_design_set":false,"_breakdance_tags":"","footnotes":""},"class_list":["post-520","page","type-page","status-publish","hentry"],"acf":[],"yoast_head":"<!-- This site is optimized with the Yoast SEO plugin v27.0 - https:\/\/yoast.com\/product\/yoast-seo-wordpress\/ -->\n<title>HSEQ - Aarbakke<\/title>\n<meta name=\"robots\" content=\"index, follow, max-snippet:-1, max-image-preview:large, max-video-preview:-1\" \/>\n<link rel=\"canonical\" href=\"https:\/\/www.aarbakke.no\/nb\/hseq\/\" \/>\n<meta property=\"og:locale\" content=\"nb_NO\" \/>\n<meta property=\"og:type\" content=\"article\" \/>\n<meta property=\"og:title\" content=\"HSEQ - Aarbakke\" \/>\n<meta property=\"og:description\" content=\"HSEQ What we deliver EVERYDETAILCOUNTS HSSEQ \u00a0At Aarbakke AS, we deliver high-quality solutions with a strong commitment to health, safety, environment, and on-time delivery. Our ambition is simple: to get it right the first time through the right expertise, proven methods, continuous innovation, and a strong focus on safe and consistent execution.Our customers depend on [&hellip;]\" \/>\n<meta property=\"og:url\" content=\"https:\/\/www.aarbakke.no\/nb\/hseq\/\" \/>\n<meta property=\"og:site_name\" content=\"Aarbakke\" \/>\n<meta property=\"article:modified_time\" content=\"2026-04-20T05:58:56+00:00\" \/>\n<meta name=\"twitter:card\" content=\"summary_large_image\" \/>\n<script type=\"application\/ld+json\" class=\"yoast-schema-graph\">{\"@context\":\"https:\/\/schema.org\",\"@graph\":[{\"@type\":\"WebPage\",\"@id\":\"https:\/\/www.aarbakke.no\/hseq\/\",\"url\":\"https:\/\/www.aarbakke.no\/hseq\/\",\"name\":\"HSEQ - Aarbakke\",\"isPartOf\":{\"@id\":\"https:\/\/www.aarbakke.no\/#website\"},\"datePublished\":\"2026-02-20T10:04:14+00:00\",\"dateModified\":\"2026-04-20T05:58:56+00:00\",\"breadcrumb\":{\"@id\":\"https:\/\/www.aarbakke.no\/hseq\/#breadcrumb\"},\"inLanguage\":\"nb-NO\",\"potentialAction\":[{\"@type\":\"ReadAction\",\"target\":[\"https:\/\/www.aarbakke.no\/hseq\/\"]}]},{\"@type\":\"BreadcrumbList\",\"@id\":\"https:\/\/www.aarbakke.no\/hseq\/#breadcrumb\",\"itemListElement\":[{\"@type\":\"ListItem\",\"position\":1,\"name\":\"Home\",\"item\":\"https:\/\/www.aarbakke.no\/\"},{\"@type\":\"ListItem\",\"position\":2,\"name\":\"HSEQ\"}]},{\"@type\":\"WebSite\",\"@id\":\"https:\/\/www.aarbakke.no\/#website\",\"url\":\"https:\/\/www.aarbakke.no\/\",\"name\":\"Aarbakke\",\"description\":\"\",\"potentialAction\":[{\"@type\":\"SearchAction\",\"target\":{\"@type\":\"EntryPoint\",\"urlTemplate\":\"https:\/\/www.aarbakke.no\/?s={search_term_string}\"},\"query-input\":{\"@type\":\"PropertyValueSpecification\",\"valueRequired\":true,\"valueName\":\"search_term_string\"}}],\"inLanguage\":\"nb-NO\"}]}<\/script>\n<!-- \/ Yoast SEO plugin. -->","yoast_head_json":{"title":"HSEQ - Aarbakke","robots":{"index":"index","follow":"follow","max-snippet":"max-snippet:-1","max-image-preview":"max-image-preview:large","max-video-preview":"max-video-preview:-1"},"canonical":"https:\/\/www.aarbakke.no\/nb\/hseq\/","og_locale":"nb_NO","og_type":"article","og_title":"HSEQ - Aarbakke","og_description":"HSEQ What we deliver EVERYDETAILCOUNTS HSSEQ \u00a0At Aarbakke AS, we deliver high-quality solutions with a strong commitment to health, safety, environment, and on-time delivery. Our ambition is simple: to get it right the first time through the right expertise, proven methods, continuous innovation, and a strong focus on safe and consistent execution.Our customers depend on [&hellip;]","og_url":"https:\/\/www.aarbakke.no\/nb\/hseq\/","og_site_name":"Aarbakke","article_modified_time":"2026-04-20T05:58:56+00:00","twitter_card":"summary_large_image","schema":{"@context":"https:\/\/schema.org","@graph":[{"@type":"WebPage","@id":"https:\/\/www.aarbakke.no\/hseq\/","url":"https:\/\/www.aarbakke.no\/hseq\/","name":"HSEQ - Aarbakke","isPartOf":{"@id":"https:\/\/www.aarbakke.no\/#website"},"datePublished":"2026-02-20T10:04:14+00:00","dateModified":"2026-04-20T05:58:56+00:00","breadcrumb":{"@id":"https:\/\/www.aarbakke.no\/hseq\/#breadcrumb"},"inLanguage":"nb-NO","potentialAction":[{"@type":"ReadAction","target":["https:\/\/www.aarbakke.no\/hseq\/"]}]},{"@type":"BreadcrumbList","@id":"https:\/\/www.aarbakke.no\/hseq\/#breadcrumb","itemListElement":[{"@type":"ListItem","position":1,"name":"Home","item":"https:\/\/www.aarbakke.no\/"},{"@type":"ListItem","position":2,"name":"HSEQ"}]},{"@type":"WebSite","@id":"https:\/\/www.aarbakke.no\/#website","url":"https:\/\/www.aarbakke.no\/","name":"Aarbakke","description":"","potentialAction":[{"@type":"SearchAction","target":{"@type":"EntryPoint","urlTemplate":"https:\/\/www.aarbakke.no\/?s={search_term_string}"},"query-input":{"@type":"PropertyValueSpecification","valueRequired":true,"valueName":"search_term_string"}}],"inLanguage":"nb-NO"}]}},"_links":{"self":[{"href":"https:\/\/www.aarbakke.no\/nb\/wp-json\/wp\/v2\/pages\/520","targetHints":{"allow":["GET"]}}],"collection":[{"href":"https:\/\/www.aarbakke.no\/nb\/wp-json\/wp\/v2\/pages"}],"about":[{"href":"https:\/\/www.aarbakke.no\/nb\/wp-json\/wp\/v2\/types\/page"}],"author":[{"embeddable":true,"href":"https:\/\/www.aarbakke.no\/nb\/wp-json\/wp\/v2\/users\/2"}],"replies":[{"embeddable":true,"href":"https:\/\/www.aarbakke.no\/nb\/wp-json\/wp\/v2\/comments?post=520"}],"version-history":[{"count":27,"href":"https:\/\/www.aarbakke.no\/nb\/wp-json\/wp\/v2\/pages\/520\/revisions"}],"predecessor-version":[{"id":2289,"href":"https:\/\/www.aarbakke.no\/nb\/wp-json\/wp\/v2\/pages\/520\/revisions\/2289"}],"wp:attachment":[{"href":"https:\/\/www.aarbakke.no\/nb\/wp-json\/wp\/v2\/media?parent=520"}],"curies":[{"name":"wp","href":"https:\/\/api.w.org\/{rel}","templated":true}]}}