{"id":488,"date":"2026-02-19T09:49:58","date_gmt":"2026-02-19T08:49:58","guid":{"rendered":"https:\/\/aarbakke.wp1.hcweb.dev\/?page_id=488"},"modified":"2026-04-30T09:16:00","modified_gmt":"2026-04-30T07:16:00","slug":"machining","status":"publish","type":"page","link":"https:\/\/www.aarbakke.no\/nb\/machining\/","title":{"rendered":"Maskinering"},"content":{"rendered":"<section class=\"bde-section-488-110 bde-section\">\n  \n  \n\t\n\n\n\n<div class=\"section-container\"><div class=\"bde-div-488-111 bde-div\">\n  \n  \n\t\n\n\n\n<a class=\"bde-container-link-488-175 bde-container-link breakdance-link\" href=\"\/nb\/services\/\" target=\"_self\" data-type=\"url\">\n  \n  \n\t\n\n\n\n<h2 class=\"bde-heading-488-112 bde-heading\">\nTJENESTER\n<\/h2>\n\n<\/a><h2 class=\"bde-heading-488-113 bde-heading\">\nMaskinering\n<\/h2>\n<\/div><div class=\"bde-div-488-114 bde-div\">\n  \n  \n\t\n\n\n\n\n<\/div><\/div>\n<\/section><section class=\"bde-section-488-115 bde-section\">\n  \n  \n\t\n\n\n\n<div class=\"section-container\"><div class=\"bde-div-488-116 bde-div\">\n  \n  \n\t\n\n\n\n<h2 class=\"bde-heading-488-117 bde-heading\" data-entrance=\"fade\">\nToppmoderne\n<\/h2><h3 class=\"bde-heading-488-118 bde-heading\" data-entrance=\"fade\">\nToppkvalifiserte CNC-operat\u00f8rer\n<\/h3><div class=\"bde-text-488-119 bde-text\" data-entrance=\"fade\">\nKombinasjonen av en ultramoderne maskinpark og h\u00f8yt kvalifiserte CNC-operat\u00f8rer gj\u00f8r Aarbakke i stand til \u00e5 levere sv\u00e6rt komplekse tjenester med stor fleksibilitet.\n<\/div><div class=\"bde-text-488-145 bde-text\" data-entrance=\"fade\">\nAarbakke produserer verkt\u00f8y til CNC-maskiner internt, noe som muliggj\u00f8r produksjon av spesialverkt\u00f8y og omsliping av eksisterende verkt\u00f8y.<br>Dette gir optimal utnyttelse og resirkulering av verkt\u00f8y.<br>Dermed oppn\u00e5r vi en optimal resirkulering av verkt\u00f8yforsyningen.<br><b><\/b>\n<\/div><h3 class=\"bde-heading-488-169 bde-heading\">\nMaskinpark\n<\/h3><div class=\"bde-text-488-170 bde-text\" data-entrance=\"fade\">\nNedenfor finner du snart en oversikt over v\u00e5r CNC-maskinpark og dens tekniske kapasiteter. Tabellen viser arbeidsdimensjoner, aksekonfigurasjon, verkt\u00f8ykapasitet og n\u00f8kkelspesifikasjoner. For prosjekttilpassede vurderinger, ta gjerne kontakt med v\u00e5rt ingeni\u00f8rteam.<br><br>Dette gir deg en klar forst\u00e5else av hva vi kan produsere, og hvordan komponenten din kan bearbeides i v\u00e5re fasiliteter.<br><br>For prosjektspesifikke vurderinger, vennligst kontakt oss.<b><\/b>\n<\/div>\n<\/div><div class=\"bde-div-488-172 bde-div\">\n  \n  \n\t\n\n\n\n<h3 class=\"bde-heading-488-174 bde-heading\" data-entrance=\"fade\">\nAarbakke tjenester\n<\/h3><div class=\"bde-text-488-173 bde-text\" data-entrance=\"fade\">\nDreiing<br><br>Fresing<br><br>Dypboring<br><br>EDM<br><br>Honing<br><br>Grinding<br><br>Boring\n<\/div>\n<\/div><\/div>\n<\/section><section id=\"bd-fancy-section2\" class=\"bde-section-488-191 bde-section\">\n  \n  \n\t\n\n\n\n<div class=\"section-container\"><div class=\"bde-code-block-488-192 bde-code-block\" data-parallax=\"true\">\n\n  <section class=\"scroll-video-sveis-section\">\n\n  <div class=\"scroll-video-sveis-wrapper\">\n    <video \n        class=\"scroll-video-sveis\"\n        preload=\"auto\"\n        muted\n playsinline\n autoplay\n loop\n>\n        <source src=\"https:\/\/aarbakke.wp1.hcweb.dev\/wp-content\/uploads\/2026\/03\/D0264E03-C04F-4B97-8C61-84D5D2C356A4.mov\" type=\"video\/mp4\">\n    <\/video>\n  <\/div>\n\n<\/section>\n\n\n<\/div><\/div>\n<\/section><section class=\"bde-section-488-147 bde-section\">\n  \n  \n\t\n\n\n\n<div class=\"section-container\"><h2 class=\"bde-heading-488-149 bde-heading\">\nMaskinpark\n<\/h2><div class=\"bde-text-488-150 bde-text\">\nNedenfor finner du en oversikt over v\u00e5r CNC-maskinpark og dens tekniske kapasiteter. Tabellen viser arbeidsdimensjoner, aksekonfigurasjon, verkt\u00f8ykapasitet og n\u00f8kkelspesifikasjoner. For prosjekttilpassede vurderinger, ta gjerne kontakt med v\u00e5rt ingeni\u00f8rteam.\n<\/div><div class=\"bde-code-block-488-171 bde-code-block\">\n\n  <!-- MACHINE PARK: Sort + Filter (vanilla JS) -->\n<div class=\"mp-wrap\" id=\"machine-park\">\n  <div class=\"mp-controls\">\n    <div class=\"mp-search\">\n      <label class=\"mp-label\" for=\"mpSearch\">S\u00f8k<\/label>\n      <input id=\"mpSearch\" class=\"mp-input\" type=\"search\" placeholder=\"Search description, machine no., type, capacities\u2026\" \/>\n    <\/div>\n\n    <div class=\"mp-filters\">\n      <div class=\"mp-field\">\n        <label class=\"mp-label\" for=\"mpType\">Machine type<\/label>\n        <select id=\"mpType\" class=\"mp-select\">\n          <option value=\"\">All<\/option>\n        <\/select>\n      <\/div>\n\n      <div class=\"mp-field\">\n        <label class=\"mp-label\" for=\"mpAxes\">Axes<\/label>\n        <select id=\"mpAxes\" class=\"mp-select\">\n          <option value=\"\">All<\/option>\n        <\/select>\n      <\/div>\n\n      <div class=\"mp-field\">\n        <label class=\"mp-label\" for=\"mpYN\">Y\/N<\/label>\n        <select id=\"mpYN\" class=\"mp-select\">\n          <option value=\"\">All<\/option>\n          <option value=\"1\">1<\/option>\n          <option value=\"0\">0<\/option>\n        <\/select>\n      <\/div>\n\n      <div class=\"mp-field\">\n        <label class=\"mp-label\" for=\"mpMinLen\">Min length (mm)<\/label>\n        <input id=\"mpMinLen\" class=\"mp-input\" type=\"number\" inputmode=\"numeric\" placeholder=\"e.g. 1000\" \/>\n      <\/div>\n\n      <div class=\"mp-field\">\n        <label class=\"mp-label\" for=\"mpMinDia\">Min diameter (mm)<\/label>\n        <input id=\"mpMinDia\" class=\"mp-input\" type=\"number\" inputmode=\"numeric\" placeholder=\"e.g. 500\" \/>\n      <\/div>\n\n      <div class=\"mp-field\">\n        <button class=\"mp-btn\" id=\"mpClear\" type=\"button\">Clear filters<\/button>\n      <\/div>\n    <\/div>\n  <\/div>\n\n  <div class=\"mp-meta\">\n    <div class=\"mp-count\"><span id=\"mpCount\">0<\/span> machines shown<\/div>\n    <div class=\"mp-hint\">Click headers to sort. Shift, click to add secondary sort.<\/div>\n  <\/div>\n\n  <div class=\"mp-table-wrap\" role=\"region\" aria-label=\"Machine park table\" tabindex=\"0\">\n    <table class=\"mp-table\" id=\"mpTable\">\n      <thead>\n        <tr>\n          <th data-key=\"description\" data-type=\"text\">Description <span class=\"mp-sort\"><\/span><\/th>\n          <th data-key=\"machineNumber\" data-type=\"text\">Machine No.<span class=\"mp-sort\"><\/span><\/th>\n          <th data-key=\"machineType\" data-type=\"text\">Machine type <span class=\"mp-sort\"><\/span><\/th>\n          <th data-key=\"maxHeight\" data-type=\"num\">Max height <span class=\"mp-sort\"><\/span><\/th>\n          <th data-key=\"maxLength\" data-type=\"num\">Max length <span class=\"mp-sort\"><\/span><\/th>\n          <th data-key=\"maxWidth\" data-type=\"num\">Max width <span class=\"mp-sort\"><\/span><\/th>\n          <th data-key=\"axes\" data-type=\"num\">Axes <span class=\"mp-sort\"><\/span><\/th>\n          <th data-key=\"yn\" data-type=\"num\">Y\/N <span class=\"mp-sort\"><\/span><\/th>\n          <th data-key=\"chuckSize\" data-type=\"num\">Chuck size <span class=\"mp-sort\"><\/span><\/th>\n          <th data-key=\"length\" data-type=\"num\">Length <span class=\"mp-sort\"><\/span><\/th>\n          <th data-key=\"diameter\" data-type=\"num\">Diameter <span class=\"mp-sort\"><\/span><\/th>\n          <th data-key=\"tools\" data-type=\"num\">No. of tools <span class=\"mp-sort\"><\/span><\/th>\n          <th data-key=\"other\" data-type=\"text\">Other capacities <span class=\"mp-sort\"><\/span><\/th>\n        <\/tr>\n      <\/thead>\n      <tbody id=\"mpTbody\">\n        <!-- Filled by JS -->\n      <\/tbody>\n    <\/table>\n  <\/div>\n<\/div>\n\n\n<\/div><\/div>\n<\/section><section class=\"bde-section-488-180 bde-section\">\n  \n  \n\t\n\n\n\n<div class=\"section-container\"><div id=\"bde-12345\" class=\"bde-div-488-181 bde-div\">\n  \n  \n\t\n\n\n\n<div class=\"bde-div-488-182 bde-div\">\n  \n  \n\t\n\n\n\n<img decoding=\"async\" class=\"bde-image2-488-190 bde-image2\" src=\"https:\/\/aarbakke.wp1.hcweb.dev\/wp-content\/uploads\/2026\/03\/Robot.jpg\" loading=\"lazy\" srcset=\"https:\/\/aarbakke.wp1.hcweb.dev\/wp-content\/uploads\/2026\/03\/Robot.jpg 2513w, https:\/\/aarbakke.wp1.hcweb.dev\/wp-content\/uploads\/2026\/03\/Robot-300x135.jpg 300w, https:\/\/aarbakke.wp1.hcweb.dev\/wp-content\/uploads\/2026\/03\/Robot-1024x462.jpg 1024w, https:\/\/aarbakke.wp1.hcweb.dev\/wp-content\/uploads\/2026\/03\/Robot-768x347.jpg 768w, https:\/\/aarbakke.wp1.hcweb.dev\/wp-content\/uploads\/2026\/03\/Robot-1536x694.jpg 1536w, https:\/\/aarbakke.wp1.hcweb.dev\/wp-content\/uploads\/2026\/03\/Robot-2048x925.jpg 2048w\" sizes=\"(max-width: 2513px) 100vw, 2513px\">\n<\/div><div class=\"bde-div-488-184 bde-div\" data-entrance=\"fade\">\n  \n  \n\t\n\n\n\n<h2 class=\"bde-heading-488-185 bde-heading\">\nHar du en teknisk utfordring?\n<\/h2><div class=\"bde-text-488-186 bde-text translation-block\">Enten du trenger ingeni\u00f8rst\u00f8tte i tidlig konseptutvikling, designoptimalisering, dokumentasjon eller produksjonsforberedelser, st\u00e5r vi klare til \u00e5 bist\u00e5.<br><br>Ta kontakt for \u00e5 diskutere prosjektkrav, tidslinjer og tekniske spesifikasjoner. Vi vil samarbeide med deg for \u00e5 finne en praktisk og effektiv l\u00f8sning.<\/div><div class=\"bde-div-488-187 bde-div\">\n  \n  \n\t\n\n\n\n<div class=\"bde-button-488-188 bde-button\">\n    \n                                    \n    \n    \n    \n    \n            \n                    \n            \n            \n\n    \n    \n    \n    \n    \n    <a class=\"breakdance-link button-atom button-atom--primary bde-button__button\" href=\"\/nb\/contact\/\" target=\"_self\" data-type=\"url\"  >\n\n    \n        <span class=\"button-atom__text\">Kontakt<\/span>\n\n        \n        \n                <\/a>\n\n    \n\n\n<\/div>\n<\/div>\n<\/div>\n<\/div><\/div>\n<\/section>","protected":false},"excerpt":{"rendered":"<p>SERVICES Machining State of the art Top qualified CNC-operators The combination of an ultra modern machine park and top qualified CNC-operators enable Aarbakke to provide highly complex services with great flexibility. Aarbakke manufactures tools for CNC machines in-house, enabling the production of special tooling and re-grinding of existing tools.Thereby we obtain an optimal recycling of [&hellip;]<\/p>\n","protected":false},"author":2,"featured_media":0,"parent":0,"menu_order":0,"comment_status":"closed","ping_status":"closed","template":"","meta":{"_acf_changed":false,"_breakdance_hide_in_design_set":false,"_breakdance_tags":"","footnotes":""},"class_list":["post-488","page","type-page","status-publish","hentry"],"acf":[],"yoast_head":"<!-- This site is optimized with the Yoast SEO plugin v27.0 - https:\/\/yoast.com\/product\/yoast-seo-wordpress\/ -->\n<title>Machining - Aarbakke<\/title>\n<meta name=\"robots\" content=\"index, follow, max-snippet:-1, max-image-preview:large, max-video-preview:-1\" \/>\n<link rel=\"canonical\" href=\"https:\/\/www.aarbakke.no\/nb\/machining\/\" \/>\n<meta property=\"og:locale\" content=\"nb_NO\" \/>\n<meta property=\"og:type\" content=\"article\" \/>\n<meta property=\"og:title\" content=\"Machining - Aarbakke\" \/>\n<meta property=\"og:description\" content=\"SERVICES Machining State of the art Top qualified CNC-operators The combination of an ultra modern machine park and top qualified CNC-operators enable Aarbakke to provide highly complex services with great flexibility. Aarbakke manufactures tools for CNC machines in-house, enabling the production of special tooling and re-grinding of existing tools.Thereby we obtain an optimal recycling of [&hellip;]\" \/>\n<meta property=\"og:url\" content=\"https:\/\/www.aarbakke.no\/nb\/machining\/\" \/>\n<meta property=\"og:site_name\" content=\"Aarbakke\" \/>\n<meta property=\"article:modified_time\" content=\"2026-04-30T07:16:00+00:00\" \/>\n<meta name=\"twitter:card\" content=\"summary_large_image\" \/>\n<meta name=\"twitter:label1\" content=\"Ansl. lesetid\" \/>\n\t<meta name=\"twitter:data1\" content=\"2 minutter\" \/>\n<script type=\"application\/ld+json\" class=\"yoast-schema-graph\">{\"@context\":\"https:\/\/schema.org\",\"@graph\":[{\"@type\":\"WebPage\",\"@id\":\"https:\/\/www.aarbakke.no\/machining\/\",\"url\":\"https:\/\/www.aarbakke.no\/machining\/\",\"name\":\"Machining - Aarbakke\",\"isPartOf\":{\"@id\":\"https:\/\/www.aarbakke.no\/#website\"},\"datePublished\":\"2026-02-19T08:49:58+00:00\",\"dateModified\":\"2026-04-30T07:16:00+00:00\",\"breadcrumb\":{\"@id\":\"https:\/\/www.aarbakke.no\/machining\/#breadcrumb\"},\"inLanguage\":\"nb-NO\",\"potentialAction\":[{\"@type\":\"ReadAction\",\"target\":[\"https:\/\/www.aarbakke.no\/machining\/\"]}]},{\"@type\":\"BreadcrumbList\",\"@id\":\"https:\/\/www.aarbakke.no\/machining\/#breadcrumb\",\"itemListElement\":[{\"@type\":\"ListItem\",\"position\":1,\"name\":\"Home\",\"item\":\"https:\/\/www.aarbakke.no\/\"},{\"@type\":\"ListItem\",\"position\":2,\"name\":\"Machining\"}]},{\"@type\":\"WebSite\",\"@id\":\"https:\/\/www.aarbakke.no\/#website\",\"url\":\"https:\/\/www.aarbakke.no\/\",\"name\":\"Aarbakke\",\"description\":\"\",\"potentialAction\":[{\"@type\":\"SearchAction\",\"target\":{\"@type\":\"EntryPoint\",\"urlTemplate\":\"https:\/\/www.aarbakke.no\/?s={search_term_string}\"},\"query-input\":{\"@type\":\"PropertyValueSpecification\",\"valueRequired\":true,\"valueName\":\"search_term_string\"}}],\"inLanguage\":\"nb-NO\"}]}<\/script>\n<!-- \/ Yoast SEO plugin. -->","yoast_head_json":{"title":"Machining - Aarbakke","robots":{"index":"index","follow":"follow","max-snippet":"max-snippet:-1","max-image-preview":"max-image-preview:large","max-video-preview":"max-video-preview:-1"},"canonical":"https:\/\/www.aarbakke.no\/nb\/machining\/","og_locale":"nb_NO","og_type":"article","og_title":"Machining - Aarbakke","og_description":"SERVICES Machining State of the art Top qualified CNC-operators The combination of an ultra modern machine park and top qualified CNC-operators enable Aarbakke to provide highly complex services with great flexibility. Aarbakke manufactures tools for CNC machines in-house, enabling the production of special tooling and re-grinding of existing tools.Thereby we obtain an optimal recycling of [&hellip;]","og_url":"https:\/\/www.aarbakke.no\/nb\/machining\/","og_site_name":"Aarbakke","article_modified_time":"2026-04-30T07:16:00+00:00","twitter_card":"summary_large_image","twitter_misc":{"Ansl. lesetid":"2 minutter"},"schema":{"@context":"https:\/\/schema.org","@graph":[{"@type":"WebPage","@id":"https:\/\/www.aarbakke.no\/machining\/","url":"https:\/\/www.aarbakke.no\/machining\/","name":"Machining - Aarbakke","isPartOf":{"@id":"https:\/\/www.aarbakke.no\/#website"},"datePublished":"2026-02-19T08:49:58+00:00","dateModified":"2026-04-30T07:16:00+00:00","breadcrumb":{"@id":"https:\/\/www.aarbakke.no\/machining\/#breadcrumb"},"inLanguage":"nb-NO","potentialAction":[{"@type":"ReadAction","target":["https:\/\/www.aarbakke.no\/machining\/"]}]},{"@type":"BreadcrumbList","@id":"https:\/\/www.aarbakke.no\/machining\/#breadcrumb","itemListElement":[{"@type":"ListItem","position":1,"name":"Home","item":"https:\/\/www.aarbakke.no\/"},{"@type":"ListItem","position":2,"name":"Machining"}]},{"@type":"WebSite","@id":"https:\/\/www.aarbakke.no\/#website","url":"https:\/\/www.aarbakke.no\/","name":"Aarbakke","description":"","potentialAction":[{"@type":"SearchAction","target":{"@type":"EntryPoint","urlTemplate":"https:\/\/www.aarbakke.no\/?s={search_term_string}"},"query-input":{"@type":"PropertyValueSpecification","valueRequired":true,"valueName":"search_term_string"}}],"inLanguage":"nb-NO"}]}},"_links":{"self":[{"href":"https:\/\/www.aarbakke.no\/nb\/wp-json\/wp\/v2\/pages\/488","targetHints":{"allow":["GET"]}}],"collection":[{"href":"https:\/\/www.aarbakke.no\/nb\/wp-json\/wp\/v2\/pages"}],"about":[{"href":"https:\/\/www.aarbakke.no\/nb\/wp-json\/wp\/v2\/types\/page"}],"author":[{"embeddable":true,"href":"https:\/\/www.aarbakke.no\/nb\/wp-json\/wp\/v2\/users\/2"}],"replies":[{"embeddable":true,"href":"https:\/\/www.aarbakke.no\/nb\/wp-json\/wp\/v2\/comments?post=488"}],"version-history":[{"count":65,"href":"https:\/\/www.aarbakke.no\/nb\/wp-json\/wp\/v2\/pages\/488\/revisions"}],"predecessor-version":[{"id":2360,"href":"https:\/\/www.aarbakke.no\/nb\/wp-json\/wp\/v2\/pages\/488\/revisions\/2360"}],"wp:attachment":[{"href":"https:\/\/www.aarbakke.no\/nb\/wp-json\/wp\/v2\/media?parent=488"}],"curies":[{"name":"wp","href":"https:\/\/api.w.org\/{rel}","templated":true}]}}