{"id":479,"date":"2026-02-17T13:30:34","date_gmt":"2026-02-17T12:30:34","guid":{"rendered":"https:\/\/aarbakke.wp1.hcweb.dev\/?page_id=479"},"modified":"2026-03-18T12:13:53","modified_gmt":"2026-03-18T11:13:53","slug":"engineering","status":"publish","type":"page","link":"https:\/\/www.aarbakke.no\/nb\/engineering\/","title":{"rendered":"Ingeni\u00f8rarbeid"},"content":{"rendered":"<section class=\"bde-section-479-100 bde-section\">\n  \n  \n\t\n\n\n\n<div class=\"section-container\"><div class=\"bde-div-479-101 bde-div\">\n  \n  \n\t\n\n\n\n<a class=\"bde-container-link-479-248 bde-container-link breakdance-link\" href=\"\/nb\/services\/\" target=\"_self\" data-type=\"url\">\n  \n  \n\t\n\n\n\n<h2 class=\"bde-heading-479-102 bde-heading\">\nTJENESTER\n<\/h2>\n\n<\/a><h2 class=\"bde-heading-479-104 bde-heading\">\nTEKNIKK\n<\/h2>\n<\/div><div class=\"bde-div-479-103 bde-div\">\n  \n  \n\t\n\n\n\n\n<\/div><\/div>\n<\/section><section class=\"bde-section-479-106 bde-section\">\n  \n  \n\t\n\n\n\n<div class=\"section-container\"><div class=\"bde-div-479-107 bde-div\">\n  \n  \n\t\n\n\n\n<h2 class=\"bde-heading-479-108 bde-heading\" data-entrance=\"fade\">\nOur unique combination\n<\/h2><h3 class=\"bde-heading-479-109 bde-heading\" data-entrance=\"fade\">\nEngineering for manufacturing\n<\/h3><div class=\"bde-text-479-110 bde-text\" data-entrance=\"fade\">\nAarbakke\u2019s unique combination of highly skilled engineers, manufacturing experts and world leading advanced mechanical production capacity is the recipe for efficient product development.<br><br>We will help you<br><br>\u2013 from idea to prototype<br>\u2013 make your product more competitive<br>\u2013 simplify your product<br>\u2013 improve the quality and\/or documented performance of your product<br>\u2013 solve difficult technical challenges<br><br>And we guarantee the safety of your intellectual properties in every possible way.<br>\n<\/div>\n<\/div><\/div>\n<\/section><section class=\"bde-section-479-184 bde-section\">\n  \n  \n\t\n\n\n\n<div class=\"section-container\"><div class=\"bde-text-479-235 bde-text\">\nStep by step\n<\/div><h2 class=\"bde-heading-479-236 bde-heading\">\nFive stages of product development\n<\/h2><div class=\"bde-text-479-237 bde-text\">\nEngineered for performance, simplicity, and quality.\n<\/div><div class=\"bde-div-479-185 bde-div\">\n  \n  \n\t\n\n\n\n<div class=\"bde-div-479-238 bde-div\">\n  \n  \n\t\n\n\n\n<img decoding=\"async\" class=\"bde-image2-479-186 bde-image2\" src=\"https:\/\/aarbakke.wp1.hcweb.dev\/wp-content\/uploads\/2026\/02\/4_aarbakke-engineering_nyfeasability-knapp4x-8.png\" loading=\"lazy\" srcset=\"https:\/\/aarbakke.wp1.hcweb.dev\/wp-content\/uploads\/2026\/02\/4_aarbakke-engineering_nyfeasability-knapp4x-8.png 402w, https:\/\/aarbakke.wp1.hcweb.dev\/wp-content\/uploads\/2026\/02\/4_aarbakke-engineering_nyfeasability-knapp4x-8-235x300.png 235w\" sizes=\"(max-width: 402px) 100vw, 402px\"><div class=\"bde-text-479-243 bde-text\">\n<b>STEP 1<\/b>\n<\/div>\n<\/div><div class=\"bde-div-479-242 bde-div\">\n  \n  \n\t\n\n\n\n<img decoding=\"async\" class=\"bde-image2-479-187 bde-image2\" src=\"https:\/\/aarbakke.wp1.hcweb.dev\/wp-content\/uploads\/2026\/02\/5_aarbakke-engineeringdesign-knapp4x-8.png\" loading=\"lazy\" srcset=\"https:\/\/aarbakke.wp1.hcweb.dev\/wp-content\/uploads\/2026\/02\/5_aarbakke-engineeringdesign-knapp4x-8.png 402w, https:\/\/aarbakke.wp1.hcweb.dev\/wp-content\/uploads\/2026\/02\/5_aarbakke-engineeringdesign-knapp4x-8-235x300.png 235w\" sizes=\"(max-width: 402px) 100vw, 402px\"><div class=\"bde-text-479-244 bde-text\">\n<b>STEP 2<\/b>\n<\/div>\n<\/div><div class=\"bde-div-479-241 bde-div\">\n  \n  \n\t\n\n\n\n<img decoding=\"async\" class=\"bde-image2-479-188 bde-image2\" src=\"https:\/\/aarbakke.wp1.hcweb.dev\/wp-content\/uploads\/2026\/02\/2_aarbakke-engineeringprototype-knapp4x-8.png\" loading=\"lazy\" srcset=\"https:\/\/aarbakke.wp1.hcweb.dev\/wp-content\/uploads\/2026\/02\/2_aarbakke-engineeringprototype-knapp4x-8.png 402w, https:\/\/aarbakke.wp1.hcweb.dev\/wp-content\/uploads\/2026\/02\/2_aarbakke-engineeringprototype-knapp4x-8-235x300.png 235w\" sizes=\"(max-width: 402px) 100vw, 402px\"><div class=\"bde-text-479-245 bde-text\">\n<b>STEP 3<\/b>\n<\/div>\n<\/div><div class=\"bde-div-479-240 bde-div\">\n  \n  \n\t\n\n\n\n<img decoding=\"async\" class=\"bde-image2-479-189 bde-image2\" src=\"https:\/\/aarbakke.wp1.hcweb.dev\/wp-content\/uploads\/2026\/02\/1_aarbakke-engineeringman-docs-knapp4x-8.png\" loading=\"lazy\" srcset=\"https:\/\/aarbakke.wp1.hcweb.dev\/wp-content\/uploads\/2026\/02\/1_aarbakke-engineeringman-docs-knapp4x-8.png 402w, https:\/\/aarbakke.wp1.hcweb.dev\/wp-content\/uploads\/2026\/02\/1_aarbakke-engineeringman-docs-knapp4x-8-235x300.png 235w\" sizes=\"(max-width: 402px) 100vw, 402px\"><div class=\"bde-text-479-246 bde-text\">\n<b>STEP 4<\/b>\n<\/div>\n<\/div><div class=\"bde-div-479-239 bde-div\">\n  \n  \n\t\n\n\n\n<img decoding=\"async\" class=\"bde-image2-479-190 bde-image2\" src=\"https:\/\/aarbakke.wp1.hcweb.dev\/wp-content\/uploads\/2026\/02\/3_aarbakke-engineeringmanufacturing-knapp4x-8.png\" loading=\"lazy\" srcset=\"https:\/\/aarbakke.wp1.hcweb.dev\/wp-content\/uploads\/2026\/02\/3_aarbakke-engineeringmanufacturing-knapp4x-8.png 402w, https:\/\/aarbakke.wp1.hcweb.dev\/wp-content\/uploads\/2026\/02\/3_aarbakke-engineeringmanufacturing-knapp4x-8-235x300.png 235w\" sizes=\"(max-width: 402px) 100vw, 402px\"><div class=\"bde-text-479-247 bde-text\">\n<b>STEP 5<\/b>\n<\/div>\n<\/div>\n<\/div><div class=\"bde-div-479-192 bde-div\">\n  \n  \n\t\n\n\n\n<div class=\"bde-text-479-191 bde-text\">\n<b>GATES OF SUCCESS<\/b><br>For each level in our five-step development model there is a gate allowing you to withdraw or enter the next level. The gates leave you in full control of each individual step of the project.\n<\/div>\n<\/div><\/div>\n<\/section><section class=\"bde-section-479-112 bde-section\">\n  \n  \n\t\n\n\n\n<div class=\"section-container\"><div class=\"bde-columns-479-113 bde-columns\"><div class=\"bde-column-479-114 bde-column\">\n  \n  \n\t\n\n\n\n<img decoding=\"async\" class=\"bde-image2-479-125 bde-image2\" src=\"https:\/\/aarbakke.wp1.hcweb.dev\/wp-content\/uploads\/2026\/02\/subseacutter-1-e1771492187724.jpeg\" loading=\"lazy\" srcset=\"https:\/\/aarbakke.wp1.hcweb.dev\/wp-content\/uploads\/2026\/02\/subseacutter-1-e1771492187724.jpeg 650w, https:\/\/aarbakke.wp1.hcweb.dev\/wp-content\/uploads\/2026\/02\/subseacutter-1-e1771492187724-300x277.jpeg 300w\" sizes=\"(max-width: 650px) 100vw, 650px\" data-parallax=\"true\">\n<\/div><div class=\"bde-column-479-116 bde-column\">\n  \n  \n\t\n\n\n\n<h2 class=\"bde-heading-479-117 bde-heading\">\nFast and efficient\n<\/h2><div class=\"bde-div-479-121 bde-div\">\n  \n  \n\t\n\n\n\n<div class=\"bde-icon-479-122 bde-icon\">\n\n    \n            <div class=\"bde-icon-icon breakdance-icon-atom\" >\n    \n                    <svg xmlns=\"http:\/\/www.w3.org\/2000\/svg\" id=\"icon-quotes-left\" viewbox=\"0 0 32 32\">\n<path d=\"M7.031 14c3.866 0 7 3.134 7 7s-3.134 7-7 7-7-3.134-7-7l-0.031-1c0-7.732 6.268-14 14-14v4c-2.671 0-5.182 1.040-7.071 2.929-0.364 0.364-0.695 0.751-0.995 1.157 0.357-0.056 0.724-0.086 1.097-0.086zM25.031 14c3.866 0 7 3.134 7 7s-3.134 7-7 7-7-3.134-7-7l-0.031-1c0-7.732 6.268-14 14-14v4c-2.671 0-5.182 1.040-7.071 2.929-0.364 0.364-0.695 0.751-0.995 1.157 0.358-0.056 0.724-0.086 1.097-0.086z\"\/>\n<\/svg>\n        \n        \n        \n            <\/div>\n    \n\n\n<\/div><div class=\"bde-text-479-118 bde-text\">\n<i>We were looking for a partner who could find and deliver a fast and cost-efficient way to manufacture our SubseaCutter System. Aarbakke was chosen because of their advanced manufacturing expertise, high capacity and skilled, dedicated engineers.<\/i>\n<\/div><div class=\"bde-div-479-124 bde-div\">\n  \n  \n\t\n\n\n\n<div class=\"bde-text-479-123 bde-text\">\n<b>Petter Birkeland<\/b>\n<\/div><div class=\"bde-text-479-139 bde-text\">\nCEO - ControlCutter AS\n<\/div>\n<\/div>\n<\/div>\n<\/div><\/div><\/div>\n<\/section><section class=\"bde-section-479-126 bde-section\">\n  \n  \n\t\n\n\n\n<div class=\"section-container\"><div class=\"bde-div-479-127 bde-div\">\n  \n  \n\t\n\n\n\n<h2 class=\"bde-heading-479-128 bde-heading\" data-entrance=\"fade\">\nAdded expertise\n<\/h2><div class=\"bde-div-479-131 bde-div\">\n  \n  \n\t\n\n\n\n<div class=\"bde-icon-479-132 bde-icon\">\n\n    \n            <div class=\"bde-icon-icon breakdance-icon-atom\" >\n    \n                    <svg xmlns=\"http:\/\/www.w3.org\/2000\/svg\" id=\"icon-quotes-left\" viewbox=\"0 0 32 32\">\n<path d=\"M7.031 14c3.866 0 7 3.134 7 7s-3.134 7-7 7-7-3.134-7-7l-0.031-1c0-7.732 6.268-14 14-14v4c-2.671 0-5.182 1.040-7.071 2.929-0.364 0.364-0.695 0.751-0.995 1.157 0.357-0.056 0.724-0.086 1.097-0.086zM25.031 14c3.866 0 7 3.134 7 7s-3.134 7-7 7-7-3.134-7-7l-0.031-1c0-7.732 6.268-14 14-14v4c-2.671 0-5.182 1.040-7.071 2.929-0.364 0.364-0.695 0.751-0.995 1.157 0.358-0.056 0.724-0.086 1.097-0.086z\"\/>\n<\/svg>\n        \n        \n        \n            <\/div>\n    \n\n\n<\/div><div class=\"bde-text-479-133 bde-text\">\n<i>For over 20 years Scan Tech has provided integrated services to the Oil & Gas industry. One of our customers asked us to help reduce the risk of compensator failure on floating drilling platforms. As we began to refine our concept, our Engineering Team decided that we needed the added expertise of a company with a strong background in mechanical engineering and machining. Aarbakke became the natural choice with an exemplary record of turnkey projects that included the disciplines we were looking for. The two engineering teams worked well together on this complex project producing the World\u2019s first solution to an industry wide problem \u2013 The Weak Link Bail (WLB). Aarbakke then won the contract from us for the production of the WLB system. Working together, the first unit came off the production line on time and to specification. Production and engineering was verified by DNV at all stages. In summary, an excellent project that was well executed on time, within budget and to the design specification requested. Returning to work with Aarbakke for design and production of variants to this has also been a great experience.<\/i>\n<\/div><div class=\"bde-div-479-136 bde-div\">\n  \n  \n\t\n\n\n\n<div class=\"bde-text-479-137 bde-text\">\n<b>Christopher G. Stevens<\/b>\n<\/div><div class=\"bde-text-479-138 bde-text\">\nManaging Director - ControlCutter\n<\/div>\n<\/div>\n<\/div>\n<\/div><div class=\"bde-gallery-479-140 bde-gallery\">\n\n\n  \n\n\n\n\n\n\n\n\n\n\n<div class=\"ee-gallery ee-gallery--default ee-gallery--grid ee-gallery--single ee-gallery--lightbox ee-gallery-- ee-gallery--caption- ee-gallery--caption-none ee-gallery--ratio\">\n                  \n      <a class=\"ee-gallery-item ee-gallery-item--image ee-gallery-item--single\" href=\"https:\/\/aarbakke.wp1.hcweb.dev\/wp-content\/uploads\/2026\/02\/scantech-losning.jpeg\"  data-sub-html=\"<span><\/span>\" data-category=\"1\"                  data-lg-size=\"2000-645\"\n\n      >\n        <figure class=\"ee-gallery-item-figure\">\n                        <img decoding=\"async\" class=\"breakdance-image-object\" src=\"https:\/\/aarbakke.wp1.hcweb.dev\/wp-content\/uploads\/2026\/02\/scantech-losning-1024x330.jpeg\" width=\"1024\" height=\"330\" srcset=\"https:\/\/aarbakke.wp1.hcweb.dev\/wp-content\/uploads\/2026\/02\/scantech-losning.jpeg 2000w, https:\/\/aarbakke.wp1.hcweb.dev\/wp-content\/uploads\/2026\/02\/scantech-losning-300x97.jpeg 300w, https:\/\/aarbakke.wp1.hcweb.dev\/wp-content\/uploads\/2026\/02\/scantech-losning-1024x330.jpeg 1024w, https:\/\/aarbakke.wp1.hcweb.dev\/wp-content\/uploads\/2026\/02\/scantech-losning-768x248.jpeg 768w, https:\/\/aarbakke.wp1.hcweb.dev\/wp-content\/uploads\/2026\/02\/scantech-losning-1536x495.jpeg 1536w\" sizes=\"auto, (max-width: 2000px) 100vw, 2000px\" loading=\"lazy\">\n          \n                  <\/figure>\n      <\/a>\n\n                \n      <a class=\"ee-gallery-item ee-gallery-item--image ee-gallery-item--single\" href=\"https:\/\/aarbakke.wp1.hcweb.dev\/wp-content\/uploads\/2026\/02\/wlb20121-2.jpeg\"  data-sub-html=\"<span><\/span>\" data-category=\"1\"                  data-lg-size=\"1010-576\"\n\n      >\n        <figure class=\"ee-gallery-item-figure\">\n                        <img decoding=\"async\" class=\"breakdance-image-object\" src=\"https:\/\/aarbakke.wp1.hcweb.dev\/wp-content\/uploads\/2026\/02\/wlb20121-2.jpeg\" width=\"1010\" height=\"576\" srcset=\"https:\/\/aarbakke.wp1.hcweb.dev\/wp-content\/uploads\/2026\/02\/wlb20121-2.jpeg 1010w, https:\/\/aarbakke.wp1.hcweb.dev\/wp-content\/uploads\/2026\/02\/wlb20121-2-300x171.jpeg 300w, https:\/\/aarbakke.wp1.hcweb.dev\/wp-content\/uploads\/2026\/02\/wlb20121-2-768x438.jpeg 768w\" sizes=\"auto, (max-width: 1010px) 100vw, 1010px\" loading=\"lazy\">\n          \n                  <\/figure>\n      <\/a>\n\n                \n      <a class=\"ee-gallery-item ee-gallery-item--image ee-gallery-item--single\" href=\"https:\/\/aarbakke.wp1.hcweb.dev\/wp-content\/uploads\/2026\/02\/wlb20121-6.jpeg\"  data-sub-html=\"<span><\/span>\" data-category=\"1\"                  data-lg-size=\"643-429\"\n\n      >\n        <figure class=\"ee-gallery-item-figure\">\n                        <img decoding=\"async\" class=\"breakdance-image-object\" src=\"https:\/\/aarbakke.wp1.hcweb.dev\/wp-content\/uploads\/2026\/02\/wlb20121-6.jpeg\" width=\"643\" height=\"429\" srcset=\"https:\/\/aarbakke.wp1.hcweb.dev\/wp-content\/uploads\/2026\/02\/wlb20121-6.jpeg 643w, https:\/\/aarbakke.wp1.hcweb.dev\/wp-content\/uploads\/2026\/02\/wlb20121-6-300x200.jpeg 300w\" sizes=\"auto, (max-width: 643px) 100vw, 643px\" loading=\"lazy\">\n          \n                  <\/figure>\n      <\/a>\n\n      \n  <\/div>\n\n\n\n<\/div><\/div>\n<\/section><section class=\"bde-section-479-142 bde-section\">\n  \n  \n\t\n\n\n\n<div class=\"section-container\"><div id=\"bde-12346\" class=\"bde-div-479-143 bde-div\">\n  \n  \n\t\n\n\n\n<div class=\"bde-div-479-144 bde-div\">\n  \n  \n\t\n\n\n\n<img decoding=\"async\" class=\"bde-image2-479-145 bde-image2\" src=\"https:\/\/aarbakke.wp1.hcweb.dev\/wp-content\/uploads\/2026\/02\/pt6a1660-kopi-scaled.jpeg\" loading=\"lazy\" srcset=\"https:\/\/aarbakke.wp1.hcweb.dev\/wp-content\/uploads\/2026\/02\/pt6a1660-kopi-scaled.jpeg 2560w, https:\/\/aarbakke.wp1.hcweb.dev\/wp-content\/uploads\/2026\/02\/pt6a1660-kopi-300x198.jpeg 300w, https:\/\/aarbakke.wp1.hcweb.dev\/wp-content\/uploads\/2026\/02\/pt6a1660-kopi-1024x675.jpeg 1024w, https:\/\/aarbakke.wp1.hcweb.dev\/wp-content\/uploads\/2026\/02\/pt6a1660-kopi-768x506.jpeg 768w, https:\/\/aarbakke.wp1.hcweb.dev\/wp-content\/uploads\/2026\/02\/pt6a1660-kopi-1536x1013.jpeg 1536w, https:\/\/aarbakke.wp1.hcweb.dev\/wp-content\/uploads\/2026\/02\/pt6a1660-kopi-2048x1351.jpeg 2048w\" sizes=\"(max-width: 2560px) 100vw, 2560px\" data-entrance=\"fade\">\n<\/div><div class=\"bde-div-479-146 bde-div\" data-entrance=\"fade\">\n  \n  \n\t\n\n\n\n<h2 class=\"bde-heading-479-147 bde-heading\">\nBuilding prototypes\n<\/h2><div class=\"bde-rich-text-479-150 bde-rich-text breakdance-rich-text-styles\">\n<p>Aarbakke is the perfect place to develop your prototype to be manufacturable with top quality and low cost because we have:<\/p>\n<ul>\n<li>Experienced and highly skilled engineers cooperating closely with our manufacturing team.<\/li>\n<li>A state-of-the-art machine park with over 50 highly efficient CNC machines.<\/li>\n<li>A well-equipped welding department with manual, automatic and robotic welding machines.<\/li>\n<li>A large and well-equipped assembly area with up-to-date hydraulic pressure testing pits.<\/li>\n<li>A quality control department using non-destructive testing to assure and document product quality<\/li>\n<\/ul>\n<\/div>\n<\/div>\n<\/div><\/div>\n<\/section><section class=\"bde-section-479-151 bde-section\">\n  \n  \n\t\n\n\n\n<div class=\"section-container\"><div id=\"bde-12345\" class=\"bde-div-479-152 bde-div\">\n  \n  \n\t\n\n\n\n<div class=\"bde-div-479-153 bde-div\">\n  \n  \n\t\n\n\n\n<div class=\"bde-div-479-167 bde-div employee-card\">\n  \n  \n\t\n\n\n\n<div id=\"special\" class=\"bde-div-479-168 bde-div\">\n  \n  \n\t\n\n\n\n\n<\/div><h2 id=\"employee-name\" class=\"bde-heading-479-169 bde-heading\">\nReid Skj\u00e6rpe\n<\/h2><div class=\"bde-text-479-170 bde-text\">\nNEW BUSINESS DEVELOPMENT<br>+47 930 07 278<br>email:\n<\/div>\n<\/div>\n<\/div><div class=\"bde-div-479-155 bde-div\" data-entrance=\"fade\">\n  \n  \n\t\n\n\n\n<h2 class=\"bde-heading-479-156 bde-heading\">\nHar du en teknisk utfordring?\n<\/h2><div class=\"bde-text-479-163 bde-text translation-block\">Enten du trenger ingeni\u00f8rst\u00f8tte i tidlig konseptutvikling, designoptimalisering, dokumentasjon eller produksjonsforberedelser, st\u00e5r vi klare til \u00e5 bist\u00e5.<br><br>Ta kontakt for \u00e5 diskutere prosjektkrav, tidslinjer og tekniske spesifikasjoner. Vi vil samarbeide med deg for \u00e5 finne en praktisk og effektiv l\u00f8sning.<\/div><div class=\"bde-div-479-166 bde-div\">\n  \n  \n\t\n\n\n\n<div class=\"bde-button-479-164 bde-button\">\n    \n                                    \n    \n    \n    \n    \n            \n                    \n            \n            \n\n    \n    \n    \n    \n    \n    <a class=\"breakdance-link button-atom button-atom--primary bde-button__button\" href=\"tel:+47 930 07 278\" target=\"_self\" data-type=\"contact\"  >\n\n    \n        <span class=\"button-atom__text\">Ring<\/span>\n\n        \n        \n                <\/a>\n\n    \n\n\n<\/div><div class=\"bde-button-479-165 bde-button\">\n    \n                                    \n    \n    \n    \n    \n            \n            <button type=\"button\" class=\"button-atom button-atom--primary bde-button__button\"  >\n    \n        <span class=\"button-atom__text\">Send Epost<\/span>\n\n        \n        \n            <\/button>\n    \n\n\n<\/div>\n<\/div>\n<\/div>\n<\/div><\/div>\n<\/section>","protected":false},"excerpt":{"rendered":"<p>SERVICES ENGINEERING Our unique combination Engineering for manufacturing Aarbakke\u2019s unique combination of highly skilled engineers, manufacturing experts and world leading advanced mechanical production capacity is the recipe for efficient product development.We will help you\u2013 from idea to prototype\u2013 make your product more competitive\u2013 simplify your product\u2013 improve the quality and\/or documented performance of your product\u2013 [&hellip;]<\/p>\n","protected":false},"author":2,"featured_media":0,"parent":0,"menu_order":0,"comment_status":"closed","ping_status":"closed","template":"","meta":{"_acf_changed":false,"_breakdance_hide_in_design_set":false,"_breakdance_tags":"","footnotes":""},"class_list":["post-479","page","type-page","status-publish","hentry"],"acf":[],"yoast_head":"<!-- This site is optimized with the Yoast SEO plugin v27.6 - https:\/\/yoast.com\/product\/yoast-seo-wordpress\/ -->\n<title>Engineering - Aarbakke<\/title>\n<meta name=\"robots\" content=\"index, follow, max-snippet:-1, max-image-preview:large, max-video-preview:-1\" \/>\n<link rel=\"canonical\" href=\"https:\/\/www.aarbakke.no\/nb\/engineering\/\" \/>\n<meta property=\"og:locale\" content=\"nb_NO\" \/>\n<meta property=\"og:type\" content=\"article\" \/>\n<meta property=\"og:title\" content=\"Engineering - Aarbakke\" \/>\n<meta property=\"og:description\" content=\"SERVICES ENGINEERING Our unique combination Engineering for manufacturing Aarbakke\u2019s unique combination of highly skilled engineers, manufacturing experts and world leading advanced mechanical production capacity is the recipe for efficient product development.We will help you\u2013 from idea to prototype\u2013 make your product more competitive\u2013 simplify your product\u2013 improve the quality and\/or documented performance of your product\u2013 [&hellip;]\" \/>\n<meta property=\"og:url\" content=\"https:\/\/www.aarbakke.no\/nb\/engineering\/\" \/>\n<meta property=\"og:site_name\" content=\"Aarbakke\" \/>\n<meta property=\"article:modified_time\" content=\"2026-03-18T11:13:53+00:00\" \/>\n<meta name=\"twitter:card\" content=\"summary_large_image\" \/>\n<meta name=\"twitter:label1\" content=\"Ansl. lesetid\" \/>\n\t<meta name=\"twitter:data1\" content=\"5 minutter\" \/>\n<script type=\"application\/ld+json\" class=\"yoast-schema-graph\">{\"@context\":\"https:\\\/\\\/schema.org\",\"@graph\":[{\"@type\":\"WebPage\",\"@id\":\"https:\\\/\\\/www.aarbakke.no\\\/engineering\\\/\",\"url\":\"https:\\\/\\\/www.aarbakke.no\\\/engineering\\\/\",\"name\":\"Engineering - Aarbakke\",\"isPartOf\":{\"@id\":\"https:\\\/\\\/www.aarbakke.no\\\/#website\"},\"datePublished\":\"2026-02-17T12:30:34+00:00\",\"dateModified\":\"2026-03-18T11:13:53+00:00\",\"breadcrumb\":{\"@id\":\"https:\\\/\\\/www.aarbakke.no\\\/engineering\\\/#breadcrumb\"},\"inLanguage\":\"nb-NO\",\"potentialAction\":[{\"@type\":\"ReadAction\",\"target\":[\"https:\\\/\\\/www.aarbakke.no\\\/engineering\\\/\"]}]},{\"@type\":\"BreadcrumbList\",\"@id\":\"https:\\\/\\\/www.aarbakke.no\\\/engineering\\\/#breadcrumb\",\"itemListElement\":[{\"@type\":\"ListItem\",\"position\":1,\"name\":\"Home\",\"item\":\"https:\\\/\\\/www.aarbakke.no\\\/\"},{\"@type\":\"ListItem\",\"position\":2,\"name\":\"Engineering\"}]},{\"@type\":\"WebSite\",\"@id\":\"https:\\\/\\\/www.aarbakke.no\\\/#website\",\"url\":\"https:\\\/\\\/www.aarbakke.no\\\/\",\"name\":\"Aarbakke\",\"description\":\"\",\"potentialAction\":[{\"@type\":\"SearchAction\",\"target\":{\"@type\":\"EntryPoint\",\"urlTemplate\":\"https:\\\/\\\/www.aarbakke.no\\\/?s={search_term_string}\"},\"query-input\":{\"@type\":\"PropertyValueSpecification\",\"valueRequired\":true,\"valueName\":\"search_term_string\"}}],\"inLanguage\":\"nb-NO\"}]}<\/script>\n<!-- \/ Yoast SEO plugin. -->","yoast_head_json":{"title":"Engineering - Aarbakke","robots":{"index":"index","follow":"follow","max-snippet":"max-snippet:-1","max-image-preview":"max-image-preview:large","max-video-preview":"max-video-preview:-1"},"canonical":"https:\/\/www.aarbakke.no\/nb\/engineering\/","og_locale":"nb_NO","og_type":"article","og_title":"Engineering - Aarbakke","og_description":"SERVICES ENGINEERING Our unique combination Engineering for manufacturing Aarbakke\u2019s unique combination of highly skilled engineers, manufacturing experts and world leading advanced mechanical production capacity is the recipe for efficient product development.We will help you\u2013 from idea to prototype\u2013 make your product more competitive\u2013 simplify your product\u2013 improve the quality and\/or documented performance of your product\u2013 [&hellip;]","og_url":"https:\/\/www.aarbakke.no\/nb\/engineering\/","og_site_name":"Aarbakke","article_modified_time":"2026-03-18T11:13:53+00:00","twitter_card":"summary_large_image","twitter_misc":{"Ansl. lesetid":"5 minutter"},"schema":{"@context":"https:\/\/schema.org","@graph":[{"@type":"WebPage","@id":"https:\/\/www.aarbakke.no\/engineering\/","url":"https:\/\/www.aarbakke.no\/engineering\/","name":"Engineering - Aarbakke","isPartOf":{"@id":"https:\/\/www.aarbakke.no\/#website"},"datePublished":"2026-02-17T12:30:34+00:00","dateModified":"2026-03-18T11:13:53+00:00","breadcrumb":{"@id":"https:\/\/www.aarbakke.no\/engineering\/#breadcrumb"},"inLanguage":"nb-NO","potentialAction":[{"@type":"ReadAction","target":["https:\/\/www.aarbakke.no\/engineering\/"]}]},{"@type":"BreadcrumbList","@id":"https:\/\/www.aarbakke.no\/engineering\/#breadcrumb","itemListElement":[{"@type":"ListItem","position":1,"name":"Home","item":"https:\/\/www.aarbakke.no\/"},{"@type":"ListItem","position":2,"name":"Engineering"}]},{"@type":"WebSite","@id":"https:\/\/www.aarbakke.no\/#website","url":"https:\/\/www.aarbakke.no\/","name":"Aarbakke","description":"","potentialAction":[{"@type":"SearchAction","target":{"@type":"EntryPoint","urlTemplate":"https:\/\/www.aarbakke.no\/?s={search_term_string}"},"query-input":{"@type":"PropertyValueSpecification","valueRequired":true,"valueName":"search_term_string"}}],"inLanguage":"nb-NO"}]}},"_links":{"self":[{"href":"https:\/\/www.aarbakke.no\/nb\/wp-json\/wp\/v2\/pages\/479","targetHints":{"allow":["GET"]}}],"collection":[{"href":"https:\/\/www.aarbakke.no\/nb\/wp-json\/wp\/v2\/pages"}],"about":[{"href":"https:\/\/www.aarbakke.no\/nb\/wp-json\/wp\/v2\/types\/page"}],"author":[{"embeddable":true,"href":"https:\/\/www.aarbakke.no\/nb\/wp-json\/wp\/v2\/users\/2"}],"replies":[{"embeddable":true,"href":"https:\/\/www.aarbakke.no\/nb\/wp-json\/wp\/v2\/comments?post=479"}],"version-history":[{"count":31,"href":"https:\/\/www.aarbakke.no\/nb\/wp-json\/wp\/v2\/pages\/479\/revisions"}],"predecessor-version":[{"id":1011,"href":"https:\/\/www.aarbakke.no\/nb\/wp-json\/wp\/v2\/pages\/479\/revisions\/1011"}],"wp:attachment":[{"href":"https:\/\/www.aarbakke.no\/nb\/wp-json\/wp\/v2\/media?parent=479"}],"curies":[{"name":"wp","href":"https:\/\/api.w.org\/{rel}","templated":true}]}}