{"id":469,"date":"2026-02-17T13:19:18","date_gmt":"2026-02-17T12:19:18","guid":{"rendered":"https:\/\/aarbakke.wp1.hcweb.dev\/?page_id=469"},"modified":"2026-04-29T08:25:26","modified_gmt":"2026-04-29T06:25:26","slug":"services","status":"publish","type":"page","link":"https:\/\/www.aarbakke.no\/nb\/services\/","title":{"rendered":"Tjenester"},"content":{"rendered":"<section class=\"bde-section-469-100 bde-section\">\n  \n  \n\t\n\n\n\n<div class=\"section-container\"><div class=\"bde-div-469-101 bde-div\">\n  \n  \n\t\n\n\n\n<h2 class=\"bde-heading-469-102 bde-heading\">\nTJENESTER\n<\/h2>\n<\/div><div class=\"bde-div-469-103 bde-div\">\n  \n  \n\t\n\n\n\n\n<\/div><\/div>\n<\/section><section class=\"bde-section-469-136 bde-section\">\n  \n  \n\t\n\n\n\n<div class=\"section-container\"><div class=\"bde-div-469-146 bde-div\">\n  \n  \n\t\n\n\n\n<h2 class=\"bde-heading-469-137 bde-heading\" data-entrance=\"fade\">\nHva vi leverer\n<\/h2><h3 class=\"bde-heading-469-138 bde-heading\" data-entrance=\"fade\">\nPresisjon i hver detalj\n<\/h3><div class=\"bde-text-469-139 bde-text translation-block\" data-entrance=\"fade\">Vi har noe av verdens mest avanserte teknologi innen CNC-maskinering og sveising.<br><br>Vi kombinerer avansert ingeni\u00f8rkompetanse med toppmoderne CNC-maskinering og sertifiserte sveiseprosesser for \u00e5 levere komplette produksjonsl\u00f8sninger. Fra tidlig fase med engineering og designoptimalisering til h\u00f8y-presisjons maskinering, s\u00f8rger v\u00e5rt team for at hver komponent oppfyller de strengeste kravene i bransjen.<br><br>V\u00e5re tjenester strekker seg utover selve produksjonen. Gjennom ikke-destruktiv testing og grundig montering og funksjonstesting verifiserer vi ytelse, p\u00e5litelighet og samsvar i alle ledd. Kvalitetskontroll er integrert i hele prosessen, st\u00f8ttet av detaljert dokumentasjon og full sporbarhet for \u00e5 m\u00f8te strenge regulatoriske krav.<br><br>Ved \u00e5 samle engineering, maskinering, sveising, testing, kvalitetssikring og dokumentasjon under ett tak, tilbyr Aarbakke en s\u00f8ml\u00f8s og ansvarlig produksjonspartner for kritiske applikasjoner.<\/div>\n<\/div><\/div>\n<\/section><section class=\"bde-section-469-151 bde-section\">\n  \n  \n\t\n\n\n\n<div class=\"section-container\"><div class=\"bde-code-block-469-152 bde-code-block\">\n\n  <section class=\"bd-acc3-wrap\">\n  <div class=\"bd-acc3\" data-acc3>\n\n    <div class=\"bd-acc3__panel\" data-panel>\n      <img decoding=\"async\" class=\"bd-acc3__video\" data-media\n src=\"https:\/\/aarbakke.wp1.hcweb.dev\/wp-content\/uploads\/2026\/03\/01.-MACHINING.jpg?q=80&w=1600&auto=format&fit=crop\"\n        alt=\"Machining\" loading=\"lazy\">\n      <div class=\"bd-acc3__title\">MASKINERING<\/div>\n      <div class=\"bd-acc3__card\">\n        <h3 class=\"bd-acc3__card-title\">MASKINERING<\/h3>\n        <p class=\"bd-acc3__card-text\">\n          Maskinering og produksjon utf\u00f8rt i henhold til strenge krav til kvalitet, sikkerhet og p\u00e5litelig gjennomf\u00f8ring.\n        <\/p>\n        <a href=\"\/nb\/machining\/\" class=\"bd-acc3__card-button\">L\u00e6r mer<\/a>\n      <\/div>\n    <\/div>\n\n    <div class=\"bd-acc3__panel\" data-panel>\n      <img decoding=\"async\" class=\"bd-acc3__video\" data-media\n src=\"https:\/\/aarbakke.wp1.hcweb.dev\/wp-content\/uploads\/2026\/03\/02.-WELDING.jpg?q=80&w=1600&auto=format&fit=crop\"\n        alt=\"Welding\" loading=\"lazy\">\n      <div class=\"bd-acc3__title\">SVEISING<\/div>\n      <div class=\"bd-acc3__card\">\n        <h3 class=\"bd-acc3__card-title\">SVEISING<\/h3>\n        <p class=\"bd-acc3__card-text\">\n          Sveising og fabrikasjon utf\u00f8rt i henhold til strenge krav til kvalitet, sikkerhet, presisjon og p\u00e5litelig gjennomf\u00f8ring.\n        <\/p>\n        <a href=\"\/nb\/welding\/\" class=\"bd-acc3__card-button\">L\u00e6r mer<\/a>\n      <\/div>\n    <\/div>\n\n    <div class=\"bd-acc3__panel\" data-panel>\n      <img decoding=\"async\" class=\"bd-acc3__video\" data-media\n src=\"https:\/\/aarbakke.wp1.hcweb.dev\/wp-content\/uploads\/2026\/03\/03.-NON-DESTRUCTIVE-TESTING.jpg?q=80&w=1600&auto=format&fit=crop\"\n        alt=\"Non destructive testing\" loading=\"lazy\">\n      <div class=\"bd-acc3__title\">IKKE-DESTRUKTIV TESTING<\/div>\n      <div class=\"bd-acc3__card\">\n        <h3 class=\"bd-acc3__card-title\">IKKE-DESTRUKTIV TESTING<\/h3>\n        <p class=\"bd-acc3__card-text\">\n          Inspeksjon og verifisering, utf\u00f8rt i henhold til strenge krav til kvalitet, sikkerhet og p\u00e5litelig utf\u00f8relse.\n        <\/p>\n        <a href=\"\/nb\/ndt\/\" class=\"bd-acc3__card-button\">L\u00e6r mer<\/a>\n      <\/div>\n    <\/div>\n\n    <div class=\"bd-acc3__panel\" data-panel>\n      <img decoding=\"async\" class=\"bd-acc3__video\" data-media\n src=\"https:\/\/aarbakke.wp1.hcweb.dev\/wp-content\/uploads\/2026\/03\/04.-ASSEMBLY-AND-TESTING.jpg?q=80&w=1600&auto=format&fit=crop\"\n        alt=\"Assembly and testing\" loading=\"lazy\">\n      <div class=\"bd-acc3__title\">MONTERING OG TESTING<\/div>\n      <div class=\"bd-acc3__card\">\n        <h3 class=\"bd-acc3__card-title\">MONTERING OG TESTING<\/h3>\n        <p class=\"bd-acc3__card-text\">\n          Montering og testing utf\u00f8rt i henhold til strenge krav til kvalitet, sikkerhet og p\u00e5litelig gjennomf\u00f8ring.\n        <\/p>\n        <a href=\"\/nb\/assembly-and-testing\/\" class=\"bd-acc3__card-button\">L\u00e6r mer<\/a>\n      <\/div>\n    <\/div>\n\n    <div class=\"bd-acc3__panel\" data-panel>\n      <img decoding=\"async\" class=\"bd-acc3__video\" data-media\n src=\"https:\/\/aarbakke.wp1.hcweb.dev\/wp-content\/uploads\/2026\/03\/05.-QUALITY-CONTROL.jpg?q=80&w=1600&auto=format&fit=crop\"\n        alt=\"Quality control\" loading=\"lazy\">\n      <div class=\"bd-acc3__title\">KVALITETSKONTROLL<\/div>\n      <div class=\"bd-acc3__card\">\n        <h3 class=\"bd-acc3__card-title\" id=\"quality-card-title\">KVALITETSKONTROLL<\/h3>\n        <p class=\"bd-acc3__card-text\">\n          Kvalitetskontroll utf\u00f8rt i henhold til strenge krav til kvalitet, sikkerhet og p\u00e5litelig gjennomf\u00f8ring.\n        <\/p>\n        <a href=\"\/nb\/quality-control\/\" class=\"bd-acc3__card-button\">L\u00e6r mer<\/a>\n      <\/div>\n    <\/div>\n\n    <div class=\"bd-acc3__panel\" data-panel>\n      <img decoding=\"async\" class=\"bd-acc3__video\" data-media\n src=\"https:\/\/aarbakke.wp1.hcweb.dev\/wp-content\/uploads\/2026\/03\/Documentasjon.jpg?q=80&w=1600&auto=format&fit=crop\"\n        alt=\"Documentation\" loading=\"lazy\">\n      <div class=\"bd-acc3__title\">DOKUMENTASJON<\/div>\n      <div class=\"bd-acc3__card\">\n        <h3 class=\"bd-acc3__card-title\">DOKUMENTASJON<\/h3>\n        <p class=\"bd-acc3__card-text\">\n          Dokumentasjon utf\u00f8rt i henhold til strenge krav til kvalitet, sikkerhet og p\u00e5litelig gjennomf\u00f8ring.\n        <\/p>\n        <a href=\"\/nb\/documentation\/\" class=\"bd-acc3__card-button\">L\u00e6r mer<\/a>\n      <\/div>\n    <\/div>\n<!--\n     <div class=\"bd-acc3__panel\" data-panel>\n      <img decoding=\"async\" class=\"bd-acc3__video\" data-media\n        src=\"https:\/\/images.unsplash.com\/photo-1581092160607-ee22621dd758?q=80&w=1600&auto=format&fit=crop\"\n        alt=\"Engineering\" loading=\"lazy\">\n      <div class=\"bd-acc3__title\">BUSINESS DEVELOPMENT<\/div>\n      <div class=\"bd-acc3__card\">\n        <h3 class=\"bd-acc3__card-title\">BUSINESS DEVELOPMENT<\/h3>\n        <p class=\"bd-acc3__card-text\">\n          Business development for offshore solutions, performed according to strict requirements for quality, safety, precision and reliable execution.\n        <\/p>\n        <a href=\"\/business-development\" class=\"bd-acc3__card-button\">Learn more<\/a>\n      <\/div>\n    <\/div>\n    -->\n\n  <\/div>\n<\/section>\n\n\n\n<\/div><\/div>\n<\/section><section class=\"bde-section-469-141 bde-section\">\n  \n  \n\t\n\n\n\n<div class=\"section-container\"><div class=\"bde-div-469-149 bde-div\">\n  \n  \n\t\n\n\n\n<h1 class=\"bde-heading-469-150 bde-heading\">\nEVERY<span style=\"color:#E30813\">SERVICE<\/span>COUNTS\n<\/h1><h1 class=\"bde-heading-469-153 bde-heading\">\nEVERY<br><span style=\"color:#E30813\">SERVICE<\/span><br>COUNTS\n<\/h1>\n<\/div><\/div>\n<\/section>","protected":false},"excerpt":{"rendered":"<p>SERVICES What we deliver Precision in every detail We have one of the world\u2019s most advanced technologies when it comes to CNC machining and welding.We combine advanced engineering expertise with state-of-the-art CNC machining and certified welding capabilities to deliver complete manufacturing solutions. From early-stage engineering and design optimisation to high-precision machining, our team ensures every [&hellip;]<\/p>\n","protected":false},"author":2,"featured_media":0,"parent":0,"menu_order":0,"comment_status":"closed","ping_status":"closed","template":"","meta":{"_acf_changed":false,"_breakdance_hide_in_design_set":false,"_breakdance_tags":"","footnotes":""},"class_list":["post-469","page","type-page","status-publish","hentry"],"acf":[],"yoast_head":"<!-- This site is optimized with the Yoast SEO plugin v27.0 - https:\/\/yoast.com\/product\/yoast-seo-wordpress\/ -->\n<title>Services - Aarbakke<\/title>\n<meta name=\"robots\" content=\"index, follow, max-snippet:-1, max-image-preview:large, max-video-preview:-1\" \/>\n<link rel=\"canonical\" href=\"https:\/\/www.aarbakke.no\/nb\/services\/\" \/>\n<meta property=\"og:locale\" content=\"nb_NO\" \/>\n<meta property=\"og:type\" content=\"article\" \/>\n<meta property=\"og:title\" content=\"Services - Aarbakke\" \/>\n<meta property=\"og:description\" content=\"SERVICES What we deliver Precision in every detail We have one of the world\u2019s most advanced technologies when it comes to CNC machining and welding.We combine advanced engineering expertise with state-of-the-art CNC machining and certified welding capabilities to deliver complete manufacturing solutions. From early-stage engineering and design optimisation to high-precision machining, our team ensures every [&hellip;]\" \/>\n<meta property=\"og:url\" content=\"https:\/\/www.aarbakke.no\/nb\/services\/\" \/>\n<meta property=\"og:site_name\" content=\"Aarbakke\" \/>\n<meta property=\"article:modified_time\" content=\"2026-04-29T06:25:26+00:00\" \/>\n<meta name=\"twitter:card\" content=\"summary_large_image\" \/>\n<meta name=\"twitter:label1\" content=\"Ansl. lesetid\" \/>\n\t<meta name=\"twitter:data1\" content=\"3 minutter\" \/>\n<script type=\"application\/ld+json\" class=\"yoast-schema-graph\">{\"@context\":\"https:\/\/schema.org\",\"@graph\":[{\"@type\":\"WebPage\",\"@id\":\"https:\/\/www.aarbakke.no\/services\/\",\"url\":\"https:\/\/www.aarbakke.no\/services\/\",\"name\":\"Services - Aarbakke\",\"isPartOf\":{\"@id\":\"https:\/\/www.aarbakke.no\/#website\"},\"datePublished\":\"2026-02-17T12:19:18+00:00\",\"dateModified\":\"2026-04-29T06:25:26+00:00\",\"breadcrumb\":{\"@id\":\"https:\/\/www.aarbakke.no\/services\/#breadcrumb\"},\"inLanguage\":\"nb-NO\",\"potentialAction\":[{\"@type\":\"ReadAction\",\"target\":[\"https:\/\/www.aarbakke.no\/services\/\"]}]},{\"@type\":\"BreadcrumbList\",\"@id\":\"https:\/\/www.aarbakke.no\/services\/#breadcrumb\",\"itemListElement\":[{\"@type\":\"ListItem\",\"position\":1,\"name\":\"Home\",\"item\":\"https:\/\/www.aarbakke.no\/\"},{\"@type\":\"ListItem\",\"position\":2,\"name\":\"Services\"}]},{\"@type\":\"WebSite\",\"@id\":\"https:\/\/www.aarbakke.no\/#website\",\"url\":\"https:\/\/www.aarbakke.no\/\",\"name\":\"Aarbakke\",\"description\":\"\",\"potentialAction\":[{\"@type\":\"SearchAction\",\"target\":{\"@type\":\"EntryPoint\",\"urlTemplate\":\"https:\/\/www.aarbakke.no\/?s={search_term_string}\"},\"query-input\":{\"@type\":\"PropertyValueSpecification\",\"valueRequired\":true,\"valueName\":\"search_term_string\"}}],\"inLanguage\":\"nb-NO\"}]}<\/script>\n<!-- \/ Yoast SEO plugin. -->","yoast_head_json":{"title":"Services - Aarbakke","robots":{"index":"index","follow":"follow","max-snippet":"max-snippet:-1","max-image-preview":"max-image-preview:large","max-video-preview":"max-video-preview:-1"},"canonical":"https:\/\/www.aarbakke.no\/nb\/services\/","og_locale":"nb_NO","og_type":"article","og_title":"Services - Aarbakke","og_description":"SERVICES What we deliver Precision in every detail We have one of the world\u2019s most advanced technologies when it comes to CNC machining and welding.We combine advanced engineering expertise with state-of-the-art CNC machining and certified welding capabilities to deliver complete manufacturing solutions. From early-stage engineering and design optimisation to high-precision machining, our team ensures every [&hellip;]","og_url":"https:\/\/www.aarbakke.no\/nb\/services\/","og_site_name":"Aarbakke","article_modified_time":"2026-04-29T06:25:26+00:00","twitter_card":"summary_large_image","twitter_misc":{"Ansl. lesetid":"3 minutter"},"schema":{"@context":"https:\/\/schema.org","@graph":[{"@type":"WebPage","@id":"https:\/\/www.aarbakke.no\/services\/","url":"https:\/\/www.aarbakke.no\/services\/","name":"Services - Aarbakke","isPartOf":{"@id":"https:\/\/www.aarbakke.no\/#website"},"datePublished":"2026-02-17T12:19:18+00:00","dateModified":"2026-04-29T06:25:26+00:00","breadcrumb":{"@id":"https:\/\/www.aarbakke.no\/services\/#breadcrumb"},"inLanguage":"nb-NO","potentialAction":[{"@type":"ReadAction","target":["https:\/\/www.aarbakke.no\/services\/"]}]},{"@type":"BreadcrumbList","@id":"https:\/\/www.aarbakke.no\/services\/#breadcrumb","itemListElement":[{"@type":"ListItem","position":1,"name":"Home","item":"https:\/\/www.aarbakke.no\/"},{"@type":"ListItem","position":2,"name":"Services"}]},{"@type":"WebSite","@id":"https:\/\/www.aarbakke.no\/#website","url":"https:\/\/www.aarbakke.no\/","name":"Aarbakke","description":"","potentialAction":[{"@type":"SearchAction","target":{"@type":"EntryPoint","urlTemplate":"https:\/\/www.aarbakke.no\/?s={search_term_string}"},"query-input":{"@type":"PropertyValueSpecification","valueRequired":true,"valueName":"search_term_string"}}],"inLanguage":"nb-NO"}]}},"_links":{"self":[{"href":"https:\/\/www.aarbakke.no\/nb\/wp-json\/wp\/v2\/pages\/469","targetHints":{"allow":["GET"]}}],"collection":[{"href":"https:\/\/www.aarbakke.no\/nb\/wp-json\/wp\/v2\/pages"}],"about":[{"href":"https:\/\/www.aarbakke.no\/nb\/wp-json\/wp\/v2\/types\/page"}],"author":[{"embeddable":true,"href":"https:\/\/www.aarbakke.no\/nb\/wp-json\/wp\/v2\/users\/2"}],"replies":[{"embeddable":true,"href":"https:\/\/www.aarbakke.no\/nb\/wp-json\/wp\/v2\/comments?post=469"}],"version-history":[{"count":102,"href":"https:\/\/www.aarbakke.no\/nb\/wp-json\/wp\/v2\/pages\/469\/revisions"}],"predecessor-version":[{"id":2357,"href":"https:\/\/www.aarbakke.no\/nb\/wp-json\/wp\/v2\/pages\/469\/revisions\/2357"}],"wp:attachment":[{"href":"https:\/\/www.aarbakke.no\/nb\/wp-json\/wp\/v2\/media?parent=469"}],"curies":[{"name":"wp","href":"https:\/\/api.w.org\/{rel}","templated":true}]}}