{"id":401,"date":"2026-02-17T11:13:39","date_gmt":"2026-02-17T10:13:39","guid":{"rendered":"https:\/\/aarbakke.wp1.hcweb.dev\/?page_id=401"},"modified":"2026-04-23T09:09:46","modified_gmt":"2026-04-23T07:09:46","slug":"about","status":"publish","type":"page","link":"https:\/\/www.aarbakke.no\/nb\/about\/","title":{"rendered":"About"},"content":{"rendered":"<section class=\"bde-section-401-210 bde-section\">\n  \n  \n\t\n\n\n\n<div class=\"section-container\"><div class=\"bde-div-401-211 bde-div\">\n  \n  \n\t\n\n\n\n<a class=\"bde-container-link-401-212 bde-container-link breakdance-link\" href=\"\/nb\/services\/\" target=\"_self\" data-type=\"url\">\n  \n  \n\t\n\n\n\n<h2 class=\"bde-heading-401-213 bde-heading\">\nOM OSS\n<\/h2>\n\n<\/a>\n<\/div><div class=\"bde-div-401-215 bde-div\">\n  \n  \n\t\n\n\n\n\n<\/div><\/div>\n<\/section><section class=\"bde-section-401-131 bde-section\">\n  \n  \n\t\n\n\n\n<div class=\"section-container\"><div class=\"bde-columns-401-134 bde-columns\"><div class=\"bde-column-401-135 bde-column\">\n  \n  \n\t\n\n\n\n<h2 class=\"bde-heading-401-132 bde-heading\" data-entrance=\"fade\">\nOm Aarbakke\n<\/h2><h3 class=\"bde-heading-401-133 bde-heading\" data-entrance=\"fade\">\nLokalisert i hjertet av Norges energiindustri\n<\/h3><div class=\"bde-div-401-136 bde-div\">\n  \n  \n\t\n\n\n\n<div class=\"bde-text-401-137 bde-text translation-block\" data-entrance=\"fade\"><br>V\u00e5r region er bygget p\u00e5 en sterk industriell tradisjon, der praktiske l\u00f8sninger m\u00f8ter reelle utfordringer. Aarbakke er formet av denne arven, preget av lidenskap, hardt arbeid og kontinuerlig innovasjon. Med r\u00f8tter tilbake til 1918, og et sterkt fokus p\u00e5 energisektoren siden 1981, har vi vokst til \u00e5 bli en p\u00e5litelig partner for krevende industrier.<br><br>I dag leverer og installerer v\u00e5re kunder kritiske systemer for den globale energibransjen. Dette stiller kompromissl\u00f8se krav til kvalitet, levering, sporbarhet og dokumentasjon. For \u00e5 m\u00f8te og overg\u00e5 disse forventningene har vi investert i avanserte systemer, inkludert en moderne ERP-plattform og en toppmoderne Remmert-l\u00f8sning, som sikrer full kontroll, effektivitet og transparens gjennom hele produksjonsprosessen.<br><br>Kjernen i virksomheten er verdiene som driver oss fremover: humor, samarbeid og lidenskap. Sammen med en h\u00f8yt kvalifisert arbeidsstyrke, avansert maskinpark og full prosesskontroll gir dette oss muligheten til \u00e5 kontinuerlig forbedre oss og skape verdi sammen med v\u00e5re kunder.<br><br>Vi har som m\u00e5l \u00e5 v\u00e6re best i det vi gj\u00f8r, og vi vokser ved \u00e5 vokse sammen med v\u00e5re kunder. For hos Aarbakke teller hvert steg.<\/div><div class=\"bde-button-401-204 bde-button\">\n    \n                                    \n    \n    \n    \n    \n            \n                    \n            \n            \n\n    \n    \n    \n    \n    \n    <a class=\"breakdance-link button-atom button-atom--primary bde-button__button\" href=\"\/nb\/contact\/\" target=\"_self\" data-type=\"url\"  >\n\n    \n        <span class=\"button-atom__text\">Kontakt oss<\/span>\n\n        \n        \n                <\/a>\n\n    \n\n\n<\/div>\n<\/div>\n<\/div><div class=\"bde-column-401-140 bde-column\">\n  \n  \n\t\n\n\n\n<div class=\"bde-div-401-141 bde-div\">\n  \n  \n\t\n\n\n\n<div class=\"bde-video-401-203 bde-video\">\n<div class=\"ee-video-container\">\n            <video class=\"ee-video\" src=\"https:\/\/aarbakke.wp1.hcweb.dev\/wp-content\/uploads\/2026\/02\/DRONE-output-web.mp4\"\n               autoplay='true'                                                loop='true'                muted='true'                controlslist=\"nodownload\"                playsinline\n>\n        <\/video>\n    \n    <\/div>\n\n<\/div>\n<\/div>\n<\/div><\/div><\/div>\n<\/section><section class=\"bde-section-401-216 bde-section\">\n  \n  \n\t\n\n\n\n<div class=\"section-container\"><h2 class=\"bde-heading-401-231 bde-heading\">\nKJERNEVERDIER\n<\/h2><div class=\"bde-grid-401-217 bde-grid\">\n  \n  \n\t\n\n\n\n<div class=\"bde-div-401-218 bde-div\" data-entrance=\"slideDown\">\n  \n  \n\t\n\n\n\n<div class=\"bde-icon-401-219 bde-icon\">\n\n    \n            <div class=\"bde-icon-icon breakdance-icon-atom\" >\n    \n                    <svg xmlns=\"http:\/\/www.w3.org\/2000\/svg\" viewbox=\"0 0 512 512\"><!--! Font Awesome Free 6.5.1 by @fontawesome - https:\/\/fontawesome.com License - https:\/\/fontawesome.com\/license\/free (Icons: CC BY 4.0, Fonts: SIL OFL 1.1, Code: MIT License) Copyright 2023 Fonticons, Inc. --><path d=\"M209.7 3.4c15.8-7.9 35-1.5 42.9 14.3l25 50 42.4 8.5c19.5 3.9 37.8 12.3 53.5 24.5l126.1 98.1c14 10.9 16.5 31 5.6 44.9s-31 16.5-44.9 5.6l-72.1-56.1-71.5 31.8 33.1 27.6c23.2 19.3 33.5 50 26.7 79.4l-17.4 75.2c-2.2 9.4-8.2 16.8-16.1 21l86.5 33.1c4.6 1.8 9.4 2.6 14.3 2.6H472c13.3 0 24 10.7 24 24s-10.7 24-24 24H443.8c-10.8 0-21.4-2-31.5-5.8L60.1 371.3c-11.5-4.4-22-11.2-30.8-20L7 329c-9.4-9.4-9.4-24.6 0-33.9s24.6-9.4 33.9 0l22.4 22.4c4 4 8.7 7.1 14 9.1l22.4 8.6c-.8-1.6-1.5-3.2-2.1-4.9c-5.6-16.8 3.5-34.9 20.2-40.5L192 264.9l0-53.2c0-24.2 13.7-46.4 35.4-57.2l45.2-22.6-7.5-1.5c-19.4-3.9-35.9-16.5-44.7-34.1l-25-50c-7.9-15.8-1.5-35 14.3-42.9zM139 350.1l159 60.9c-2.1-5.6-2.6-11.9-1.1-18.2l17.4-75.2c1.4-5.9-.7-12-5.3-15.9l-52.8-44 0 18.8c0 20.7-13.2 39-32.8 45.5L139 350.1zM432 0a48 48 0 1 1 0 96 48 48 0 1 1 0-96z\"\/><\/svg>\n        \n        \n        \n            <\/div>\n    \n\n\n<\/div><h1 class=\"bde-heading-401-220 bde-heading\">\nHUMOR\n<\/h1><div class=\"bde-text-401-221 bde-text\">\nVi skaper glede og trivsel p\u00e5 jobb. Humor handler om \u00e5 bidra til et positivt arbeidsmilj\u00f8 der vi kan le sammen, bygge fellesskap og gj\u00f8re hverdagen enklere, uten \u00e5 g\u00e5 p\u00e5 kompromiss med respekt.\n<\/div>\n<\/div><div class=\"bde-div-401-222 bde-div\" data-entrance=\"slideDown\">\n  \n  \n\t\n\n\n\n<div class=\"bde-icon-401-223 bde-icon\">\n\n    \n            <div class=\"bde-icon-icon breakdance-icon-atom\" >\n    \n                    <svg xmlns=\"http:\/\/www.w3.org\/2000\/svg\" viewbox=\"0 0 384 512\"><!--! Font Awesome Free 6.5.1 by @fontawesome - https:\/\/fontawesome.com License - https:\/\/fontawesome.com\/license\/free (Icons: CC BY 4.0, Fonts: SIL OFL 1.1, Code: MIT License) Copyright 2023 Fonticons, Inc. --><path d=\"M173.8 5.5c11-7.3 25.4-7.3 36.4 0L228 17.2c6 3.9 13 5.8 20.1 5.4l21.3-1.3c13.2-.8 25.6 6.4 31.5 18.2l9.6 19.1c3.2 6.4 8.4 11.5 14.7 14.7L344.5 83c11.8 5.9 19 18.3 18.2 31.5l-1.3 21.3c-.4 7.1 1.5 14.2 5.4 20.1l11.8 17.8c7.3 11 7.3 25.4 0 36.4L366.8 228c-3.9 6-5.8 13-5.4 20.1l1.3 21.3c.8 13.2-6.4 25.6-18.2 31.5l-19.1 9.6c-6.4 3.2-11.5 8.4-14.7 14.7L301 344.5c-5.9 11.8-18.3 19-31.5 18.2l-21.3-1.3c-7.1-.4-14.2 1.5-20.1 5.4l-17.8 11.8c-11 7.3-25.4 7.3-36.4 0L156 366.8c-6-3.9-13-5.8-20.1-5.4l-21.3 1.3c-13.2 .8-25.6-6.4-31.5-18.2l-9.6-19.1c-3.2-6.4-8.4-11.5-14.7-14.7L39.5 301c-11.8-5.9-19-18.3-18.2-31.5l1.3-21.3c.4-7.1-1.5-14.2-5.4-20.1L5.5 210.2c-7.3-11-7.3-25.4 0-36.4L17.2 156c3.9-6 5.8-13 5.4-20.1l-1.3-21.3c-.8-13.2 6.4-25.6 18.2-31.5l19.1-9.6C65 70.2 70.2 65 73.4 58.6L83 39.5c5.9-11.8 18.3-19 31.5-18.2l21.3 1.3c7.1 .4 14.2-1.5 20.1-5.4L173.8 5.5zM272 192a80 80 0 1 0 -160 0 80 80 0 1 0 160 0zM1.3 441.8L44.4 339.3c.2 .1 .3 .2 .4 .4l9.6 19.1c11.7 23.2 36 37.3 62 35.8l21.3-1.3c.2 0 .5 0 .7 .2l17.8 11.8c5.1 3.3 10.5 5.9 16.1 7.7l-37.6 89.3c-2.3 5.5-7.4 9.2-13.3 9.7s-11.6-2.2-14.8-7.2L74.4 455.5l-56.1 8.3c-5.7 .8-11.4-1.5-15-6s-4.3-10.7-2.1-16zm248 60.4L211.7 413c5.6-1.8 11-4.3 16.1-7.7l17.8-11.8c.2-.1 .4-.2 .7-.2l21.3 1.3c26 1.5 50.3-12.6 62-35.8l9.6-19.1c.1-.2 .2-.3 .4-.4l43.2 102.5c2.2 5.3 1.4 11.4-2.1 16s-9.3 6.9-15 6l-56.1-8.3-32.2 49.2c-3.2 5-8.9 7.7-14.8 7.2s-11-4.3-13.3-9.7z\"\/><\/svg>\n        \n        \n        \n            <\/div>\n    \n\n\n<\/div><h1 class=\"bde-heading-401-224 bde-heading\">\nLIDENSKAP\n<\/h1><div class=\"bde-text-401-225 bde-text\">\nVi brenner for det vi gj\u00f8r og er opptatt av \u00e5 levere kvalitet. Lidenskap betyr \u00e5 ta eierskap til arbeidet v\u00e5rt, v\u00e6re oppmerksom p\u00e5 detaljer og feire gode resultater.\n<\/div>\n<\/div><div class=\"bde-div-401-226 bde-div\" data-entrance=\"slideDown\">\n  \n  \n\t\n\n\n\n<div class=\"bde-icon-401-227 bde-icon\">\n\n    \n            <div class=\"bde-icon-icon breakdance-icon-atom\" >\n    \n                    <svg xmlns=\"http:\/\/www.w3.org\/2000\/svg\" viewbox=\"0 0 576 512\"><!--! Font Awesome Free 6.5.1 by @fontawesome - https:\/\/fontawesome.com License - https:\/\/fontawesome.com\/license\/free (Icons: CC BY 4.0, Fonts: SIL OFL 1.1, Code: MIT License) Copyright 2023 Fonticons, Inc. --><path d=\"M0 80v48c0 17.7 14.3 32 32 32H48 96V80c0-26.5-21.5-48-48-48S0 53.5 0 80zM112 32c10 13.4 16 30 16 48V384c0 35.3 28.7 64 64 64s64-28.7 64-64v-5.3c0-32.4 26.3-58.7 58.7-58.7H480V128c0-53-43-96-96-96H112zM464 480c61.9 0 112-50.1 112-112c0-8.8-7.2-16-16-16H314.7c-14.7 0-26.7 11.9-26.7 26.7V384c0 53-43 96-96 96H368h96z\"\/><\/svg>\n        \n        \n        \n            <\/div>\n    \n\n\n<\/div><h1 class=\"bde-heading-401-228 bde-heading\">\nSAMARBEID\n<\/h1><div class=\"bde-text-401-229 bde-text\">\nVi lykkes best sammen og bygger sterke relasjoner. Samarbeid handler om \u00e5 dele kunnskap, st\u00f8tte hverandre og feire felles suksess.\n<\/div>\n<\/div>\n<\/div><\/div>\n<\/section><section class=\"bde-section-401-209 bde-section\">\n  \n  \n\t\n\n\n\n<div class=\"section-container\"><\/div>\n<\/section><section class=\"bde-section-401-188 bde-section\">\n  \n  \n\t\n\n\n\n<div class=\"section-container\"><div class=\"bde-columns-401-189 bde-columns\"><div class=\"bde-column-401-190 bde-column\">\n  \n  \n\t\n\n\n\n<img decoding=\"async\" class=\"bde-image2-401-191 bde-image2\" src=\"https:\/\/aarbakke.wp1.hcweb.dev\/wp-content\/uploads\/2026\/02\/horsehsoe-scaled.jpg\" loading=\"lazy\" srcset=\"https:\/\/aarbakke.wp1.hcweb.dev\/wp-content\/uploads\/2026\/02\/horsehsoe-scaled.jpg 2560w, https:\/\/aarbakke.wp1.hcweb.dev\/wp-content\/uploads\/2026\/02\/horsehsoe-300x180.jpg 300w, https:\/\/aarbakke.wp1.hcweb.dev\/wp-content\/uploads\/2026\/02\/horsehsoe-1024x614.jpg 1024w, https:\/\/aarbakke.wp1.hcweb.dev\/wp-content\/uploads\/2026\/02\/horsehsoe-768x460.jpg 768w, https:\/\/aarbakke.wp1.hcweb.dev\/wp-content\/uploads\/2026\/02\/horsehsoe-1536x920.jpg 1536w, https:\/\/aarbakke.wp1.hcweb.dev\/wp-content\/uploads\/2026\/02\/horsehsoe-2048x1227.jpg 2048w\" sizes=\"(max-width: 2560px) 100vw, 2560px\" data-entrance=\"fade\">\n<\/div><div class=\"bde-column-401-192 bde-column\">\n  \n  \n\t\n\n\n\n<div class=\"bde-div-401-193 bde-div\">\n  \n  \n\t\n\n\n\n<h2 class=\"bde-heading-401-194 bde-heading\" data-entrance=\"fade\">\nV\u00e5r Historie\n<\/h2><div class=\"bde-text-401-195 bde-text\" data-entrance=\"fade\">\nInge Brigt Aarbakkes bestefar startet det hele i 1918 med produksjon av hestesko. Dette fortsatte frem til 1981, da Inge Brigt introduserte den f\u00f8rste CNC-maskinen.<br><br>I 1988 kj\u00f8pte Inge Brigt opp det lokale mekaniske selskapet J\u00e6r Mek, som kort tid etter ble innlemmet i Aarbakke AS. I 1990 fusjonerte Aarbakke AS med ingeni\u00f8rselskapet Njuma og etablerte dermed sin egen engineeringavdeling. To \u00e5r senere ble Aarbakke AS kj\u00f8pt av Nodeco, et selskap som hovedsakelig opererte innen kompletteringsutstyr for oljeindustrien. Nodeco ble senere kj\u00f8pt opp av Weatherford, et amerikansk oljeserviceselskap med global virksomhet.<br><br>I april 2000 kj\u00f8pte Inge Brigt Aarbakke AS tilbake, og selskapet ble igjen en selvstendig produksjonsbedrift med base p\u00e5 J\u00e6ren i Rogaland. V\u00e5ren 2003 flyttet Aarbakke inn i et helt nytt anlegg som hadde v\u00e6rt under planlegging over lang tid, noe som ga betydelig forbedret produksjonskapasitet for fremtiden.<br><br>Som f\u00f8lge av videre vekst og h\u00f8y ettersp\u00f8rsel ble lokalene utvidet i 2008 med en ny produksjonshall, nye kontorlokaler og en unik velv\u00e6reavdeling for ansatte, inkludert spa- og treningsfasiliteter. Samtidig ekspanderte Aarbakke internasjonalt sammen med de \u00f8vrige selskapene i Aarbakke Group.<br><br>I september 2025 gjennomf\u00f8rte Aarbakke en st\u00f8rre utvidelse med \u00e5pningen av en ny produksjonshall p\u00e5 10 000 m\u00b2. Denne utvidelsen inkluderte ogs\u00e5 installasjon av et helautomatisert Remmert-lagersystem, et nytt utsendelsesomr\u00e5de og et stort utend\u00f8rs lageromr\u00e5de for st\u00e5l.<br><br>Per mars 2026 har selskapet 350 ansatte og en omsetning p\u00e5 1 milliard kroner, med forventet videre vekst i \u00e5rene fremover. Omtrent 99 prosent av produksjonen er knyttet til energibransjen, med kunder blant annet innen subsea og oljeservice.\n<\/div>\n<\/div>\n<\/div><\/div><\/div>\n<\/section><section class=\"bde-section-401-205 bde-section\">\n  \n  \n\t\n\n\n\n<div class=\"section-container\"><div class=\"bde-video-401-207 bde-video\">\n<div class=\"ee-video-container\">\n            <video class=\"ee-video\" src=\"https:\/\/aarbakke.wp1.hcweb.dev\/wp-content\/uploads\/2026\/04\/EVERYSTEPCOUNTS_ENGLISH.mp4\"\n               autoplay='true'                controls='true'                                                muted='true'                controlslist=\"nodownload\"                playsinline\n>\n        <\/video>\n    \n    <\/div>\n\n<\/div><\/div>\n<\/section><section class=\"bde-section-401-199 bde-section\">\n              \n  \n  \n\t\n\n  <div class=\"section-background-overlay\"><\/div>\n\n\n<div class=\"section-container\"><div class=\"bde-div-401-200 bde-div\" data-entrance=\"fade\">\n  \n  \n\t\n\n\n\n<h2 class=\"bde-heading-401-201 bde-heading\">\nMake every step count\n<\/h2><div class=\"bde-button-401-202 bde-button\" data-entrance=\"fade\">\n    \n                        \n                        \n    \n    \n    \n    \n            \n                    \n            \n            \n\n    \n    \n    \n    \n    \n    <a class=\"breakdance-link button-atom button-atom--custom bde-button__button\" href=\"\/nb\/contact\/\" target=\"_self\" data-type=\"url\"  >\n\n    \n        <span class=\"button-atom__text\">Kontakt oss<\/span>\n\n        \n        \n                <\/a>\n\n    \n\n\n<\/div>\n<\/div><\/div>\n<\/section>","protected":false},"excerpt":{"rendered":"<p>ABOUT About Aarbakke Located in the heart of Norway\u2019s energy industry Our region is built on a strong industrial tradition\u2014where practical solutions meet real-world challenges. Aarbakke is shaped by this heritage, defined by passion, hard work, and continuous innovation. With roots dating back to 1918, and a strong focus on the energy sector since 1981, [&hellip;]<\/p>\n","protected":false},"author":2,"featured_media":0,"parent":0,"menu_order":0,"comment_status":"closed","ping_status":"closed","template":"","meta":{"_acf_changed":false,"_breakdance_hide_in_design_set":false,"_breakdance_tags":"","footnotes":""},"class_list":["post-401","page","type-page","status-publish","hentry"],"acf":[],"yoast_head":"<!-- This site is optimized with the Yoast SEO plugin v27.0 - https:\/\/yoast.com\/product\/yoast-seo-wordpress\/ -->\n<title>About - Aarbakke<\/title>\n<meta name=\"robots\" content=\"index, follow, max-snippet:-1, max-image-preview:large, max-video-preview:-1\" \/>\n<link rel=\"canonical\" href=\"https:\/\/www.aarbakke.no\/nb\/about\/\" \/>\n<meta property=\"og:locale\" content=\"nb_NO\" \/>\n<meta property=\"og:type\" content=\"article\" \/>\n<meta property=\"og:title\" content=\"About - Aarbakke\" \/>\n<meta property=\"og:description\" content=\"ABOUT About Aarbakke Located in the heart of Norway\u2019s energy industry Our region is built on a strong industrial tradition\u2014where practical solutions meet real-world challenges. Aarbakke is shaped by this heritage, defined by passion, hard work, and continuous innovation. With roots dating back to 1918, and a strong focus on the energy sector since 1981, [&hellip;]\" \/>\n<meta property=\"og:url\" content=\"https:\/\/www.aarbakke.no\/nb\/about\/\" \/>\n<meta property=\"og:site_name\" content=\"Aarbakke\" \/>\n<meta property=\"article:modified_time\" content=\"2026-04-23T07:09:46+00:00\" \/>\n<meta name=\"twitter:card\" content=\"summary_large_image\" \/>\n<meta name=\"twitter:label1\" content=\"Ansl. lesetid\" \/>\n\t<meta name=\"twitter:data1\" content=\"4 minutter\" \/>\n<script type=\"application\/ld+json\" class=\"yoast-schema-graph\">{\"@context\":\"https:\/\/schema.org\",\"@graph\":[{\"@type\":\"WebPage\",\"@id\":\"https:\/\/www.aarbakke.no\/about\/\",\"url\":\"https:\/\/www.aarbakke.no\/about\/\",\"name\":\"About - Aarbakke\",\"isPartOf\":{\"@id\":\"https:\/\/www.aarbakke.no\/#website\"},\"datePublished\":\"2026-02-17T10:13:39+00:00\",\"dateModified\":\"2026-04-23T07:09:46+00:00\",\"breadcrumb\":{\"@id\":\"https:\/\/www.aarbakke.no\/about\/#breadcrumb\"},\"inLanguage\":\"nb-NO\",\"potentialAction\":[{\"@type\":\"ReadAction\",\"target\":[\"https:\/\/www.aarbakke.no\/about\/\"]}]},{\"@type\":\"BreadcrumbList\",\"@id\":\"https:\/\/www.aarbakke.no\/about\/#breadcrumb\",\"itemListElement\":[{\"@type\":\"ListItem\",\"position\":1,\"name\":\"Home\",\"item\":\"https:\/\/www.aarbakke.no\/\"},{\"@type\":\"ListItem\",\"position\":2,\"name\":\"About\"}]},{\"@type\":\"WebSite\",\"@id\":\"https:\/\/www.aarbakke.no\/#website\",\"url\":\"https:\/\/www.aarbakke.no\/\",\"name\":\"Aarbakke\",\"description\":\"\",\"potentialAction\":[{\"@type\":\"SearchAction\",\"target\":{\"@type\":\"EntryPoint\",\"urlTemplate\":\"https:\/\/www.aarbakke.no\/?s={search_term_string}\"},\"query-input\":{\"@type\":\"PropertyValueSpecification\",\"valueRequired\":true,\"valueName\":\"search_term_string\"}}],\"inLanguage\":\"nb-NO\"}]}<\/script>\n<!-- \/ Yoast SEO plugin. -->","yoast_head_json":{"title":"About - Aarbakke","robots":{"index":"index","follow":"follow","max-snippet":"max-snippet:-1","max-image-preview":"max-image-preview:large","max-video-preview":"max-video-preview:-1"},"canonical":"https:\/\/www.aarbakke.no\/nb\/about\/","og_locale":"nb_NO","og_type":"article","og_title":"About - Aarbakke","og_description":"ABOUT About Aarbakke Located in the heart of Norway\u2019s energy industry Our region is built on a strong industrial tradition\u2014where practical solutions meet real-world challenges. Aarbakke is shaped by this heritage, defined by passion, hard work, and continuous innovation. With roots dating back to 1918, and a strong focus on the energy sector since 1981, [&hellip;]","og_url":"https:\/\/www.aarbakke.no\/nb\/about\/","og_site_name":"Aarbakke","article_modified_time":"2026-04-23T07:09:46+00:00","twitter_card":"summary_large_image","twitter_misc":{"Ansl. lesetid":"4 minutter"},"schema":{"@context":"https:\/\/schema.org","@graph":[{"@type":"WebPage","@id":"https:\/\/www.aarbakke.no\/about\/","url":"https:\/\/www.aarbakke.no\/about\/","name":"About - Aarbakke","isPartOf":{"@id":"https:\/\/www.aarbakke.no\/#website"},"datePublished":"2026-02-17T10:13:39+00:00","dateModified":"2026-04-23T07:09:46+00:00","breadcrumb":{"@id":"https:\/\/www.aarbakke.no\/about\/#breadcrumb"},"inLanguage":"nb-NO","potentialAction":[{"@type":"ReadAction","target":["https:\/\/www.aarbakke.no\/about\/"]}]},{"@type":"BreadcrumbList","@id":"https:\/\/www.aarbakke.no\/about\/#breadcrumb","itemListElement":[{"@type":"ListItem","position":1,"name":"Home","item":"https:\/\/www.aarbakke.no\/"},{"@type":"ListItem","position":2,"name":"About"}]},{"@type":"WebSite","@id":"https:\/\/www.aarbakke.no\/#website","url":"https:\/\/www.aarbakke.no\/","name":"Aarbakke","description":"","potentialAction":[{"@type":"SearchAction","target":{"@type":"EntryPoint","urlTemplate":"https:\/\/www.aarbakke.no\/?s={search_term_string}"},"query-input":{"@type":"PropertyValueSpecification","valueRequired":true,"valueName":"search_term_string"}}],"inLanguage":"nb-NO"}]}},"_links":{"self":[{"href":"https:\/\/www.aarbakke.no\/nb\/wp-json\/wp\/v2\/pages\/401","targetHints":{"allow":["GET"]}}],"collection":[{"href":"https:\/\/www.aarbakke.no\/nb\/wp-json\/wp\/v2\/pages"}],"about":[{"href":"https:\/\/www.aarbakke.no\/nb\/wp-json\/wp\/v2\/types\/page"}],"author":[{"embeddable":true,"href":"https:\/\/www.aarbakke.no\/nb\/wp-json\/wp\/v2\/users\/2"}],"replies":[{"embeddable":true,"href":"https:\/\/www.aarbakke.no\/nb\/wp-json\/wp\/v2\/comments?post=401"}],"version-history":[{"count":59,"href":"https:\/\/www.aarbakke.no\/nb\/wp-json\/wp\/v2\/pages\/401\/revisions"}],"predecessor-version":[{"id":2354,"href":"https:\/\/www.aarbakke.no\/nb\/wp-json\/wp\/v2\/pages\/401\/revisions\/2354"}],"wp:attachment":[{"href":"https:\/\/www.aarbakke.no\/nb\/wp-json\/wp\/v2\/media?parent=401"}],"curies":[{"name":"wp","href":"https:\/\/api.w.org\/{rel}","templated":true}]}}